{"id":10853,"date":"2024-07-12T14:44:17","date_gmt":"2024-07-12T12:44:17","guid":{"rendered":"https:\/\/www.astrategie.com\/our-agencies\/private-detective-le-cannet-06\/"},"modified":"2024-07-12T15:12:04","modified_gmt":"2024-07-12T13:12:04","slug":"private-detective-le-cannet-06","status":"publish","type":"page","link":"https:\/\/www.astrategie.com\/en\/our-agencies\/private-detective-le-cannet-06\/","title":{"rendered":"Private detective Le Cannet (06)"},"content":{"rendered":"<section class=\"l-section wpb_row us_custom_7a4a7026 height_medium full_height valign_center color_primary\"><div class=\"l-section-overlay\" style=\"background:rgba(0,0,0,0.60)\"><\/div><div class=\"l-section-h i-cf\"><div class=\"g-cols vc_row via_grid cols_1 laptops-cols_inherit tablets-cols_inherit mobiles-cols_1 valign_top type_default stacking_default\"><div data-us-scroll=\"{&quot;from_initial_position&quot;:&quot;0&quot;,&quot;start_position&quot;:&quot;50%&quot;,&quot;end_position&quot;:&quot;100%&quot;,&quot;delay&quot;:&quot;0.1s&quot;,&quot;translate_y_direction&quot;:&quot;down&quot;,&quot;translate_y_speed&quot;:&quot;0.5x&quot;}\" class=\"wpb_column vc_column_container has_scroll_effects has_translate_y\"><div class=\"vc_column-inner\"><h1 class=\"w-text us_custom_2088eb83\"><span class=\"w-text-h\"><span class=\"w-text-value\">Private detective Le Cannet, near Cannes and Nice (06)<\/span><\/span><\/h1><\/div><\/div><\/div><\/div><\/section><section class=\"l-section wpb_row height_custom\"><div class=\"l-section-h i-cf\"><div class=\"g-cols vc_row via_grid cols_2 laptops-cols_inherit tablets-cols_inherit mobiles-cols_1 valign_top type_default stacking_default\"><div class=\"wpb_column vc_column_container\"><div class=\"vc_column-inner\"><div class=\"wpb_text_column us_custom_df5f4c97 has_text_color\"><div class=\"wpb_wrapper\"><h2><strong>Our investigators in the field in Le Cannet<\/strong><\/h2>\n<\/div><\/div><div class=\"wpb_text_column us_custom_13a4bf06\"><div class=\"wpb_wrapper\"><p>Our team of private detectives in Le Cannet has carried out in-depth field investigations to offer you a detailed vision of this charming town. Located between Cannes and the <a href=\"https:\/\/www.astrategie.com\/en\/our-agencies\/nice-agency\/\">city of Nice<\/a> , Le Cannet is distinguished by its peaceful residential areas, its flowery gardens, and its friendly atmosphere. Whether on the quiet streets or at local events, Le Cannet holds its own mysteries and secrets.<\/p>\n<p>Between personal and professional challenges, Aquila Strat\u00e9gie is your trusted partner in Le Cannet. We offer our expertise to resolve a variety of disputes and sensitive issues. Whether you are a resident of Le Cannet, a local business or a legal professional, we are ready to clarify the gray areas and reveal the hidden truth.<\/p>\n<\/div><\/div><\/div><\/div><div class=\"wpb_column vc_column_container\"><div class=\"vc_column-inner\"><h2 class=\"w-text us_custom_fd686239 has_text_color\"><span class=\"w-text-h\"><span class=\"w-text-value\">Contact us to find out the truth<\/span><\/span><\/h2><div class=\"w-separator size_small\"><\/div><form class=\"w-form  us-field-style_1 layout_ver show_message_after_sending for_cform us_form_1\" action=\"https:\/\/www.astrategie.com\/en\/wp-json\/wp\/v2\/pages\/10853\" method=\"post\"><div class=\"w-form-h\"><div class=\"w-form-row for_text with_icon\">\r\n\t\t<div class=\"w-form-row-field\">\r\n\t\t\t\t<i class=\"material-icons\">person<\/i>\t\t<input aria-label=\"First and last name\" type=\"text\" name=\"us_form_1_text_1\" value placeholder=\"First and last name\"\/>\r\n\t\t\t<\/div>\r\n\t\t<div class=\"w-form-row-state\">Fill out this field<\/div>\r\n<\/div>\r\n<div class=\"w-form-row for_email required with_icon\">\r\n\t\t<div class=\"w-form-row-field\">\r\n\t\t\t\t<i class=\"material-icons\">mail<\/i>\t\t<input aria-label=\"Mail address\" type=\"email\" name=\"us_form_1_email_1\" value placeholder=\"Mail address *\" data-required=\"true\" aria-required=\"true\"\/>\r\n\t\t\t<\/div>\r\n\t\t<div class=\"w-form-row-state\">Please enter a valid email address.<\/div>\r\n<\/div>\r\n<div class=\"w-form-row for_text with_icon\">\r\n\t\t<div class=\"w-form-row-field\">\r\n\t\t\t\t<i class=\"material-icons\">phone<\/i>\t\t<input aria-label=\"Phone\" inputmode=\"tel\" type=\"text\" name=\"us_form_1_text_2\" value placeholder=\"Phone\"\/>\r\n\t\t\t<\/div>\r\n\t\t<div class=\"w-form-row-state\">Fill out this field<\/div>\r\n<\/div>\r\n<div class=\"w-form-row for_textarea required with_icon\">\r\n\t\t<div class=\"w-form-row-field\">\r\n\t\t\t\t<i class=\"material-icons\">create<\/i>\t\t<textarea aria-label=\"Message\" name=\"us_form_1_textarea_1\" placeholder=\"Message *\" data-required=\"true\" aria-required=\"true\"><\/textarea>\r\n\t\t\t<\/div>\r\n\t\t<div class=\"w-form-row-state\">Fill out this field<\/div>\r\n<\/div>\r\n<input type=\"hidden\" name=\"action\" value=\"us_ajax_cform\" \/>\r\n<input type=\"hidden\" name=\"post_id\" value=\"0\" \/>\r\n<input type=\"hidden\" name=\"form_index\" value=\"1\" \/>\r\n<div class=\"w-form-row for_submit align_none\"><button class=\"w-btn us-btn-style_1\" type=\"submit\" aria-label=\"Submit\"><span class=\"g-preloader type_1\"><\/span><span class=\"w-btn-label\">Submit<\/span><\/button><\/div><\/div><div class=\"w-form-message\"><\/div><div class=\"w-form-json hidden\" onclick='return {&quot;ajaxurl&quot;:&quot;https:\\\/\\\/www.astrategie.com\\\/wp-admin\\\/admin-ajax.php&quot;,&quot;messages&quot;:{&quot;err_empty&quot;:&quot;Fill out this field&quot;,&quot;err_size&quot;:&quot;File size cannot exceed %s MB&quot;,&quot;err_extension&quot;:&quot;%s file type is not allowed&quot;,&quot;err_recaptcha_keys&quot;:&quot;reCAPTCHA keys are incorrect&quot;}}'><\/div><\/form><div class=\"w-separator size_small\"><\/div><\/div><\/div><\/div><\/div><\/section><section class=\"l-section wpb_row height_large\"><div class=\"l-section-overlay\" style=\"background:var(--color-header-transparent-bg)\"><\/div><div class=\"l-section-h i-cf\"><div class=\"g-cols vc_row via_grid cols_1 laptops-cols_inherit tablets-cols_inherit mobiles-cols_1 valign_top type_default stacking_default\"><div class=\"wpb_column vc_column_container\"><div class=\"vc_column-inner\"><div class=\"w-separator size_large\"><\/div><div class=\"g-cols wpb_row via_grid cols_2 laptops-cols_inherit tablets-cols_inherit mobiles-cols_1 valign_middle type_default reversed stacking_default\" style=\"--columns-gap:4vw;\"><div class=\"wpb_column vc_column_container\"><div class=\"vc_column-inner\"><div class=\"w-image has_ratio align_none\"><div class=\"w-image-h\"><div style=\"padding-bottom:100%\"><\/div><img decoding=\"async\" width=\"1024\" height=\"1024\" src=\"https:\/\/www.astrategie.com\/wp-content\/uploads\/2024\/07\/detective-prive-le-cannet-nice-aquila-strategie-1024x1024-1.webp\" class=\"attachment-large size-large\" alt=\"D\u00e9tective priv\u00e9 Aquila Strat\u00e9gie Cannet - Nice\" loading=\"lazy\" \/><\/div><\/div><\/div><\/div><div class=\"wpb_column vc_column_container\"><div class=\"vc_column-inner\"><div class=\"wpb_text_column us_custom_432d3f53\"><div class=\"wpb_wrapper\"><h2 style=\"text-align: left;\">Residents of Cannet, we answer your questions<\/h2>\n<p>As residents of Le Cannet, you may be faced with delicate situations requiring a professional and discreet investigation. Whether you are looking to obtain evidence of infidelity, find a missing person, or resolve family disputes, our team is at your disposal. We intervene with discretion and professionalism to respond to all your concerns.<\/p>\n<h2 style=\"text-align: left;\">Businesses, your support in commercial investigations<\/h2>\n<p>Companies in Le Cannet can also count on our expertise for various commercial investigations. Personnel monitoring, financial investigations, verification of abusive work stoppages or fight against unfair competition, we protect the interests of your company. Our rigorous and discreet approach guarantees reliable and usable results.<\/p>\n<\/div><\/div><\/div><\/div><\/div><div class=\"w-separator size_large\"><\/div><div class=\"g-cols wpb_row via_grid cols_2 laptops-cols_inherit tablets-cols_inherit mobiles-cols_1 valign_middle type_default stacking_default\" style=\"--columns-gap:4vw;\"><div class=\"wpb_column vc_column_container\"><div class=\"vc_column-inner\"><div class=\"wpb_text_column us_custom_d6b04a95\"><div class=\"wpb_wrapper\"><h2 style=\"text-align: left;\"><strong>Legal professionals: your investigation partner<\/strong><\/h2>\n<p>We work closely with legal professionals such as Ma\u00eetre Anne-C\u00e9cile Langlet, <a href=\"https:\/\/www.langlet-avocat.com\/\" target=\"_blank\" rel=\"noopener\">Lawyer in Hy\u00e8res<\/a> . Before, during or after a procedure, our team provides valuable assistance in obtaining solid evidence or reopening investigations. Whether for civil or criminal cases, our expertise in legal investigation is an essential asset for the success of your cases.<\/p>\n<h2 style=\"text-align: left;\"><strong>Your solution for discreet investigations<\/strong><\/h2>\n<p>In Cannet, just as in Cannes, Nice and Monaco, trust Aquila Strat\u00e9gie to resolve your problems efficiently and professionally. Contact us today for a confidential consultation and find out how we can help you get to the truth, with the evidence to back it up. Our discreet and in-depth investigations are designed to meet your specific needs, providing you with tailor-made solutions.<\/p>\n<\/div><\/div><\/div><\/div><div class=\"wpb_column vc_column_container\"><div class=\"vc_column-inner\"><div class=\"w-image has_ratio align_none\"><div class=\"w-image-h\"><div style=\"padding-bottom:100%\"><\/div><img decoding=\"async\" width=\"1024\" height=\"473\" src=\"https:\/\/www.astrategie.com\/wp-content\/uploads\/2024\/04\/detective-prive-saint-tropez-aquila-strategie-1-1024x473.jpg\" class=\"attachment-large size-large\" alt=\"Main qui prend un appareil photo\" loading=\"lazy\" \/><\/div><\/div><\/div><\/div><\/div><\/div><\/div><\/div><\/div><\/section><section class=\"l-section wpb_row us_custom_dfeae119 height_large\"><div class=\"l-section-overlay\" style=\"background:var(--color-header-middle-bg)\"><\/div><div class=\"l-section-h i-cf\"><div class=\"g-cols vc_row via_grid cols_1 laptops-cols_inherit tablets-cols_inherit mobiles-cols_1 valign_top type_default stacking_default\"><div class=\"wpb_column vc_column_container\"><div class=\"vc_column-inner\"><div class=\"wpb_text_column us_custom_df5f4c97 has_text_color\"><div class=\"wpb_wrapper\"><h2 class=\"wp-block-heading has-text-align-center text-primary\" style=\"text-align: center;\">The company Aquila Strat\u00e9gie<\/h2>\n<\/div><\/div><div class=\"w-separator size_medium\"><\/div><div class=\"w-video align_none ratio_16x9 has_iframe\"><div class=\"w-video-h\"><iframe title=\"Youtube video player\" src=\"\/\/www.youtube.com\/embed\/m-Zz0JxMsKQ?autoplay=0&controls=1&origin=https:\/\/www.astrategie.com\/en\/&loop=0&mute=0\" allowfullscreen=\"1\" loading=\"lazy\"><\/iframe><\/div><\/div><\/div><\/div><\/div><\/div><\/section><section class=\"l-section wpb_row height_custom\"><div class=\"l-section-h i-cf\"><div class=\"g-cols vc_row via_grid cols_1 laptops-cols_inherit tablets-cols_inherit mobiles-cols_1 valign_top type_default stacking_default\"><div class=\"wpb_column vc_column_container\"><div class=\"vc_column-inner\"><div class=\"wpb_text_column us_custom_80a192e9\"><div class=\"wpb_wrapper\"><h2 style=\"font-size: 15px;\"><strong>List of surrounding towns served by Aquila Strat\u00e9gie<\/strong> :<\/h2>\n<\/div><\/div><div class=\"wpb_text_column us_custom_6f9c3709\"><div class=\"wpb_wrapper\"><ul>\n<li>Aquila Strat\u00e9gie: <a href=\"https:\/\/www.astrategie.com\/nos-agences\/detective-prive-cannes\/\">private detectives in Cannes<\/a><\/li>\n<li><a href=\"https:\/\/www.astrategie.com\/en\/our-agencies\/nice-agency\/\">Private detective Nice<\/a> : Aquila Strat\u00e9gie<\/li>\n<li>Aquila Strat\u00e9gie: private detectives in Grasse<\/li>\n<li><a href=\"https:\/\/www.astrategie.com\/en\/our-agencies\/antibes-agency\/\">Private detective Antibes<\/a> : Aquila Strat\u00e9gie<\/li>\n<li>Aquila Strat\u00e9gie: private detectives in Cagnes-sur-Mer<\/li>\n<li>Private detective Mougins: Aquila Strat\u00e9gie<\/li>\n<li>Aquila Strat\u00e9gie: private detectives in Vallauris<\/li>\n<li>Private detective Mandelieu-la-Napoule: Aquila Strat\u00e9gie<\/li>\n<li>Aquila Strat\u00e9gie: private detectives in Valbonne<\/li>\n<li>Private detective Biot: Aquila Strategy<\/li>\n<li>Aquila Strat\u00e9gie: private detectives in Villefranche-sur-Mer<\/li>\n<li>Private detective Roquefort-les-Pins: Aquila Strat\u00e9gie<\/li>\n<\/ul>\n<\/div><\/div><\/div><\/div><\/div><\/div><\/section><section class=\"l-section wpb_row height_auto width_full\"><div class=\"l-section-overlay\" style=\"background:var(--color-header-middle-bg)\"><\/div><div class=\"l-section-h i-cf\"><div class=\"g-cols vc_row via_grid cols_1 laptops-cols_inherit tablets-cols_inherit mobiles-cols_1 valign_top type_default stacking_default\"><div class=\"wpb_column vc_column_container\"><div class=\"vc_column-inner\"><section class=\"l-section wpb_row us_custom_f6b110f6 height_huge\"><div class=\"l-section-overlay\" style=\"background:var(--color-header-middle-text-hover)\"><\/div><div class=\"l-section-h i-cf\"><div class=\"g-cols vc_row via_grid cols_2 laptops-cols_inherit tablets-cols_inherit mobiles-cols_1 valign_top type_default stacking_default\"><div class=\"wpb_column vc_column_container\"><div class=\"vc_column-inner\"><h2 class=\"w-text us_custom_8b3d6790 has_text_color\"><span class=\"w-text-h\"><span class=\"w-text-value\">Where do we intervene?<\/span><\/span><\/h2><\/div><\/div><div class=\"wpb_column vc_column_container\"><div class=\"vc_column-inner\"><div class=\"wpb_text_column us_custom_8f7f4901 has_text_color\"><div class=\"wpb_wrapper\"><div class=\"wp-block-columns py-8 full-width is-layout-flex wp-container-core-columns-layout-18 wp-block-columns-is-layout-flex\">\n<div class=\"wp-block-column container mx-auto is-layout-flow wp-block-column-is-layout-flow\">\n<p>Aquila Strat\u00e9gie is available to you <strong>24\/7<\/strong>. Your <strong>private detective<\/strong> agency has a wide area of \u200b\u200bintervention. For <strong>Fr\u00e9jus<\/strong> , we are at your disposal to investigate in Saint Tropez, Puget-sur-Argens, Roquebrune-sur-Argens, Sainte-Maxime, Mandelieu, Vidauban, Draguignan, Cogolin, Cannes, Le Cannet, Mougins, Grasse, Vallauris, Valbonne , Antibes\u2026<\/p>\n<\/div>\n<\/div>\n<\/div><\/div><\/div><\/div><\/div><\/div><\/section>\n<\/div><\/div><\/div><\/div><\/section>\n","protected":false},"excerpt":{"rendered":"Private detective Le Cannet, near Cannes and Nice (06)Our investigators in the field in Le Cannet Our team of private detectives in Le Cannet has carried out in-depth field investigations to offer you a detailed vision of this charming town. Located between Cannes and the city of Nice , Le Cannet is distinguished by its...","protected":false},"author":2,"featured_media":0,"parent":9595,"menu_order":6,"comment_status":"closed","ping_status":"closed","template":"","meta":{"footnotes":""},"class_list":["post-10853","page","type-page","status-publish","hentry"],"yoast_head":"<!-- This site is optimized with the Yoast SEO plugin v27.3 - https:\/\/yoast.com\/product\/yoast-seo-wordpress\/ -->\n<title>Private detective Le Cannet (06) - Aquila Strat\u00e9gie - D\u00e9tective priv\u00e9<\/title>\n<meta name=\"robots\" content=\"index, follow, max-snippet:-1, max-image-preview:large, max-video-preview:-1\" \/>\n<link rel=\"canonical\" href=\"https:\/\/www.astrategie.com\/nos-agences\/detective-prive-le-cannet-06\/\" \/>\n<meta property=\"og:locale\" content=\"en_US\" \/>\n<meta property=\"og:type\" content=\"article\" \/>\n<meta property=\"og:title\" content=\"Private detective Le Cannet (06) - Aquila Strat\u00e9gie - D\u00e9tective priv\u00e9\" \/>\n<meta property=\"og:url\" content=\"https:\/\/www.astrategie.com\/nos-agences\/detective-prive-le-cannet-06\/\" \/>\n<meta property=\"og:site_name\" content=\"Aquila Strat\u00e9gie - D\u00e9tective priv\u00e9\" \/>\n<meta property=\"article:publisher\" content=\"https:\/\/www.facebook.com\/people\/Aquila-Stratgie-Cabinet-de-dtective-priv\/100078759792102\/?viewas&amp;show_switched_toast=false&amp;show_switched_tooltip=false&amp;is_tour_dismissed=false&amp;is_tour_completed=false&amp;show_podcast_settings=false&amp;show_community_review_changes=false&amp;should_open_composer=false&amp;badge_type=NEW_MEMBER&amp;show_community_rollback_toast=false&amp;show_community_rollback=false&amp;show_follower_visibility_disclosure=false&amp;bypass_exit_warning=true\" \/>\n<meta property=\"article:modified_time\" content=\"2024-07-12T13:12:04+00:00\" \/>\n<meta name=\"twitter:card\" content=\"summary_large_image\" \/>\n<meta name=\"twitter:label1\" content=\"Est. reading time\" \/>\n\t<meta name=\"twitter:data1\" content=\"6 minutes\" \/>\n<script type=\"application\/ld+json\" class=\"yoast-schema-graph\">{\"@context\":\"https:\\\/\\\/schema.org\",\"@graph\":[{\"@type\":\"WebPage\",\"@id\":\"https:\\\/\\\/www.astrategie.com\\\/nos-agences\\\/detective-prive-le-cannet-06\\\/\",\"url\":\"https:\\\/\\\/www.astrategie.com\\\/nos-agences\\\/detective-prive-le-cannet-06\\\/\",\"name\":\"Private detective Le Cannet (06) - Aquila Strat\u00e9gie - D\u00e9tective priv\u00e9\",\"isPartOf\":{\"@id\":\"https:\\\/\\\/www.astrategie.com\\\/#website\"},\"datePublished\":\"2024-07-12T12:44:17+00:00\",\"dateModified\":\"2024-07-12T13:12:04+00:00\",\"breadcrumb\":{\"@id\":\"https:\\\/\\\/www.astrategie.com\\\/nos-agences\\\/detective-prive-le-cannet-06\\\/#breadcrumb\"},\"inLanguage\":\"en-US\",\"potentialAction\":[{\"@type\":\"ReadAction\",\"target\":[\"https:\\\/\\\/www.astrategie.com\\\/nos-agences\\\/detective-prive-le-cannet-06\\\/\"]}]},{\"@type\":\"BreadcrumbList\",\"@id\":\"https:\\\/\\\/www.astrategie.com\\\/nos-agences\\\/detective-prive-le-cannet-06\\\/#breadcrumb\",\"itemListElement\":[{\"@type\":\"ListItem\",\"position\":1,\"name\":\"Accueil\",\"item\":\"https:\\\/\\\/www.astrategie.com\\\/\"},{\"@type\":\"ListItem\",\"position\":2,\"name\":\"Our agencies\",\"item\":\"https:\\\/\\\/www.astrategie.com\\\/nos-agences\\\/\"},{\"@type\":\"ListItem\",\"position\":3,\"name\":\"Private detective Le Cannet (06)\"}]},{\"@type\":\"WebSite\",\"@id\":\"https:\\\/\\\/www.astrategie.com\\\/#website\",\"url\":\"https:\\\/\\\/www.astrategie.com\\\/\",\"name\":\"Aquila Strat\u00e9gie d\u00e9tective\",\"description\":\"Cabinet de d\u00e9tective priv\u00e9\",\"publisher\":{\"@id\":\"https:\\\/\\\/www.astrategie.com\\\/#organization\"},\"alternateName\":\"Aquila Strat\u00e9gie\",\"potentialAction\":[{\"@type\":\"SearchAction\",\"target\":{\"@type\":\"EntryPoint\",\"urlTemplate\":\"https:\\\/\\\/www.astrategie.com\\\/?s={search_term_string}\"},\"query-input\":{\"@type\":\"PropertyValueSpecification\",\"valueRequired\":true,\"valueName\":\"search_term_string\"}}],\"inLanguage\":\"en-US\"},{\"@type\":\"Organization\",\"@id\":\"https:\\\/\\\/www.astrategie.com\\\/#organization\",\"name\":\"D\u00e9tective Priv\u00e9 Aquila Strat\u00e9gie\",\"alternateName\":\"Aquila Strat\u00e9gie d\u00e9tective\",\"url\":\"https:\\\/\\\/www.astrategie.com\\\/\",\"logo\":{\"@type\":\"ImageObject\",\"inLanguage\":\"en-US\",\"@id\":\"https:\\\/\\\/www.astrategie.com\\\/#\\\/schema\\\/logo\\\/image\\\/\",\"url\":\"https:\\\/\\\/www.astrategie.com\\\/wp-content\\\/uploads\\\/2017\\\/07\\\/Aquila-strategie-logo-detective-toulon-nice-monaco-blk.png\",\"contentUrl\":\"https:\\\/\\\/www.astrategie.com\\\/wp-content\\\/uploads\\\/2017\\\/07\\\/Aquila-strategie-logo-detective-toulon-nice-monaco-blk.png\",\"width\":529,\"height\":180,\"caption\":\"D\u00e9tective Priv\u00e9 Aquila Strat\u00e9gie\"},\"image\":{\"@id\":\"https:\\\/\\\/www.astrategie.com\\\/#\\\/schema\\\/logo\\\/image\\\/\"},\"sameAs\":[\"https:\\\/\\\/www.facebook.com\\\/people\\\/Aquila-Stratgie-Cabinet-de-dtective-priv\\\/100078759792102\\\/?viewas&show_switched_toast=false&show_switched_tooltip=false&is_tour_dismissed=false&is_tour_completed=false&show_podcast_settings=false&show_community_review_changes=false&should_open_composer=false&badge_type=NEW_MEMBER&show_community_rollback_toast=false&show_community_rollback=false&show_follower_visibility_disclosure=false&bypass_exit_warning=true\",\"https:\\\/\\\/www.instagram.com\\\/aquilastrategiedetective\\\/\",\"https:\\\/\\\/www.linkedin.com\\\/company\\\/aquila-stratgie\\\/\"]}]}<\/script>\n<!-- \/ Yoast SEO plugin. -->","yoast_head_json":{"title":"Private detective Le Cannet (06) - Aquila Strat\u00e9gie - D\u00e9tective priv\u00e9","robots":{"index":"index","follow":"follow","max-snippet":"max-snippet:-1","max-image-preview":"max-image-preview:large","max-video-preview":"max-video-preview:-1"},"canonical":"https:\/\/www.astrategie.com\/nos-agences\/detective-prive-le-cannet-06\/","og_locale":"en_US","og_type":"article","og_title":"Private detective Le Cannet (06) - Aquila Strat\u00e9gie - D\u00e9tective priv\u00e9","og_url":"https:\/\/www.astrategie.com\/nos-agences\/detective-prive-le-cannet-06\/","og_site_name":"Aquila Strat\u00e9gie - D\u00e9tective priv\u00e9","article_publisher":"https:\/\/www.facebook.com\/people\/Aquila-Stratgie-Cabinet-de-dtective-priv\/100078759792102\/?viewas&show_switched_toast=false&show_switched_tooltip=false&is_tour_dismissed=false&is_tour_completed=false&show_podcast_settings=false&show_community_review_changes=false&should_open_composer=false&badge_type=NEW_MEMBER&show_community_rollback_toast=false&show_community_rollback=false&show_follower_visibility_disclosure=false&bypass_exit_warning=true","article_modified_time":"2024-07-12T13:12:04+00:00","twitter_card":"summary_large_image","twitter_misc":{"Est. reading time":"6 minutes"},"schema":{"@context":"https:\/\/schema.org","@graph":[{"@type":"WebPage","@id":"https:\/\/www.astrategie.com\/nos-agences\/detective-prive-le-cannet-06\/","url":"https:\/\/www.astrategie.com\/nos-agences\/detective-prive-le-cannet-06\/","name":"Private detective Le Cannet (06) - Aquila Strat\u00e9gie - D\u00e9tective priv\u00e9","isPartOf":{"@id":"https:\/\/www.astrategie.com\/#website"},"datePublished":"2024-07-12T12:44:17+00:00","dateModified":"2024-07-12T13:12:04+00:00","breadcrumb":{"@id":"https:\/\/www.astrategie.com\/nos-agences\/detective-prive-le-cannet-06\/#breadcrumb"},"inLanguage":"en-US","potentialAction":[{"@type":"ReadAction","target":["https:\/\/www.astrategie.com\/nos-agences\/detective-prive-le-cannet-06\/"]}]},{"@type":"BreadcrumbList","@id":"https:\/\/www.astrategie.com\/nos-agences\/detective-prive-le-cannet-06\/#breadcrumb","itemListElement":[{"@type":"ListItem","position":1,"name":"Accueil","item":"https:\/\/www.astrategie.com\/"},{"@type":"ListItem","position":2,"name":"Our agencies","item":"https:\/\/www.astrategie.com\/nos-agences\/"},{"@type":"ListItem","position":3,"name":"Private detective Le Cannet (06)"}]},{"@type":"WebSite","@id":"https:\/\/www.astrategie.com\/#website","url":"https:\/\/www.astrategie.com\/","name":"Aquila Strat\u00e9gie d\u00e9tective","description":"Cabinet de d\u00e9tective priv\u00e9","publisher":{"@id":"https:\/\/www.astrategie.com\/#organization"},"alternateName":"Aquila Strat\u00e9gie","potentialAction":[{"@type":"SearchAction","target":{"@type":"EntryPoint","urlTemplate":"https:\/\/www.astrategie.com\/?s={search_term_string}"},"query-input":{"@type":"PropertyValueSpecification","valueRequired":true,"valueName":"search_term_string"}}],"inLanguage":"en-US"},{"@type":"Organization","@id":"https:\/\/www.astrategie.com\/#organization","name":"D\u00e9tective Priv\u00e9 Aquila Strat\u00e9gie","alternateName":"Aquila Strat\u00e9gie d\u00e9tective","url":"https:\/\/www.astrategie.com\/","logo":{"@type":"ImageObject","inLanguage":"en-US","@id":"https:\/\/www.astrategie.com\/#\/schema\/logo\/image\/","url":"https:\/\/www.astrategie.com\/wp-content\/uploads\/2017\/07\/Aquila-strategie-logo-detective-toulon-nice-monaco-blk.png","contentUrl":"https:\/\/www.astrategie.com\/wp-content\/uploads\/2017\/07\/Aquila-strategie-logo-detective-toulon-nice-monaco-blk.png","width":529,"height":180,"caption":"D\u00e9tective Priv\u00e9 Aquila Strat\u00e9gie"},"image":{"@id":"https:\/\/www.astrategie.com\/#\/schema\/logo\/image\/"},"sameAs":["https:\/\/www.facebook.com\/people\/Aquila-Stratgie-Cabinet-de-dtective-priv\/100078759792102\/?viewas&show_switched_toast=false&show_switched_tooltip=false&is_tour_dismissed=false&is_tour_completed=false&show_podcast_settings=false&show_community_review_changes=false&should_open_composer=false&badge_type=NEW_MEMBER&show_community_rollback_toast=false&show_community_rollback=false&show_follower_visibility_disclosure=false&bypass_exit_warning=true","https:\/\/www.instagram.com\/aquilastrategiedetective\/","https:\/\/www.linkedin.com\/company\/aquila-stratgie\/"]}]}},"_links":{"self":[{"href":"https:\/\/www.astrategie.com\/en\/wp-json\/wp\/v2\/pages\/10853","targetHints":{"allow":["GET"]}}],"collection":[{"href":"https:\/\/www.astrategie.com\/en\/wp-json\/wp\/v2\/pages"}],"about":[{"href":"https:\/\/www.astrategie.com\/en\/wp-json\/wp\/v2\/types\/page"}],"author":[{"embeddable":true,"href":"https:\/\/www.astrategie.com\/en\/wp-json\/wp\/v2\/users\/2"}],"replies":[{"embeddable":true,"href":"https:\/\/www.astrategie.com\/en\/wp-json\/wp\/v2\/comments?post=10853"}],"version-history":[{"count":2,"href":"https:\/\/www.astrategie.com\/en\/wp-json\/wp\/v2\/pages\/10853\/revisions"}],"predecessor-version":[{"id":10855,"href":"https:\/\/www.astrategie.com\/en\/wp-json\/wp\/v2\/pages\/10853\/revisions\/10855"}],"up":[{"embeddable":true,"href":"https:\/\/www.astrategie.com\/en\/wp-json\/wp\/v2\/pages\/9595"}],"wp:attachment":[{"href":"https:\/\/www.astrategie.com\/en\/wp-json\/wp\/v2\/media?parent=10853"}],"curies":[{"name":"wp","href":"https:\/\/api.w.org\/{rel}","templated":true}]}}