{"id":9595,"date":"2024-02-28T15:55:17","date_gmt":"2024-02-28T14:55:17","guid":{"rendered":"https:\/\/www.astrategie.fr\/our-agencies\/"},"modified":"2025-10-01T14:51:09","modified_gmt":"2025-10-01T12:51:09","slug":"our-agencies","status":"publish","type":"page","link":"https:\/\/www.astrategie.com\/en\/our-agencies\/","title":{"rendered":"Our agencies"},"content":{"rendered":"<section class=\"l-section wpb_row us_custom_81ad039a height_medium full_height valign_center color_primary\"><div class=\"l-section-overlay\" style=\"background:rgba(0,0,0,0.60)\"><\/div><div class=\"l-section-h i-cf\"><div class=\"g-cols vc_row via_grid cols_1 laptops-cols_inherit tablets-cols_inherit mobiles-cols_1 valign_top type_default stacking_default\"><div data-us-scroll=\"{&quot;from_initial_position&quot;:&quot;0&quot;,&quot;start_position&quot;:&quot;50%&quot;,&quot;end_position&quot;:&quot;100%&quot;,&quot;delay&quot;:&quot;0.1s&quot;,&quot;translate_y_direction&quot;:&quot;down&quot;,&quot;translate_y_speed&quot;:&quot;0.5x&quot;}\" class=\"wpb_column vc_column_container has_scroll_effects has_translate_y\"><div class=\"vc_column-inner\"><h1 class=\"w-text us_custom_cb75822d\"><span class=\"w-text-h\"><span class=\"w-text-value\">Our agencies<\/span><\/span><\/h1><\/div><\/div><\/div><\/div><\/section><section class=\"l-section wpb_row height_auto width_full\"><div class=\"l-section-h i-cf\"><div class=\"g-cols vc_row via_grid cols_1 laptops-cols_inherit tablets-cols_inherit mobiles-cols_1 valign_top type_default stacking_default\"><div class=\"wpb_column vc_column_container\"><div class=\"vc_column-inner\"><div class=\"w-separator size_medium\"><\/div><section class=\"l-section wpb_row us_custom_c81e51a0 height_auto\"><div class=\"l-section-h i-cf\"><div class=\"g-cols vc_row via_grid cols_1 laptops-cols_inherit tablets-cols_inherit mobiles-cols_1 valign_top type_default stacking_default\"><div class=\"wpb_column vc_column_container\"><div class=\"vc_column-inner\"><div class=\"wpb_text_column us_custom_1e7b63d0 has_text_color\"><div class=\"wpb_wrapper\"><h2 class=\"wp-block-heading has-text-align-center text-primary\" style=\"text-align: center;\">Come meet us<\/h2>\n<\/div><\/div><\/div><\/div><\/div><\/div><\/section><section class=\"l-section wpb_row us_custom_646489f7 height_small width_full\"><div class=\"l-section-h i-cf\"><div class=\"g-cols vc_row via_grid cols_4 laptops-cols_inherit tablets-cols_inherit mobiles-cols_1 valign_top type_default stacking_default\"><div class=\"wpb_column vc_column_container us_custom_6b250f4c us_animate_this\"><div class=\"vc_column-overlay\" style=\"background:#ffffff\"><\/div><div class=\"vc_column-inner\"><div class=\"w-image align_none\"><a href=\"https:\/\/www.astrategie.com\/en\/our-agencies\/marseille-agency\/\" aria-label=\"Detective-privee-agree-bouche-rhone-marseille\" class=\"w-image-h\"><img decoding=\"async\" width=\"904\" height=\"602\" src=\"https:\/\/www.astrategie.com\/wp-content\/uploads\/2024\/06\/Detective-privee-agree-bouche-rhone-marseille.webp\" class=\"attachment-large size-large\" alt=\"D\u00e9tective priv\u00e9 bouches du Rhone - Marseille\" loading=\"lazy\" srcset=\"https:\/\/www.astrategie.com\/wp-content\/uploads\/2024\/06\/Detective-privee-agree-bouche-rhone-marseille.webp 904w, https:\/\/www.astrategie.com\/wp-content\/uploads\/2024\/06\/Detective-privee-agree-bouche-rhone-marseille-300x200.webp 300w\" sizes=\"auto, (max-width: 904px) 100vw, 904px\" \/><\/a><\/div><div class=\"w-separator size_small\"><\/div><div class=\"wpb_text_column us_custom_d3c66fce has_text_color\"><div class=\"wpb_wrapper\"><h3 style=\"text-align: center;\"><span style=\"color: #333333;\"><a style=\"color: #333333;\" href=\"https:\/\/www.astrategie.com\/en\/our-agencies\/marseille-agency\/\">Marseille agency<\/a><\/span><\/h3>\n<\/div><\/div><div class=\"w-separator size_small\"><\/div><div class=\"w-iconbox us_custom_33c3a0a5 iconpos_left style_default color_primary align_left no_text\"><div class=\"w-iconbox-icon\" style=\"font-size:;\"><i class=\"far fa-map-marker-alt\"><\/i><\/div><div class=\"w-iconbox-meta\"><div class=\"w-iconbox-title\">97 Rue Sauveur Tobelem<br \/>\n13007 Marseille<\/div><\/div><\/div><div class=\"w-iconbox us_custom_33c3a0a5 iconpos_left style_default color_primary align_left no_text\"><a href=\"tel:0494239913\" class=\"w-iconbox-link\" aria-label=\"04 94 23 99 13\"><div class=\"w-iconbox-icon\" style=\"font-size:;\"><i class=\"far fa-phone\"><\/i><\/div><\/a><div class=\"w-iconbox-meta\"><div class=\"w-iconbox-title\"><a href=\"tel:0494239913\" class=\"w-iconbox-link\" aria-label=\"04 94 23 99 13\">04 94 23 99 13<\/a><\/div><\/div><\/div><div class=\"w-iconbox us_custom_33c3a0a5 iconpos_left style_default color_primary align_left no_text\"><a href=\"mailto:agence.marseille@astrategie.com\" class=\"w-iconbox-link\" aria-label=\"agency.marseille@astrategie.com\"><div class=\"w-iconbox-icon\" style=\"font-size:;\"><i class=\"far fa-envelope\"><\/i><\/div><\/a><div class=\"w-iconbox-meta\"><div class=\"w-iconbox-title\"><a href=\"mailto:agence.marseille@astrategie.com\" class=\"w-iconbox-link\" aria-label=\"agency.marseille@astrategie.com\">agency.marseille@astrategie.com<\/a><\/div><\/div><\/div><div class=\"w-iconbox iconpos_left style_default color_primary align_left no_text\"><div class=\"w-iconbox-icon\" style=\"font-size:;\"><i class=\"far fa-clock\"><\/i><\/div><div class=\"w-iconbox-meta\"><div class=\"w-iconbox-title\">Open 24\/7<\/div><\/div><\/div><div class=\"w-separator size_small\"><\/div><div class=\"w-btn-wrapper align_center\"><a class=\"w-btn us-btn-style_25\" href=\"https:\/\/www.astrategie.com\/en\/contact-us\/\"><span class=\"w-btn-label\">Contact us<\/span><\/a><\/div><div class=\"w-separator size_small\"><\/div><\/div><\/div><div class=\"wpb_column vc_column_container us_custom_5242be17 us_animate_this\"><div class=\"vc_column-overlay\" style=\"background:#ffffff\"><\/div><div class=\"vc_column-inner\"><div class=\"w-image align_none\"><a href=\"https:\/\/www.astrategie.com\/en\/our-agencies\/frejus-agency\/\" aria-label=\"Detective-privee-agree-var-frejus-antibes\" class=\"w-image-h\"><img decoding=\"async\" width=\"904\" height=\"602\" src=\"https:\/\/www.astrategie.com\/wp-content\/uploads\/2024\/06\/Detective-privee-agree-var-frejus-antibes.webp\" class=\"attachment-large size-large\" alt=\"d\u00e9tective priv\u00e9 var - fr\u00e9jus - antibes\" loading=\"lazy\" srcset=\"https:\/\/www.astrategie.com\/wp-content\/uploads\/2024\/06\/Detective-privee-agree-var-frejus-antibes.webp 904w, https:\/\/www.astrategie.com\/wp-content\/uploads\/2024\/06\/Detective-privee-agree-var-frejus-antibes-300x200.webp 300w\" sizes=\"auto, (max-width: 904px) 100vw, 904px\" \/><\/a><\/div><div class=\"w-separator size_small\"><\/div><div class=\"wpb_text_column us_custom_a75e8641 has_text_color\"><div class=\"wpb_wrapper\"><h3 style=\"text-align: center;\"><span style=\"color: #333333;\"><a style=\"color: #333333;\" href=\"https:\/\/www.astrategie.com\/en\/our-agencies\/frejus-agency\/\">Fr\u00e9jus agency<\/a><\/span><\/h3>\n<\/div><\/div><div class=\"w-separator size_small\"><\/div><div class=\"w-iconbox us_custom_33c3a0a5 iconpos_left style_default color_primary align_left no_text\"><div class=\"w-iconbox-icon\" style=\"font-size:;\"><i class=\"far fa-map-marker-alt\"><\/i><\/div><div class=\"w-iconbox-meta\"><div class=\"w-iconbox-title\">32 All\u00e9e S\u00e9bastien Vauban<br \/>\nCS 80144 83618 Fr\u00e9jus<\/div><\/div><\/div><div class=\"w-iconbox us_custom_33c3a0a5 iconpos_left style_default color_primary align_left no_text\"><a href=\"tel:0494239913\" class=\"w-iconbox-link\" aria-label=\"04 94 23 99 13\"><div class=\"w-iconbox-icon\" style=\"font-size:;\"><i class=\"far fa-phone\"><\/i><\/div><\/a><div class=\"w-iconbox-meta\"><div class=\"w-iconbox-title\"><a href=\"tel:0494239913\" class=\"w-iconbox-link\" aria-label=\"04 94 23 99 13\">04 94 23 99 13<\/a><\/div><\/div><\/div><div class=\"w-iconbox us_custom_33c3a0a5 iconpos_left style_default color_primary align_left no_text\"><a href=\"mailto:agence.frejus@astrategie.com\" class=\"w-iconbox-link\" aria-label=\"agence.frejus@astrategie.com\"><div class=\"w-iconbox-icon\" style=\"font-size:;\"><i class=\"far fa-envelope\"><\/i><\/div><\/a><div class=\"w-iconbox-meta\"><div class=\"w-iconbox-title\"><a href=\"mailto:agence.frejus@astrategie.com\" class=\"w-iconbox-link\" aria-label=\"agence.frejus@astrategie.com\">agence.frejus@astrategie.com<\/a><\/div><\/div><\/div><div class=\"w-iconbox iconpos_left style_default color_primary align_left no_text\"><div class=\"w-iconbox-icon\" style=\"font-size:;\"><i class=\"far fa-clock\"><\/i><\/div><div class=\"w-iconbox-meta\"><div class=\"w-iconbox-title\">Open 24\/7<\/div><\/div><\/div><div class=\"w-separator size_small\"><\/div><div class=\"w-btn-wrapper align_center\"><a class=\"w-btn us-btn-style_25\" href=\"https:\/\/www.astrategie.com\/en\/contact-us\/\"><span class=\"w-btn-label\">Contact us<\/span><\/a><\/div><div class=\"w-separator size_small\"><\/div><\/div><\/div><div class=\"wpb_column vc_column_container us_custom_1153e2dc\"><div class=\"vc_column-overlay\" style=\"background:#ffffff\"><\/div><div class=\"vc_column-inner\"><div class=\"w-image align_none\"><a href=\"https:\/\/www.astrategie.com\/en\/our-agencies\/toulon-agency\/\" aria-label=\"Detective-privee-agree-var-toulon\" class=\"w-image-h\"><img decoding=\"async\" width=\"904\" height=\"602\" src=\"https:\/\/www.astrategie.com\/wp-content\/uploads\/2024\/06\/Detective-privee-agree-var-toulon.webp\" class=\"attachment-large size-large\" alt=\"d\u00e9tective priv\u00e9 var - Toulon\" loading=\"lazy\" srcset=\"https:\/\/www.astrategie.com\/wp-content\/uploads\/2024\/06\/Detective-privee-agree-var-toulon.webp 904w, https:\/\/www.astrategie.com\/wp-content\/uploads\/2024\/06\/Detective-privee-agree-var-toulon-300x200.webp 300w\" sizes=\"auto, (max-width: 904px) 100vw, 904px\" \/><\/a><\/div><div class=\"w-separator size_small\"><\/div><div class=\"wpb_text_column us_custom_a75e8641 has_text_color\"><div class=\"wpb_wrapper\"><h3 style=\"text-align: center;\"><span style=\"color: #333333;\"><a style=\"color: #333333;\" href=\"https:\/\/www.astrategie.com\/en\/our-agencies\/toulon-agency\/\">Toulon agency<\/a><\/span><\/h3>\n<\/div><\/div><div class=\"w-separator size_small\"><\/div><div class=\"w-iconbox us_custom_33c3a0a5 iconpos_left style_default color_primary align_left no_text\"><div class=\"w-iconbox-icon\" style=\"font-size:;\"><i class=\"far fa-map-marker-alt\"><\/i><\/div><div class=\"w-iconbox-meta\"><div class=\"w-iconbox-title\">417 route de la Farl\u00e8de<br \/>\n83130 La Garde<\/div><\/div><\/div><div class=\"w-iconbox us_custom_33c3a0a5 iconpos_left style_default color_primary align_left no_text\"><a href=\"tel:0494239913\" class=\"w-iconbox-link\" aria-label=\"04 94 23 99 13\"><div class=\"w-iconbox-icon\" style=\"font-size:;\"><i class=\"far fa-phone\"><\/i><\/div><\/a><div class=\"w-iconbox-meta\"><div class=\"w-iconbox-title\"><a href=\"tel:0494239913\" class=\"w-iconbox-link\" aria-label=\"04 94 23 99 13\">04 94 23 99 13<\/a><\/div><\/div><\/div><div class=\"w-iconbox us_custom_33c3a0a5 iconpos_left style_default color_primary align_left no_text\"><a href=\"mailto:agence.toulon@astrategie.com\" class=\"w-iconbox-link\" aria-label=\"agency.toulon@astrategie.com\"><div class=\"w-iconbox-icon\" style=\"font-size:;\"><i class=\"far fa-envelope\"><\/i><\/div><\/a><div class=\"w-iconbox-meta\"><div class=\"w-iconbox-title\"><a href=\"mailto:agence.toulon@astrategie.com\" class=\"w-iconbox-link\" aria-label=\"agency.toulon@astrategie.com\">agency.toulon@astrategie.com<\/a><\/div><\/div><\/div><div class=\"w-iconbox iconpos_left style_default color_primary align_left no_text\"><div class=\"w-iconbox-icon\" style=\"font-size:;\"><i class=\"far fa-clock\"><\/i><\/div><div class=\"w-iconbox-meta\"><div class=\"w-iconbox-title\">Open 24\/7<\/div><\/div><\/div><div class=\"w-separator size_small\"><\/div><div class=\"w-btn-wrapper align_center\"><a class=\"w-btn us-btn-style_25\" href=\"https:\/\/www.astrategie.com\/en\/contact-us\/\"><span class=\"w-btn-label\">Contact us<\/span><\/a><\/div><div class=\"w-separator size_small\"><\/div><\/div><\/div><div class=\"wpb_column vc_column_container us_custom_1153e2dc\"><div class=\"vc_column-overlay\" style=\"background:#ffffff\"><\/div><div class=\"vc_column-inner\"><div class=\"w-image align_none\"><a href=\"https:\/\/www.astrategie.com\/en\/our-agencies\/nice-agency\/\" aria-label=\"Detective-privee-agree-var-nice\" class=\"w-image-h\"><img decoding=\"async\" width=\"904\" height=\"602\" src=\"https:\/\/www.astrategie.com\/wp-content\/uploads\/2024\/06\/Detective-privee-agree-var-nice.webp\" class=\"attachment-large size-large\" alt=\"d\u00e9tective priv\u00e9 var - Nice\" loading=\"lazy\" srcset=\"https:\/\/www.astrategie.com\/wp-content\/uploads\/2024\/06\/Detective-privee-agree-var-nice.webp 904w, https:\/\/www.astrategie.com\/wp-content\/uploads\/2024\/06\/Detective-privee-agree-var-nice-300x200.webp 300w\" sizes=\"auto, (max-width: 904px) 100vw, 904px\" \/><\/a><\/div><div class=\"w-separator size_small\"><\/div><div class=\"wpb_text_column us_custom_a75e8641 has_text_color\"><div class=\"wpb_wrapper\"><h3 style=\"text-align: center;\"><span style=\"color: #333333;\"><a style=\"color: #333333;\" href=\"https:\/\/www.astrategie.com\/en\/our-agencies\/nice-agency\/\">Nice agency<\/a><\/span><\/h3>\n<\/div><\/div><div class=\"w-separator size_small\"><\/div><div class=\"w-iconbox us_custom_33c3a0a5 iconpos_left style_default color_primary align_left no_text\"><div class=\"w-iconbox-icon\" style=\"font-size:;\"><i class=\"far fa-map-marker-alt\"><\/i><\/div><div class=\"w-iconbox-meta\"><div class=\"w-iconbox-title\">470 Promenade des Anglais<br \/>\n06200 Nice<\/div><\/div><\/div><div class=\"w-iconbox us_custom_33c3a0a5 iconpos_left style_default color_primary align_left no_text\"><a href=\"tel:0494239913\" class=\"w-iconbox-link\" aria-label=\"04 94 23 99 13\"><div class=\"w-iconbox-icon\" style=\"font-size:;\"><i class=\"far fa-phone\"><\/i><\/div><\/a><div class=\"w-iconbox-meta\"><div class=\"w-iconbox-title\"><a href=\"tel:0494239913\" class=\"w-iconbox-link\" aria-label=\"04 94 23 99 13\">04 94 23 99 13<\/a><\/div><\/div><\/div><div class=\"w-iconbox us_custom_33c3a0a5 iconpos_left style_default color_primary align_left no_text\"><a href=\"mailto:agence.nice@astrategie.com\" class=\"w-iconbox-link\" aria-label=\"agency.nice@astrategie.com\"><div class=\"w-iconbox-icon\" style=\"font-size:;\"><i class=\"far fa-envelope\"><\/i><\/div><\/a><div class=\"w-iconbox-meta\"><div class=\"w-iconbox-title\"><a href=\"mailto:agence.nice@astrategie.com\" class=\"w-iconbox-link\" aria-label=\"agency.nice@astrategie.com\">agency.nice@astrategie.com<\/a><\/div><\/div><\/div><div class=\"w-iconbox iconpos_left style_default color_primary align_left no_text\"><div class=\"w-iconbox-icon\" style=\"font-size:;\"><i class=\"far fa-clock\"><\/i><\/div><div class=\"w-iconbox-meta\"><div class=\"w-iconbox-title\">Open 24\/7<\/div><\/div><\/div><div class=\"w-separator size_small\"><\/div><div class=\"w-btn-wrapper align_center\"><a class=\"w-btn us-btn-style_25\" href=\"https:\/\/www.astrategie.com\/en\/contact-us\/\"><span class=\"w-btn-label\">Contact us<\/span><\/a><\/div><div class=\"w-separator size_small\"><\/div><\/div><\/div><\/div><\/div><\/section>\n<\/div><\/div><\/div><\/div><\/section>\n","protected":false},"excerpt":{"rendered":"Our agenciesCome meet us Marseille agency 97 Rue Sauveur Tobelem 13007 Marseille04 94 23 99 13agency.marseille@astrategie.comOpen 24\/7Contact usFr\u00e9jus agency 32 All\u00e9e S\u00e9bastien Vauban CS 80144 83618 Fr\u00e9jus04 94 23 99 13agence.frejus@astrategie.comOpen 24\/7Contact usToulon agency 417 route de la Farl\u00e8de 83130 La Garde04 94 23 99 13agency.toulon@astrategie.comOpen 24\/7Contact usNice agency 470 Promenade des Anglais 06200 Nice04...","protected":false},"author":2,"featured_media":0,"parent":0,"menu_order":0,"comment_status":"closed","ping_status":"closed","template":"","meta":{"footnotes":""},"class_list":["post-9595","page","type-page","status-publish","hentry"],"yoast_head":"<!-- This site is optimized with the Yoast SEO plugin v27.5 - https:\/\/yoast.com\/product\/yoast-seo-wordpress\/ -->\n<title>Our agencies - Aquila Strat\u00e9gie - D\u00e9tective priv\u00e9<\/title>\n<meta name=\"robots\" content=\"index, follow, max-snippet:-1, max-image-preview:large, max-video-preview:-1\" \/>\n<link rel=\"canonical\" href=\"https:\/\/www.astrategie.com\/nos-agences\/\" \/>\n<meta property=\"og:locale\" content=\"en_US\" \/>\n<meta property=\"og:type\" content=\"article\" \/>\n<meta property=\"og:title\" content=\"Our agencies - Aquila Strat\u00e9gie - D\u00e9tective priv\u00e9\" \/>\n<meta property=\"og:url\" content=\"https:\/\/www.astrategie.com\/nos-agences\/\" \/>\n<meta property=\"og:site_name\" content=\"Aquila Strat\u00e9gie - D\u00e9tective priv\u00e9\" \/>\n<meta property=\"article:publisher\" content=\"https:\/\/www.facebook.com\/people\/Aquila-Stratgie-Cabinet-de-dtective-priv\/100078759792102\/?viewas&amp;show_switched_toast=false&amp;show_switched_tooltip=false&amp;is_tour_dismissed=false&amp;is_tour_completed=false&amp;show_podcast_settings=false&amp;show_community_review_changes=false&amp;should_open_composer=false&amp;badge_type=NEW_MEMBER&amp;show_community_rollback_toast=false&amp;show_community_rollback=false&amp;show_follower_visibility_disclosure=false&amp;bypass_exit_warning=true\" \/>\n<meta property=\"article:modified_time\" content=\"2025-10-01T12:51:09+00:00\" \/>\n<meta name=\"twitter:card\" content=\"summary_large_image\" \/>\n<meta name=\"twitter:label1\" content=\"Est. reading time\" \/>\n\t<meta name=\"twitter:data1\" content=\"1 minute\" \/>\n<script type=\"application\/ld+json\" class=\"yoast-schema-graph\">{\"@context\":\"https:\\\/\\\/schema.org\",\"@graph\":[{\"@type\":\"WebPage\",\"@id\":\"https:\\\/\\\/www.astrategie.com\\\/nos-agences\\\/\",\"url\":\"https:\\\/\\\/www.astrategie.com\\\/nos-agences\\\/\",\"name\":\"Our agencies - Aquila Strat\u00e9gie - D\u00e9tective priv\u00e9\",\"isPartOf\":{\"@id\":\"https:\\\/\\\/www.astrategie.com\\\/#website\"},\"datePublished\":\"2024-02-28T14:55:17+00:00\",\"dateModified\":\"2025-10-01T12:51:09+00:00\",\"breadcrumb\":{\"@id\":\"https:\\\/\\\/www.astrategie.com\\\/nos-agences\\\/#breadcrumb\"},\"inLanguage\":\"en-US\",\"potentialAction\":[{\"@type\":\"ReadAction\",\"target\":[\"https:\\\/\\\/www.astrategie.com\\\/nos-agences\\\/\"]}]},{\"@type\":\"BreadcrumbList\",\"@id\":\"https:\\\/\\\/www.astrategie.com\\\/nos-agences\\\/#breadcrumb\",\"itemListElement\":[{\"@type\":\"ListItem\",\"position\":1,\"name\":\"Accueil\",\"item\":\"https:\\\/\\\/www.astrategie.com\\\/\"},{\"@type\":\"ListItem\",\"position\":2,\"name\":\"Our agencies\"}]},{\"@type\":\"WebSite\",\"@id\":\"https:\\\/\\\/www.astrategie.com\\\/#website\",\"url\":\"https:\\\/\\\/www.astrategie.com\\\/\",\"name\":\"Aquila Strat\u00e9gie d\u00e9tective\",\"description\":\"Cabinet de d\u00e9tective priv\u00e9\",\"publisher\":{\"@id\":\"https:\\\/\\\/www.astrategie.com\\\/#organization\"},\"alternateName\":\"Aquila Strat\u00e9gie\",\"potentialAction\":[{\"@type\":\"SearchAction\",\"target\":{\"@type\":\"EntryPoint\",\"urlTemplate\":\"https:\\\/\\\/www.astrategie.com\\\/?s={search_term_string}\"},\"query-input\":{\"@type\":\"PropertyValueSpecification\",\"valueRequired\":true,\"valueName\":\"search_term_string\"}}],\"inLanguage\":\"en-US\"},{\"@type\":\"Organization\",\"@id\":\"https:\\\/\\\/www.astrategie.com\\\/#organization\",\"name\":\"D\u00e9tective Priv\u00e9 Aquila Strat\u00e9gie\",\"alternateName\":\"Aquila Strat\u00e9gie d\u00e9tective\",\"url\":\"https:\\\/\\\/www.astrategie.com\\\/\",\"logo\":{\"@type\":\"ImageObject\",\"inLanguage\":\"en-US\",\"@id\":\"https:\\\/\\\/www.astrategie.com\\\/#\\\/schema\\\/logo\\\/image\\\/\",\"url\":\"https:\\\/\\\/www.astrategie.com\\\/wp-content\\\/uploads\\\/2017\\\/07\\\/Aquila-strategie-logo-detective-toulon-nice-monaco-blk.png\",\"contentUrl\":\"https:\\\/\\\/www.astrategie.com\\\/wp-content\\\/uploads\\\/2017\\\/07\\\/Aquila-strategie-logo-detective-toulon-nice-monaco-blk.png\",\"width\":529,\"height\":180,\"caption\":\"D\u00e9tective Priv\u00e9 Aquila Strat\u00e9gie\"},\"image\":{\"@id\":\"https:\\\/\\\/www.astrategie.com\\\/#\\\/schema\\\/logo\\\/image\\\/\"},\"sameAs\":[\"https:\\\/\\\/www.facebook.com\\\/people\\\/Aquila-Stratgie-Cabinet-de-dtective-priv\\\/100078759792102\\\/?viewas&show_switched_toast=false&show_switched_tooltip=false&is_tour_dismissed=false&is_tour_completed=false&show_podcast_settings=false&show_community_review_changes=false&should_open_composer=false&badge_type=NEW_MEMBER&show_community_rollback_toast=false&show_community_rollback=false&show_follower_visibility_disclosure=false&bypass_exit_warning=true\",\"https:\\\/\\\/www.instagram.com\\\/aquilastrategiedetective\\\/\",\"https:\\\/\\\/www.linkedin.com\\\/company\\\/aquila-stratgie\\\/\"]}]}<\/script>\n<!-- \/ Yoast SEO plugin. -->","yoast_head_json":{"title":"Our agencies - Aquila Strat\u00e9gie - D\u00e9tective priv\u00e9","robots":{"index":"index","follow":"follow","max-snippet":"max-snippet:-1","max-image-preview":"max-image-preview:large","max-video-preview":"max-video-preview:-1"},"canonical":"https:\/\/www.astrategie.com\/nos-agences\/","og_locale":"en_US","og_type":"article","og_title":"Our agencies - Aquila Strat\u00e9gie - D\u00e9tective priv\u00e9","og_url":"https:\/\/www.astrategie.com\/nos-agences\/","og_site_name":"Aquila Strat\u00e9gie - D\u00e9tective priv\u00e9","article_publisher":"https:\/\/www.facebook.com\/people\/Aquila-Stratgie-Cabinet-de-dtective-priv\/100078759792102\/?viewas&show_switched_toast=false&show_switched_tooltip=false&is_tour_dismissed=false&is_tour_completed=false&show_podcast_settings=false&show_community_review_changes=false&should_open_composer=false&badge_type=NEW_MEMBER&show_community_rollback_toast=false&show_community_rollback=false&show_follower_visibility_disclosure=false&bypass_exit_warning=true","article_modified_time":"2025-10-01T12:51:09+00:00","twitter_card":"summary_large_image","twitter_misc":{"Est. reading time":"1 minute"},"schema":{"@context":"https:\/\/schema.org","@graph":[{"@type":"WebPage","@id":"https:\/\/www.astrategie.com\/nos-agences\/","url":"https:\/\/www.astrategie.com\/nos-agences\/","name":"Our agencies - Aquila Strat\u00e9gie - D\u00e9tective priv\u00e9","isPartOf":{"@id":"https:\/\/www.astrategie.com\/#website"},"datePublished":"2024-02-28T14:55:17+00:00","dateModified":"2025-10-01T12:51:09+00:00","breadcrumb":{"@id":"https:\/\/www.astrategie.com\/nos-agences\/#breadcrumb"},"inLanguage":"en-US","potentialAction":[{"@type":"ReadAction","target":["https:\/\/www.astrategie.com\/nos-agences\/"]}]},{"@type":"BreadcrumbList","@id":"https:\/\/www.astrategie.com\/nos-agences\/#breadcrumb","itemListElement":[{"@type":"ListItem","position":1,"name":"Accueil","item":"https:\/\/www.astrategie.com\/"},{"@type":"ListItem","position":2,"name":"Our agencies"}]},{"@type":"WebSite","@id":"https:\/\/www.astrategie.com\/#website","url":"https:\/\/www.astrategie.com\/","name":"Aquila Strat\u00e9gie d\u00e9tective","description":"Cabinet de d\u00e9tective priv\u00e9","publisher":{"@id":"https:\/\/www.astrategie.com\/#organization"},"alternateName":"Aquila Strat\u00e9gie","potentialAction":[{"@type":"SearchAction","target":{"@type":"EntryPoint","urlTemplate":"https:\/\/www.astrategie.com\/?s={search_term_string}"},"query-input":{"@type":"PropertyValueSpecification","valueRequired":true,"valueName":"search_term_string"}}],"inLanguage":"en-US"},{"@type":"Organization","@id":"https:\/\/www.astrategie.com\/#organization","name":"D\u00e9tective Priv\u00e9 Aquila Strat\u00e9gie","alternateName":"Aquila Strat\u00e9gie d\u00e9tective","url":"https:\/\/www.astrategie.com\/","logo":{"@type":"ImageObject","inLanguage":"en-US","@id":"https:\/\/www.astrategie.com\/#\/schema\/logo\/image\/","url":"https:\/\/www.astrategie.com\/wp-content\/uploads\/2017\/07\/Aquila-strategie-logo-detective-toulon-nice-monaco-blk.png","contentUrl":"https:\/\/www.astrategie.com\/wp-content\/uploads\/2017\/07\/Aquila-strategie-logo-detective-toulon-nice-monaco-blk.png","width":529,"height":180,"caption":"D\u00e9tective Priv\u00e9 Aquila Strat\u00e9gie"},"image":{"@id":"https:\/\/www.astrategie.com\/#\/schema\/logo\/image\/"},"sameAs":["https:\/\/www.facebook.com\/people\/Aquila-Stratgie-Cabinet-de-dtective-priv\/100078759792102\/?viewas&show_switched_toast=false&show_switched_tooltip=false&is_tour_dismissed=false&is_tour_completed=false&show_podcast_settings=false&show_community_review_changes=false&should_open_composer=false&badge_type=NEW_MEMBER&show_community_rollback_toast=false&show_community_rollback=false&show_follower_visibility_disclosure=false&bypass_exit_warning=true","https:\/\/www.instagram.com\/aquilastrategiedetective\/","https:\/\/www.linkedin.com\/company\/aquila-stratgie\/"]}]}},"_links":{"self":[{"href":"https:\/\/www.astrategie.com\/en\/wp-json\/wp\/v2\/pages\/9595","targetHints":{"allow":["GET"]}}],"collection":[{"href":"https:\/\/www.astrategie.com\/en\/wp-json\/wp\/v2\/pages"}],"about":[{"href":"https:\/\/www.astrategie.com\/en\/wp-json\/wp\/v2\/types\/page"}],"author":[{"embeddable":true,"href":"https:\/\/www.astrategie.com\/en\/wp-json\/wp\/v2\/users\/2"}],"replies":[{"embeddable":true,"href":"https:\/\/www.astrategie.com\/en\/wp-json\/wp\/v2\/comments?post=9595"}],"version-history":[{"count":10,"href":"https:\/\/www.astrategie.com\/en\/wp-json\/wp\/v2\/pages\/9595\/revisions"}],"predecessor-version":[{"id":13459,"href":"https:\/\/www.astrategie.com\/en\/wp-json\/wp\/v2\/pages\/9595\/revisions\/13459"}],"wp:attachment":[{"href":"https:\/\/www.astrategie.com\/en\/wp-json\/wp\/v2\/media?parent=9595"}],"curies":[{"name":"wp","href":"https:\/\/api.w.org\/{rel}","templated":true}]}}