{"id":9762,"date":"2024-02-28T15:55:18","date_gmt":"2024-02-28T14:55:18","guid":{"rendered":"https:\/\/www.astrategie.fr\/services\/legal-professionals\/"},"modified":"2024-03-20T18:54:46","modified_gmt":"2024-03-20T17:54:46","slug":"legal-professionals","status":"publish","type":"page","link":"https:\/\/www.astrategie.com\/en\/services\/legal-professionals\/","title":{"rendered":"Legal professionals"},"content":{"rendered":"<section class=\"l-section wpb_row us_custom_9c418c04 height_medium full_height valign_center color_primary\"><div class=\"l-section-overlay\" style=\"background:rgba(0,0,0,0.60)\"><\/div><div class=\"l-section-h i-cf\"><div class=\"g-cols vc_row via_grid cols_1 laptops-cols_inherit tablets-cols_inherit mobiles-cols_1 valign_top type_default stacking_default\"><div data-us-scroll=\"{&quot;from_initial_position&quot;:&quot;0&quot;,&quot;start_position&quot;:&quot;50%&quot;,&quot;end_position&quot;:&quot;100%&quot;,&quot;delay&quot;:&quot;0.1s&quot;,&quot;translate_y_direction&quot;:&quot;down&quot;,&quot;translate_y_speed&quot;:&quot;0.5x&quot;}\" class=\"wpb_column vc_column_container has_scroll_effects has_translate_y\"><div class=\"vc_column-inner\"><h1 class=\"w-text us_custom_2088eb83\"><span class=\"w-text-h\"><span class=\"w-text-value\">Collection of evidence and investigations with legal professionals<\/span><\/span><\/h1><\/div><\/div><\/div><\/div><\/section><section class=\"l-section wpb_row us_custom_c10a7774 us_animate_this height_custom\"><div class=\"l-section-overlay\" style=\"background:var(--color-header-middle-text)\"><\/div><div class=\"l-section-h i-cf\"><div class=\"g-cols vc_row via_grid cols_1 laptops-cols_inherit tablets-cols_inherit mobiles-cols_1 valign_top type_default stacking_default\"><div class=\"wpb_column vc_column_container\"><div class=\"vc_column-inner\"><div class=\"g-cols wpb_row via_grid cols_4 laptops-cols_2 tablets-cols_2 mobiles-cols_1 valign_top type_default\" style=\"--columns-gap:1.5rem;\"><div class=\"wpb_column vc_column_container\"><div class=\"vc_column-inner\"><div class=\"w-iconbox us_custom_a11e4522 has_text_color iconpos_top style_circle color_primary align_center no_text\"><div class=\"w-iconbox-icon\" style=\"font-size:1.8rem;\"><i class=\"fas fa-star\"><\/i><\/div><div class=\"w-iconbox-meta\"><div class=\"w-iconbox-title\">OVER 10 YEARS OF EXPERIENCE<\/div><\/div><\/div><\/div><\/div><div class=\"wpb_column vc_column_container\"><div class=\"vc_column-inner\"><div class=\"w-iconbox us_custom_d9b222e9 has_text_color iconpos_top style_circle color_primary align_center no_text\"><div class=\"w-iconbox-icon\" style=\"font-size:1.8rem;\"><i class=\"fas fa-window-restore\"><\/i><\/div><div class=\"w-iconbox-meta\"><div class=\"w-iconbox-title\">FREE QUOTE WITH NO OBLIGATION<\/div><\/div><\/div><\/div><\/div><div class=\"wpb_column vc_column_container\"><div class=\"vc_column-inner\"><div class=\"w-iconbox us_custom_d9b222e9 has_text_color iconpos_top style_circle color_primary align_center no_text\"><div class=\"w-iconbox-icon\" style=\"font-size:1.8rem;\"><i class=\"fas fa-file-certificate\"><\/i><\/div><div class=\"w-iconbox-meta\"><div class=\"w-iconbox-title\">EXPERT APPROVED BY CNAPS<\/div><\/div><\/div><\/div><\/div><div class=\"wpb_column vc_column_container\"><div class=\"vc_column-inner\"><div class=\"w-iconbox us_custom_51ec951f has_text_color iconpos_top style_circle color_primary align_center no_text\"><div class=\"w-iconbox-icon\" style=\"font-size:1.8rem;\"><i class=\"fas fa-trophy-alt\"><\/i><\/div><div class=\"w-iconbox-meta\"><div class=\"w-iconbox-title\">95% SUCCESS RATE IN ADULTERY<\/div><\/div><\/div><\/div><\/div><\/div><\/div><\/div><\/div><\/div><\/section><section class=\"l-section wpb_row us_custom_7d839703 height_custom\"><div class=\"l-section-h i-cf\"><div class=\"g-cols vc_row via_grid cols_1 laptops-cols_inherit tablets-cols_inherit mobiles-cols_1 valign_top type_default stacking_default\"><div class=\"wpb_column vc_column_container\"><div class=\"vc_column-inner\"><div class=\"w-separator size_medium\"><\/div><div class=\"wpb_text_column us_custom_23c64b17\"><div class=\"wpb_wrapper\"><p>Do you have legal action to plan, and you need to gather evidence? Based in the <strong>Provence-Alpes-C\u00f4te-d&#8217;Azur region<\/strong> , Aquila Strat\u00e9gie is your perfect ally. Our team of expert investigators will do everything they can to help you in your quest for the truth. Our <strong>private detective firm<\/strong> offers various types of services to individuals and legal professionals. This collaboration between detective and legal professional is based on <strong>the principle of shared secrecy.<\/strong><\/p>\n<\/div><\/div><div class=\"w-separator size_small\"><\/div><\/div><\/div><\/div><\/div><\/section><section class=\"l-section wpb_row us_custom_89508771 height_large\"><div class=\"l-section-overlay\" style=\"background:var(--color-header-middle-bg)\"><\/div><div class=\"l-section-h i-cf\"><div class=\"g-cols vc_row via_grid cols_1 laptops-cols_inherit tablets-cols_inherit mobiles-cols_1 valign_top type_default stacking_default\"><div class=\"wpb_column vc_column_container\"><div class=\"vc_column-inner\"><div class=\"g-cols wpb_row via_grid cols_2 laptops-cols_inherit tablets-cols_inherit mobiles-cols_1 valign_middle type_default reversed stacking_default\" style=\"--columns-gap:4vw;\"><div class=\"wpb_column vc_column_container\"><div class=\"vc_column-inner\"><div class=\"w-image has_ratio align_none\"><div class=\"w-image-h\"><div style=\"padding-bottom:75%\"><\/div><img decoding=\"async\" width=\"1024\" height=\"682\" src=\"https:\/\/www.astrategie.com\/wp-content\/uploads\/2024\/02\/fraude-a-lassurance-aquila-strategie-services.jpg\" class=\"attachment-large size-large\" alt=\"D\u00e9tective avec un t\u00e9l\u00e9phone\" loading=\"lazy\" \/><\/div><\/div><\/div><\/div><div class=\"wpb_column vc_column_container\"><div class=\"vc_column-inner\"><div class=\"wpb_text_column us_custom_e83ffedf has_text_color\"><div class=\"wpb_wrapper\"><h2 class=\"text-primary wp-block-heading\">Insurance fraud<\/h2>\n<p>Aquila has professionals on its team who are <strong>experts<\/strong> in researching evidence of <strong>fraudulent acts<\/strong> in insurance.<\/p>\n<p>Do you need to have in your hands <strong>irrefutable material<\/strong> evidence to support your arguments before a judicial body?<\/p>\n<p>Our private detectives will offer you the best strategies to prove the illegality of an act related to insurance.<\/p>\n<\/div><\/div><\/div><\/div><\/div><div class=\"w-separator size_large\"><\/div><div class=\"g-cols wpb_row via_grid cols_2 laptops-cols_inherit tablets-cols_inherit mobiles-cols_1 valign_middle type_default stacking_default\" style=\"--columns-gap:4vw;\"><div class=\"wpb_column vc_column_container\"><div class=\"vc_column-inner\"><div class=\"wpb_text_column us_custom_d6b04a95\"><div class=\"wpb_wrapper\"><h2 class=\"text-secondary wp-block-heading\">Criminal counter-investigations<\/h2>\n<p><strong>Our private detective agency<\/strong> will also be the partner of legal professionals in their search for evidence in the event of a criminal counter-investigation. We guarantee work carried out in <strong>full compliance<\/strong> with the law.<\/p>\n<p>Among the methods we apply, we carry out shadowing and surveillance, collection of testimonies, digital surveys, etc.<\/p>\n<p>We guarantee you quality work, but above all our investigators are subject to <strong>a commitment to confidentiality<\/strong> . All our research is private, therefore inaccessible to third parties.<\/p>\n<\/div><\/div><\/div><\/div><div class=\"wpb_column vc_column_container\"><div class=\"vc_column-inner\"><div class=\"w-image has_ratio align_none\"><div class=\"w-image-h\"><div style=\"padding-bottom:75%\"><\/div><img decoding=\"async\" width=\"1024\" height=\"683\" src=\"https:\/\/www.astrategie.com\/wp-content\/uploads\/2024\/02\/contre-enquetes-penales-aquila-strategie-prestation.jpg\" class=\"attachment-large size-large\" alt=\"d\u00e9tective priv\u00e9 Paca, nice, toulon, fr\u00e9jus, marseille, var\" loading=\"lazy\" \/><\/div><\/div><\/div><\/div><\/div><div class=\"w-separator size_large\"><\/div><div class=\"g-cols wpb_row via_grid cols_2 laptops-cols_inherit tablets-cols_inherit mobiles-cols_1 valign_middle type_default reversed stacking_default\" style=\"--columns-gap:4vw;\"><div class=\"wpb_column vc_column_container\"><div class=\"vc_column-inner\"><div class=\"w-image has_ratio align_none\"><div class=\"w-image-h\"><div style=\"padding-bottom:75%\"><\/div><img decoding=\"async\" width=\"1024\" height=\"683\" src=\"https:\/\/www.astrategie.com\/wp-content\/uploads\/2024\/02\/concurrence-deloyale-aquila-strategie-service.jpg\" class=\"attachment-large size-large\" alt=\"Equipes de d\u00e9tectives priv\u00e9s\" loading=\"lazy\" \/><\/div><\/div><\/div><\/div><div class=\"wpb_column vc_column_container\"><div class=\"vc_column-inner\"><div class=\"wpb_text_column us_custom_432d3f53\"><div class=\"wpb_wrapper\"><h2 class=\"text-primary wp-block-heading\">Unfair competition<\/h2>\n<p>Calling on a <strong>private<\/strong> detective is necessary to <strong>thwart<\/strong> all the malicious maneuvers of the competition. If a fraudulent act has been committed, our investigator will conduct an investigation in order to gather all <strong>the tangible and legal evidence<\/strong> necessary to resolve the matter with the <strong>legal services<\/strong> concerned.<\/p>\n<p>Are you a victim of unfair competition? Let us know <strong>your suspicions<\/strong> and we will put all our expertise at your disposal to provide you with the appropriate solutions. Our investigators, <strong>CNAPS<\/strong> approved, work with professionalism and discretion to provide you with legal evidence that is perfectly admissible in court.<\/p>\n<\/div><\/div><\/div><\/div><\/div><div class=\"w-separator size_large\"><\/div><div class=\"g-cols wpb_row via_grid cols_2 laptops-cols_inherit tablets-cols_inherit mobiles-cols_1 valign_middle type_default stacking_default\" style=\"--columns-gap:4vw;\"><div class=\"wpb_column vc_column_container\"><div class=\"vc_column-inner\"><div class=\"wpb_text_column us_custom_d6b04a95\"><div class=\"wpb_wrapper\"><h2 class=\"text-primary wp-block-heading\" style=\"text-align: left;\">Fraudulent sick leave<\/h2>\n<div class=\"wp-block-media-text__content\">\n<p>One of your employees is absent too frequently? You are facing <strong>an abusive work stoppage<\/strong> . Of course, the latter can present you with proof, such as a medical certificate, but the question remains: is it true?<\/p>\n<p>This may be unfair behavior. Call on <strong>our private detective<\/strong> to carry out an investigation into the real causes <strong>of abusive work stoppage<\/strong> of your employees.<\/p>\n<\/div>\n<figure class=\"wp-block-media-text__media\"><picture class=\"wp-image-625 size-full\"><source srcset=\"https:\/\/www.astrategie.com\/content\/uploads\/2023\/02\/arret-maladie-frauduleux-aquila-strategie.jpg.webp 682w, https:\/\/www.astrategie.com\/content\/uploads\/2023\/02\/arret-maladie-frauduleux-aquila-strategie-200x300.jpg.webp 200w\" type=\"image\/webp\" sizes=\"(max-width: 682px) 100vw, 682px\"><\/source><\/picture><\/figure>\n<\/div><\/div><\/div><\/div><div class=\"wpb_column vc_column_container\"><div class=\"vc_column-inner\"><div class=\"w-image has_ratio align_none\"><div class=\"w-image-h\"><div style=\"padding-bottom:75%\"><\/div><img decoding=\"async\" width=\"682\" height=\"1024\" src=\"https:\/\/www.astrategie.com\/wp-content\/uploads\/2024\/02\/arret-maladie-frauduleux-aquila-strategie-agence.jpg\" class=\"attachment-large size-large\" alt=\"D\u00e9tective avec parapluie dans la rue\" loading=\"lazy\" \/><\/div><\/div><\/div><\/div><\/div><\/div><\/div><\/div><\/div><\/section><section class=\"l-section wpb_row height_auto width_full\" id=\"bcols\"><div class=\"l-section-h i-cf\"><div class=\"g-cols vc_row via_grid cols_2 laptops-cols_inherit tablets-cols_2 mobiles-cols_1 valign_middle type_default\" style=\"--columns-gap:0rem;\"><div data-us-scroll=\"{&quot;from_initial_position&quot;:&quot;0&quot;,&quot;start_position&quot;:&quot;0%&quot;,&quot;end_position&quot;:&quot;50%&quot;,&quot;delay&quot;:&quot;0.2s&quot;,&quot;translate_y_direction&quot;:&quot;up&quot;,&quot;translate_y_speed&quot;:&quot;0.5x&quot;}\" class=\"wpb_column vc_column_container us_custom_d8adb8c6 has_text_color has_scroll_effects has_translate_y has_bg_color\"><div class=\"vc_column-overlay\" style=\"background:var(--color-content-overlay)\"><\/div><div class=\"vc_column-inner\"><div class=\"wpb_text_column us_custom_e9c0995e\"><div class=\"wpb_wrapper\"><div class=\"inner-row-block bg-secondary p-8 dark services-inner\">\n<div class=\"inner-row-block d-flex justify-content-between align-items-baseline\">\n<p class=\"tag-block h4\" style=\"text-align: center;\">Need a private detective for personal matters?<\/p>\n<\/div>\n<\/div>\n<div class=\"inner-row-block bg-secondary p-8 dark services-inner\">\n<div class=\"tag-block\"><\/div>\n<\/div>\n<\/div><\/div><div class=\"w-separator size_small\"><\/div><div class=\"w-btn-wrapper align_center\"><a class=\"w-btn us-btn-style_1\" href=\"https:\/\/www.astrategie.fr\/en\/contact-us\/\"><span class=\"w-btn-label\">Contact us<\/span><\/a><\/div><\/div><\/div><div data-us-scroll=\"{&quot;from_initial_position&quot;:&quot;0&quot;,&quot;start_position&quot;:&quot;0%&quot;,&quot;end_position&quot;:&quot;50%&quot;,&quot;delay&quot;:&quot;0.2s&quot;,&quot;translate_y_direction&quot;:&quot;up&quot;,&quot;translate_y_speed&quot;:&quot;0.8x&quot;}\" class=\"wpb_column vc_column_container us_custom_d6b3c23a has_text_color has_scroll_effects has_translate_y has_bg_color\"><div class=\"vc_column-overlay\" style=\"background:var(--color-content-overlay)\"><\/div><div class=\"vc_column-inner\"><div class=\"wpb_text_column us_custom_e9c0995e\"><div class=\"wpb_wrapper\"><div class=\"inner-row-block bg-primary p-8 dark services-inner\">\n<div class=\"inner-row-block d-flex justify-content-between align-items-baseline\">\n<p class=\"tag-block h4\" style=\"text-align: center;\">10 years of experience<br \/>\nFree quote without obligation<br \/>\nCNAPS certified<\/p>\n<\/div>\n<\/div>\n<div class=\"inner-row-block bg-primary p-8 dark services-inner\">\n<div class=\"tag-block\"><\/div>\n<\/div>\n<\/div><\/div><\/div><\/div><\/div><\/div><\/section>\n","protected":false},"excerpt":{"rendered":"Collection of evidence and investigations with legal professionalsOVER 10 YEARS OF EXPERIENCEFREE QUOTE WITH NO OBLIGATIONEXPERT APPROVED BY CNAPS95% SUCCESS RATE IN ADULTERYDo you have legal action to plan, and you need to gather evidence? Based in the Provence-Alpes-C\u00f4te-d&#8217;Azur region , Aquila Strat\u00e9gie is your perfect ally. Our team of expert investigators will do everything...","protected":false},"author":2,"featured_media":0,"parent":9722,"menu_order":1,"comment_status":"closed","ping_status":"closed","template":"","meta":{"footnotes":""},"class_list":["post-9762","page","type-page","status-publish","hentry"],"yoast_head":"<!-- This site is optimized with the Yoast SEO plugin v27.5 - https:\/\/yoast.com\/product\/yoast-seo-wordpress\/ -->\n<title>Legal professionals - Aquila Strat\u00e9gie - D\u00e9tective priv\u00e9<\/title>\n<meta name=\"robots\" content=\"index, follow, max-snippet:-1, max-image-preview:large, max-video-preview:-1\" \/>\n<link rel=\"canonical\" href=\"https:\/\/www.astrategie.com\/nos-services\/vous-etes-un-professionnel-du-droit\/\" \/>\n<meta property=\"og:locale\" content=\"en_US\" \/>\n<meta property=\"og:type\" content=\"article\" \/>\n<meta property=\"og:title\" content=\"Legal professionals - Aquila Strat\u00e9gie - D\u00e9tective priv\u00e9\" \/>\n<meta property=\"og:url\" content=\"https:\/\/www.astrategie.com\/nos-services\/vous-etes-un-professionnel-du-droit\/\" \/>\n<meta property=\"og:site_name\" content=\"Aquila Strat\u00e9gie - D\u00e9tective priv\u00e9\" \/>\n<meta property=\"article:publisher\" content=\"https:\/\/www.facebook.com\/people\/Aquila-Stratgie-Cabinet-de-dtective-priv\/100078759792102\/?viewas&amp;show_switched_toast=false&amp;show_switched_tooltip=false&amp;is_tour_dismissed=false&amp;is_tour_completed=false&amp;show_podcast_settings=false&amp;show_community_review_changes=false&amp;should_open_composer=false&amp;badge_type=NEW_MEMBER&amp;show_community_rollback_toast=false&amp;show_community_rollback=false&amp;show_follower_visibility_disclosure=false&amp;bypass_exit_warning=true\" \/>\n<meta property=\"article:modified_time\" content=\"2024-03-20T17:54:46+00:00\" \/>\n<meta name=\"twitter:card\" content=\"summary_large_image\" \/>\n<meta name=\"twitter:label1\" content=\"Est. reading time\" \/>\n\t<meta name=\"twitter:data1\" content=\"9 minutes\" \/>\n<script type=\"application\/ld+json\" class=\"yoast-schema-graph\">{\"@context\":\"https:\\\/\\\/schema.org\",\"@graph\":[{\"@type\":\"WebPage\",\"@id\":\"https:\\\/\\\/www.astrategie.com\\\/nos-services\\\/vous-etes-un-professionnel-du-droit\\\/\",\"url\":\"https:\\\/\\\/www.astrategie.com\\\/nos-services\\\/vous-etes-un-professionnel-du-droit\\\/\",\"name\":\"Legal professionals - Aquila Strat\u00e9gie - D\u00e9tective priv\u00e9\",\"isPartOf\":{\"@id\":\"https:\\\/\\\/www.astrategie.com\\\/#website\"},\"datePublished\":\"2024-02-28T14:55:18+00:00\",\"dateModified\":\"2024-03-20T17:54:46+00:00\",\"breadcrumb\":{\"@id\":\"https:\\\/\\\/www.astrategie.com\\\/nos-services\\\/vous-etes-un-professionnel-du-droit\\\/#breadcrumb\"},\"inLanguage\":\"en-US\",\"potentialAction\":[{\"@type\":\"ReadAction\",\"target\":[\"https:\\\/\\\/www.astrategie.com\\\/nos-services\\\/vous-etes-un-professionnel-du-droit\\\/\"]}]},{\"@type\":\"BreadcrumbList\",\"@id\":\"https:\\\/\\\/www.astrategie.com\\\/nos-services\\\/vous-etes-un-professionnel-du-droit\\\/#breadcrumb\",\"itemListElement\":[{\"@type\":\"ListItem\",\"position\":1,\"name\":\"Accueil\",\"item\":\"https:\\\/\\\/www.astrategie.com\\\/\"},{\"@type\":\"ListItem\",\"position\":2,\"name\":\"Services\",\"item\":\"https:\\\/\\\/www.astrategie.com\\\/nos-services\\\/\"},{\"@type\":\"ListItem\",\"position\":3,\"name\":\"Legal professionals\"}]},{\"@type\":\"WebSite\",\"@id\":\"https:\\\/\\\/www.astrategie.com\\\/#website\",\"url\":\"https:\\\/\\\/www.astrategie.com\\\/\",\"name\":\"Aquila Strat\u00e9gie d\u00e9tective\",\"description\":\"Cabinet de d\u00e9tective priv\u00e9\",\"publisher\":{\"@id\":\"https:\\\/\\\/www.astrategie.com\\\/#organization\"},\"alternateName\":\"Aquila Strat\u00e9gie\",\"potentialAction\":[{\"@type\":\"SearchAction\",\"target\":{\"@type\":\"EntryPoint\",\"urlTemplate\":\"https:\\\/\\\/www.astrategie.com\\\/?s={search_term_string}\"},\"query-input\":{\"@type\":\"PropertyValueSpecification\",\"valueRequired\":true,\"valueName\":\"search_term_string\"}}],\"inLanguage\":\"en-US\"},{\"@type\":\"Organization\",\"@id\":\"https:\\\/\\\/www.astrategie.com\\\/#organization\",\"name\":\"D\u00e9tective Priv\u00e9 Aquila Strat\u00e9gie\",\"alternateName\":\"Aquila Strat\u00e9gie d\u00e9tective\",\"url\":\"https:\\\/\\\/www.astrategie.com\\\/\",\"logo\":{\"@type\":\"ImageObject\",\"inLanguage\":\"en-US\",\"@id\":\"https:\\\/\\\/www.astrategie.com\\\/#\\\/schema\\\/logo\\\/image\\\/\",\"url\":\"https:\\\/\\\/www.astrategie.com\\\/wp-content\\\/uploads\\\/2017\\\/07\\\/Aquila-strategie-logo-detective-toulon-nice-monaco-blk.png\",\"contentUrl\":\"https:\\\/\\\/www.astrategie.com\\\/wp-content\\\/uploads\\\/2017\\\/07\\\/Aquila-strategie-logo-detective-toulon-nice-monaco-blk.png\",\"width\":529,\"height\":180,\"caption\":\"D\u00e9tective Priv\u00e9 Aquila Strat\u00e9gie\"},\"image\":{\"@id\":\"https:\\\/\\\/www.astrategie.com\\\/#\\\/schema\\\/logo\\\/image\\\/\"},\"sameAs\":[\"https:\\\/\\\/www.facebook.com\\\/people\\\/Aquila-Stratgie-Cabinet-de-dtective-priv\\\/100078759792102\\\/?viewas&show_switched_toast=false&show_switched_tooltip=false&is_tour_dismissed=false&is_tour_completed=false&show_podcast_settings=false&show_community_review_changes=false&should_open_composer=false&badge_type=NEW_MEMBER&show_community_rollback_toast=false&show_community_rollback=false&show_follower_visibility_disclosure=false&bypass_exit_warning=true\",\"https:\\\/\\\/www.instagram.com\\\/aquilastrategiedetective\\\/\",\"https:\\\/\\\/www.linkedin.com\\\/company\\\/aquila-stratgie\\\/\"]}]}<\/script>\n<!-- \/ Yoast SEO plugin. -->","yoast_head_json":{"title":"Legal professionals - Aquila Strat\u00e9gie - D\u00e9tective priv\u00e9","robots":{"index":"index","follow":"follow","max-snippet":"max-snippet:-1","max-image-preview":"max-image-preview:large","max-video-preview":"max-video-preview:-1"},"canonical":"https:\/\/www.astrategie.com\/nos-services\/vous-etes-un-professionnel-du-droit\/","og_locale":"en_US","og_type":"article","og_title":"Legal professionals - Aquila Strat\u00e9gie - D\u00e9tective priv\u00e9","og_url":"https:\/\/www.astrategie.com\/nos-services\/vous-etes-un-professionnel-du-droit\/","og_site_name":"Aquila Strat\u00e9gie - D\u00e9tective priv\u00e9","article_publisher":"https:\/\/www.facebook.com\/people\/Aquila-Stratgie-Cabinet-de-dtective-priv\/100078759792102\/?viewas&show_switched_toast=false&show_switched_tooltip=false&is_tour_dismissed=false&is_tour_completed=false&show_podcast_settings=false&show_community_review_changes=false&should_open_composer=false&badge_type=NEW_MEMBER&show_community_rollback_toast=false&show_community_rollback=false&show_follower_visibility_disclosure=false&bypass_exit_warning=true","article_modified_time":"2024-03-20T17:54:46+00:00","twitter_card":"summary_large_image","twitter_misc":{"Est. reading time":"9 minutes"},"schema":{"@context":"https:\/\/schema.org","@graph":[{"@type":"WebPage","@id":"https:\/\/www.astrategie.com\/nos-services\/vous-etes-un-professionnel-du-droit\/","url":"https:\/\/www.astrategie.com\/nos-services\/vous-etes-un-professionnel-du-droit\/","name":"Legal professionals - Aquila Strat\u00e9gie - D\u00e9tective priv\u00e9","isPartOf":{"@id":"https:\/\/www.astrategie.com\/#website"},"datePublished":"2024-02-28T14:55:18+00:00","dateModified":"2024-03-20T17:54:46+00:00","breadcrumb":{"@id":"https:\/\/www.astrategie.com\/nos-services\/vous-etes-un-professionnel-du-droit\/#breadcrumb"},"inLanguage":"en-US","potentialAction":[{"@type":"ReadAction","target":["https:\/\/www.astrategie.com\/nos-services\/vous-etes-un-professionnel-du-droit\/"]}]},{"@type":"BreadcrumbList","@id":"https:\/\/www.astrategie.com\/nos-services\/vous-etes-un-professionnel-du-droit\/#breadcrumb","itemListElement":[{"@type":"ListItem","position":1,"name":"Accueil","item":"https:\/\/www.astrategie.com\/"},{"@type":"ListItem","position":2,"name":"Services","item":"https:\/\/www.astrategie.com\/nos-services\/"},{"@type":"ListItem","position":3,"name":"Legal professionals"}]},{"@type":"WebSite","@id":"https:\/\/www.astrategie.com\/#website","url":"https:\/\/www.astrategie.com\/","name":"Aquila Strat\u00e9gie d\u00e9tective","description":"Cabinet de d\u00e9tective priv\u00e9","publisher":{"@id":"https:\/\/www.astrategie.com\/#organization"},"alternateName":"Aquila Strat\u00e9gie","potentialAction":[{"@type":"SearchAction","target":{"@type":"EntryPoint","urlTemplate":"https:\/\/www.astrategie.com\/?s={search_term_string}"},"query-input":{"@type":"PropertyValueSpecification","valueRequired":true,"valueName":"search_term_string"}}],"inLanguage":"en-US"},{"@type":"Organization","@id":"https:\/\/www.astrategie.com\/#organization","name":"D\u00e9tective Priv\u00e9 Aquila Strat\u00e9gie","alternateName":"Aquila Strat\u00e9gie d\u00e9tective","url":"https:\/\/www.astrategie.com\/","logo":{"@type":"ImageObject","inLanguage":"en-US","@id":"https:\/\/www.astrategie.com\/#\/schema\/logo\/image\/","url":"https:\/\/www.astrategie.com\/wp-content\/uploads\/2017\/07\/Aquila-strategie-logo-detective-toulon-nice-monaco-blk.png","contentUrl":"https:\/\/www.astrategie.com\/wp-content\/uploads\/2017\/07\/Aquila-strategie-logo-detective-toulon-nice-monaco-blk.png","width":529,"height":180,"caption":"D\u00e9tective Priv\u00e9 Aquila Strat\u00e9gie"},"image":{"@id":"https:\/\/www.astrategie.com\/#\/schema\/logo\/image\/"},"sameAs":["https:\/\/www.facebook.com\/people\/Aquila-Stratgie-Cabinet-de-dtective-priv\/100078759792102\/?viewas&show_switched_toast=false&show_switched_tooltip=false&is_tour_dismissed=false&is_tour_completed=false&show_podcast_settings=false&show_community_review_changes=false&should_open_composer=false&badge_type=NEW_MEMBER&show_community_rollback_toast=false&show_community_rollback=false&show_follower_visibility_disclosure=false&bypass_exit_warning=true","https:\/\/www.instagram.com\/aquilastrategiedetective\/","https:\/\/www.linkedin.com\/company\/aquila-stratgie\/"]}]}},"_links":{"self":[{"href":"https:\/\/www.astrategie.com\/en\/wp-json\/wp\/v2\/pages\/9762","targetHints":{"allow":["GET"]}}],"collection":[{"href":"https:\/\/www.astrategie.com\/en\/wp-json\/wp\/v2\/pages"}],"about":[{"href":"https:\/\/www.astrategie.com\/en\/wp-json\/wp\/v2\/types\/page"}],"author":[{"embeddable":true,"href":"https:\/\/www.astrategie.com\/en\/wp-json\/wp\/v2\/users\/2"}],"replies":[{"embeddable":true,"href":"https:\/\/www.astrategie.com\/en\/wp-json\/wp\/v2\/comments?post=9762"}],"version-history":[{"count":4,"href":"https:\/\/www.astrategie.com\/en\/wp-json\/wp\/v2\/pages\/9762\/revisions"}],"predecessor-version":[{"id":9768,"href":"https:\/\/www.astrategie.com\/en\/wp-json\/wp\/v2\/pages\/9762\/revisions\/9768"}],"up":[{"embeddable":true,"href":"https:\/\/www.astrategie.com\/en\/wp-json\/wp\/v2\/pages\/9722"}],"wp:attachment":[{"href":"https:\/\/www.astrategie.com\/en\/wp-json\/wp\/v2\/media?parent=9762"}],"curies":[{"name":"wp","href":"https:\/\/api.w.org\/{rel}","templated":true}]}}