{"id":10259,"date":"2024-03-05T11:20:41","date_gmt":"2024-03-05T10:20:41","guid":{"rendered":"https:\/\/www.astrategie.com\/avviso-legale\/"},"modified":"2024-06-20T11:54:17","modified_gmt":"2024-06-20T09:54:17","slug":"avviso-legale","status":"publish","type":"page","link":"https:\/\/www.astrategie.com\/it\/avviso-legale\/","title":{"rendered":"Avviso legale"},"content":{"rendered":"<section class=\"l-section wpb_row us_custom_54e6bcd5 height_medium full_height valign_center color_primary\"><div class=\"l-section-overlay\" style=\"background:rgba(0,0,0,0.60)\"><\/div><div class=\"l-section-h i-cf\"><div class=\"g-cols vc_row via_grid cols_1 laptops-cols_inherit tablets-cols_inherit mobiles-cols_1 valign_top type_default stacking_default\"><div data-us-scroll=\"{&quot;from_initial_position&quot;:&quot;0&quot;,&quot;start_position&quot;:&quot;50%&quot;,&quot;end_position&quot;:&quot;100%&quot;,&quot;delay&quot;:&quot;0.1s&quot;,&quot;translate_y_direction&quot;:&quot;down&quot;,&quot;translate_y_speed&quot;:&quot;0.5x&quot;}\" class=\"wpb_column vc_column_container has_scroll_effects has_translate_y\"><div class=\"vc_column-inner\"><h1 class=\"w-text us_custom_2088eb83\"><span class=\"w-text-h\"><span class=\"w-text-value\">Avviso legale<\/span><\/span><\/h1><\/div><\/div><\/div><\/div><\/section><section class=\"l-section wpb_row height_custom\"><div class=\"l-section-h i-cf\"><div class=\"g-cols vc_row via_grid cols_1 laptops-cols_inherit tablets-cols_inherit mobiles-cols_1 valign_top type_default stacking_default\"><div class=\"wpb_column vc_column_container\"><div class=\"vc_column-inner\"><div class=\"wpb_text_column\"><div class=\"wpb_wrapper\"><h2 class=\"wp-block-heading\">Identificare<\/h2>\n<p>Nome del sito: ASTRATEGIE<br \/>\nIndirizzo del sito: https:\/\/www.astrategie.com<\/p>\n<p>Proprietario :<\/p>\n<ul>\n<li aria-level=\"1\">Ragione sociale: AQUILA STRATEGIE<\/li>\n<li aria-level=\"1\">Forma giuridica: SARL, societ\u00e0 a responsabilit\u00e0 limitata<\/li>\n<li aria-level=\"1\">Capitale sociale: 1.000 euro<\/li>\n<li aria-level=\"1\">Numero SIRENA: 980 952 236<\/li>\n<li aria-level=\"1\">Numero RCS: 980 952 360 RCS Tolone<\/li>\n<li aria-level=\"1\">Partita IVA intracomunitaria: FR88980952360<\/li>\n<li aria-level=\"1\">Telefono: <a class=\"w-text-h\" href=\"tel:04 %2094% 2023 %2099% 2013\"><span class=\"w-text-value\">04 94 23 99 13<\/span><\/a><\/li>\n<li aria-level=\"1\">E-mail: <a class=\"w-text-h\" href=\"mailto:contact@astrategie.com\"><span class=\"w-text-value\">contact@astrategie.com<\/span><\/a><\/li>\n<li aria-level=\"1\">Sede: 417 Route de la Farl\u00e8de, Les Pl\u00e9iades, 83130 La Garde<\/li>\n<li aria-level=\"1\">Direttore delle pubblicazioni: Victor De Villeblanche<\/li>\n<\/ul>\n<p>Autorizzazione CNAPS all&#8217;esercizio della professione: AUT-083-2122-11-09-20230891184<br \/>\nApprovazione della direzione CNAPS: AGD-083-2025-06-16-20200363676<\/p>\n<p>Codice di Sicurezza Interna \u2013 Libro VI Attivit\u00e0 di sicurezza privata Titolo II: Attivit\u00e0 degli enti di ricerca privati \u200b\u200bArticolo L621-1. Ordinanza n. 2012-351 del 03\/12\/2012 Articolo L 612-14 \u201cdivieto di esercizio di pubblici poteri\u201d Autorit\u00e0 che rilascia l&#8217;autorizzazione ad esercitare: CNAPS \u2013 Delegazione Territoriale Sud 6 all\u00e9e Turcat Mery \u2013 CS 30028 13 295 Marsiglia Cedex 08<\/p>\n<h2 class=\"wp-block-heading\">CONDIZIONI GENERALI DI UTILIZZO DEL SITO<\/h2>\n<p>L&#8217;utente riconosce di aver letto le presenti condizioni d&#8217;uso e si impegna a rispettarle. L&#8217;utente del sito web riconosce di possedere le competenze e i mezzi necessari per accedere e utilizzare questo sito. L&#8217;utente del sito web \u201chttps:\/\/www.astrategie.com\u201d dichiara di aver verificato che la configurazione informatica utilizzata non contiene virus e che \u00e8 perfettamente funzionante. Il gestore del sito web fa ogni sforzo per offrire agli utenti informazioni e\/o strumenti disponibili e verificati, ma non pu\u00f2 essere ritenuto responsabile per errori, mancata disponibilit\u00e0 di informazioni e\/o presenza di virus sul suo sito. Le informazioni fornite dal gestore del sito web sono solo a scopo informativo e non possono esentare l&#8217;utente da un&#8217;analisi complementare e personalizzata. Il gestore del sito web non pu\u00f2 garantire l&#8217;accuratezza, la completezza o l&#8217;attualit\u00e0 delle informazioni pubblicate sul proprio sito. Di conseguenza, l&#8217;utente riconosce di utilizzare tali informazioni sotto la sua esclusiva responsabilit\u00e0.<\/p>\n<p>Gli utenti del sito web \u201chttps:\/\/www.astrategie.com\u201d sono tenuti a rispettare le disposizioni di legge relative all&#8217;informatica, ai file e alle libert\u00e0, la cui violazione \u00e8 passibile di sanzioni penali. Devono in particolare astenersi, per quanto riguarda le informazioni personali alle quali accedono, da qualsiasi raccolta, qualsiasi abuso e, in generale, da qualsiasi atto che possa nuocere alla vita privata o alla reputazione delle persone. La struttura generale, cos\u00ec come il software, i testi, le immagini animate e non, i suoni, il know-how e tutti gli altri elementi che compongono il sito sono di propriet\u00e0 esclusiva del gestore del sito web.<\/p>\n<p>Qualsiasi rappresentazione totale o parziale di questo sito da parte di qualsiasi societ\u00e0, senza l&#8217;espressa autorizzazione del gestore del sito, \u00e8 vietata e costituirebbe una violazione punibile dagli articoli L.335-2 e seguenti del Codice della propriet\u00e0 intellettuale. Lo stesso vale per le banche dati che compaiono, ove applicabile, sul sito web \u201chttps:\/\/www.astrategie.com\u201d, che sono protette dalle disposizioni della legge del 1\u00b0 luglio 1998 di recepimento nel Codice della propriet\u00e0 intellettuale dell&#8217;Unione Europea. direttiva dell&#8217;11 marzo 1996 relativa alla tutela giuridica delle banche dati. I marchi del gestore del sito web e dei suoi partner, nonch\u00e9 i loghi che appaiono sul sito sono marchi semifigurativi o non figurativi e sono registrati. Qualsiasi riproduzione totale o parziale di questi marchi o loghi realizzata a partire da elementi del sito senza l&#8217;autorizzazione espressa del gestore del sito \u00e8 pertanto vietata, ai sensi dell&#8217;articolo L.713-2 del Codice della propriet\u00e0 intellettuale.<\/p>\n<p>Gli utenti e i visitatori del sito web non possono creare un collegamento ipertestuale a questo sito senza l&#8217;esplicita autorizzazione preventiva del gestore del sito web. Il gestore del sito web non pu\u00f2 essere responsabile dell&#8217;accesso degli utenti ad altre risorse presenti sulla rete Internet tramite collegamenti ipertestuali predisposti nell&#8217;ambito del sito web.<\/p>\n<\/div><\/div><\/div><\/div><\/div><\/div><\/section>\n","protected":false},"excerpt":{"rendered":"Avviso legaleIdentificare Nome del sito: ASTRATEGIE Indirizzo del sito: https:\/\/www.astrategie.com Proprietario : Ragione sociale: AQUILA STRATEGIE Forma giuridica: SARL, societ\u00e0 a responsabilit\u00e0 limitata Capitale sociale: 1.000 euro Numero SIRENA: 980 952 236 Numero RCS: 980 952 360 RCS Tolone Partita IVA intracomunitaria: FR88980952360 Telefono: 04 94 23 99 13 E-mail: contact@astrategie.com Sede: 417 Route de...","protected":false},"author":2,"featured_media":0,"parent":0,"menu_order":13,"comment_status":"closed","ping_status":"closed","template":"","meta":{"footnotes":""},"class_list":["post-10259","page","type-page","status-publish","hentry"],"yoast_head":"<!-- This site is optimized with the Yoast SEO plugin v27.5 - https:\/\/yoast.com\/product\/yoast-seo-wordpress\/ -->\n<title>Avviso legale - Aquila Strat\u00e9gie - D\u00e9tective priv\u00e9<\/title>\n<meta name=\"robots\" content=\"index, follow, max-snippet:-1, max-image-preview:large, max-video-preview:-1\" \/>\n<link rel=\"canonical\" href=\"https:\/\/www.astrategie.com\/mentions-legales\/\" \/>\n<meta property=\"og:locale\" content=\"it_IT\" \/>\n<meta property=\"og:type\" content=\"article\" \/>\n<meta property=\"og:title\" content=\"Avviso legale - Aquila Strat\u00e9gie - D\u00e9tective priv\u00e9\" \/>\n<meta property=\"og:url\" content=\"https:\/\/www.astrategie.com\/mentions-legales\/\" \/>\n<meta property=\"og:site_name\" content=\"Aquila Strat\u00e9gie - D\u00e9tective priv\u00e9\" \/>\n<meta property=\"article:publisher\" content=\"https:\/\/www.facebook.com\/people\/Aquila-Stratgie-Cabinet-de-dtective-priv\/100078759792102\/?viewas&amp;show_switched_toast=false&amp;show_switched_tooltip=false&amp;is_tour_dismissed=false&amp;is_tour_completed=false&amp;show_podcast_settings=false&amp;show_community_review_changes=false&amp;should_open_composer=false&amp;badge_type=NEW_MEMBER&amp;show_community_rollback_toast=false&amp;show_community_rollback=false&amp;show_follower_visibility_disclosure=false&amp;bypass_exit_warning=true\" \/>\n<meta property=\"article:modified_time\" content=\"2024-06-20T09:54:17+00:00\" \/>\n<meta name=\"twitter:card\" content=\"summary_large_image\" \/>\n<meta name=\"twitter:label1\" content=\"Tempo di lettura stimato\" \/>\n\t<meta name=\"twitter:data1\" content=\"4 minuti\" \/>\n<script type=\"application\/ld+json\" class=\"yoast-schema-graph\">{\"@context\":\"https:\\\/\\\/schema.org\",\"@graph\":[{\"@type\":\"WebPage\",\"@id\":\"https:\\\/\\\/www.astrategie.com\\\/mentions-legales\\\/\",\"url\":\"https:\\\/\\\/www.astrategie.com\\\/mentions-legales\\\/\",\"name\":\"Avviso legale - Aquila Strat\u00e9gie - D\u00e9tective priv\u00e9\",\"isPartOf\":{\"@id\":\"https:\\\/\\\/www.astrategie.com\\\/#website\"},\"datePublished\":\"2024-03-05T10:20:41+00:00\",\"dateModified\":\"2024-06-20T09:54:17+00:00\",\"breadcrumb\":{\"@id\":\"https:\\\/\\\/www.astrategie.com\\\/mentions-legales\\\/#breadcrumb\"},\"inLanguage\":\"it-IT\",\"potentialAction\":[{\"@type\":\"ReadAction\",\"target\":[\"https:\\\/\\\/www.astrategie.com\\\/mentions-legales\\\/\"]}]},{\"@type\":\"BreadcrumbList\",\"@id\":\"https:\\\/\\\/www.astrategie.com\\\/mentions-legales\\\/#breadcrumb\",\"itemListElement\":[{\"@type\":\"ListItem\",\"position\":1,\"name\":\"Accueil\",\"item\":\"https:\\\/\\\/www.astrategie.com\\\/\"},{\"@type\":\"ListItem\",\"position\":2,\"name\":\"Avviso legale\"}]},{\"@type\":\"WebSite\",\"@id\":\"https:\\\/\\\/www.astrategie.com\\\/#website\",\"url\":\"https:\\\/\\\/www.astrategie.com\\\/\",\"name\":\"Aquila Strat\u00e9gie d\u00e9tective\",\"description\":\"Cabinet de d\u00e9tective priv\u00e9\",\"publisher\":{\"@id\":\"https:\\\/\\\/www.astrategie.com\\\/#organization\"},\"alternateName\":\"Aquila Strat\u00e9gie\",\"potentialAction\":[{\"@type\":\"SearchAction\",\"target\":{\"@type\":\"EntryPoint\",\"urlTemplate\":\"https:\\\/\\\/www.astrategie.com\\\/?s={search_term_string}\"},\"query-input\":{\"@type\":\"PropertyValueSpecification\",\"valueRequired\":true,\"valueName\":\"search_term_string\"}}],\"inLanguage\":\"it-IT\"},{\"@type\":\"Organization\",\"@id\":\"https:\\\/\\\/www.astrategie.com\\\/#organization\",\"name\":\"D\u00e9tective Priv\u00e9 Aquila Strat\u00e9gie\",\"alternateName\":\"Aquila Strat\u00e9gie d\u00e9tective\",\"url\":\"https:\\\/\\\/www.astrategie.com\\\/\",\"logo\":{\"@type\":\"ImageObject\",\"inLanguage\":\"it-IT\",\"@id\":\"https:\\\/\\\/www.astrategie.com\\\/#\\\/schema\\\/logo\\\/image\\\/\",\"url\":\"https:\\\/\\\/www.astrategie.com\\\/wp-content\\\/uploads\\\/2017\\\/07\\\/Aquila-strategie-logo-detective-toulon-nice-monaco-blk.png\",\"contentUrl\":\"https:\\\/\\\/www.astrategie.com\\\/wp-content\\\/uploads\\\/2017\\\/07\\\/Aquila-strategie-logo-detective-toulon-nice-monaco-blk.png\",\"width\":529,\"height\":180,\"caption\":\"D\u00e9tective Priv\u00e9 Aquila Strat\u00e9gie\"},\"image\":{\"@id\":\"https:\\\/\\\/www.astrategie.com\\\/#\\\/schema\\\/logo\\\/image\\\/\"},\"sameAs\":[\"https:\\\/\\\/www.facebook.com\\\/people\\\/Aquila-Stratgie-Cabinet-de-dtective-priv\\\/100078759792102\\\/?viewas&show_switched_toast=false&show_switched_tooltip=false&is_tour_dismissed=false&is_tour_completed=false&show_podcast_settings=false&show_community_review_changes=false&should_open_composer=false&badge_type=NEW_MEMBER&show_community_rollback_toast=false&show_community_rollback=false&show_follower_visibility_disclosure=false&bypass_exit_warning=true\",\"https:\\\/\\\/www.instagram.com\\\/aquilastrategiedetective\\\/\",\"https:\\\/\\\/www.linkedin.com\\\/company\\\/aquila-stratgie\\\/\"]}]}<\/script>\n<!-- \/ Yoast SEO plugin. -->","yoast_head_json":{"title":"Avviso legale - Aquila Strat\u00e9gie - D\u00e9tective priv\u00e9","robots":{"index":"index","follow":"follow","max-snippet":"max-snippet:-1","max-image-preview":"max-image-preview:large","max-video-preview":"max-video-preview:-1"},"canonical":"https:\/\/www.astrategie.com\/mentions-legales\/","og_locale":"it_IT","og_type":"article","og_title":"Avviso legale - Aquila Strat\u00e9gie - D\u00e9tective priv\u00e9","og_url":"https:\/\/www.astrategie.com\/mentions-legales\/","og_site_name":"Aquila Strat\u00e9gie - D\u00e9tective priv\u00e9","article_publisher":"https:\/\/www.facebook.com\/people\/Aquila-Stratgie-Cabinet-de-dtective-priv\/100078759792102\/?viewas&show_switched_toast=false&show_switched_tooltip=false&is_tour_dismissed=false&is_tour_completed=false&show_podcast_settings=false&show_community_review_changes=false&should_open_composer=false&badge_type=NEW_MEMBER&show_community_rollback_toast=false&show_community_rollback=false&show_follower_visibility_disclosure=false&bypass_exit_warning=true","article_modified_time":"2024-06-20T09:54:17+00:00","twitter_card":"summary_large_image","twitter_misc":{"Tempo di lettura stimato":"4 minuti"},"schema":{"@context":"https:\/\/schema.org","@graph":[{"@type":"WebPage","@id":"https:\/\/www.astrategie.com\/mentions-legales\/","url":"https:\/\/www.astrategie.com\/mentions-legales\/","name":"Avviso legale - Aquila Strat\u00e9gie - D\u00e9tective priv\u00e9","isPartOf":{"@id":"https:\/\/www.astrategie.com\/#website"},"datePublished":"2024-03-05T10:20:41+00:00","dateModified":"2024-06-20T09:54:17+00:00","breadcrumb":{"@id":"https:\/\/www.astrategie.com\/mentions-legales\/#breadcrumb"},"inLanguage":"it-IT","potentialAction":[{"@type":"ReadAction","target":["https:\/\/www.astrategie.com\/mentions-legales\/"]}]},{"@type":"BreadcrumbList","@id":"https:\/\/www.astrategie.com\/mentions-legales\/#breadcrumb","itemListElement":[{"@type":"ListItem","position":1,"name":"Accueil","item":"https:\/\/www.astrategie.com\/"},{"@type":"ListItem","position":2,"name":"Avviso legale"}]},{"@type":"WebSite","@id":"https:\/\/www.astrategie.com\/#website","url":"https:\/\/www.astrategie.com\/","name":"Aquila Strat\u00e9gie d\u00e9tective","description":"Cabinet de d\u00e9tective priv\u00e9","publisher":{"@id":"https:\/\/www.astrategie.com\/#organization"},"alternateName":"Aquila Strat\u00e9gie","potentialAction":[{"@type":"SearchAction","target":{"@type":"EntryPoint","urlTemplate":"https:\/\/www.astrategie.com\/?s={search_term_string}"},"query-input":{"@type":"PropertyValueSpecification","valueRequired":true,"valueName":"search_term_string"}}],"inLanguage":"it-IT"},{"@type":"Organization","@id":"https:\/\/www.astrategie.com\/#organization","name":"D\u00e9tective Priv\u00e9 Aquila Strat\u00e9gie","alternateName":"Aquila Strat\u00e9gie d\u00e9tective","url":"https:\/\/www.astrategie.com\/","logo":{"@type":"ImageObject","inLanguage":"it-IT","@id":"https:\/\/www.astrategie.com\/#\/schema\/logo\/image\/","url":"https:\/\/www.astrategie.com\/wp-content\/uploads\/2017\/07\/Aquila-strategie-logo-detective-toulon-nice-monaco-blk.png","contentUrl":"https:\/\/www.astrategie.com\/wp-content\/uploads\/2017\/07\/Aquila-strategie-logo-detective-toulon-nice-monaco-blk.png","width":529,"height":180,"caption":"D\u00e9tective Priv\u00e9 Aquila Strat\u00e9gie"},"image":{"@id":"https:\/\/www.astrategie.com\/#\/schema\/logo\/image\/"},"sameAs":["https:\/\/www.facebook.com\/people\/Aquila-Stratgie-Cabinet-de-dtective-priv\/100078759792102\/?viewas&show_switched_toast=false&show_switched_tooltip=false&is_tour_dismissed=false&is_tour_completed=false&show_podcast_settings=false&show_community_review_changes=false&should_open_composer=false&badge_type=NEW_MEMBER&show_community_rollback_toast=false&show_community_rollback=false&show_follower_visibility_disclosure=false&bypass_exit_warning=true","https:\/\/www.instagram.com\/aquilastrategiedetective\/","https:\/\/www.linkedin.com\/company\/aquila-stratgie\/"]}]}},"_links":{"self":[{"href":"https:\/\/www.astrategie.com\/it\/wp-json\/wp\/v2\/pages\/10259","targetHints":{"allow":["GET"]}}],"collection":[{"href":"https:\/\/www.astrategie.com\/it\/wp-json\/wp\/v2\/pages"}],"about":[{"href":"https:\/\/www.astrategie.com\/it\/wp-json\/wp\/v2\/types\/page"}],"author":[{"embeddable":true,"href":"https:\/\/www.astrategie.com\/it\/wp-json\/wp\/v2\/users\/2"}],"replies":[{"embeddable":true,"href":"https:\/\/www.astrategie.com\/it\/wp-json\/wp\/v2\/comments?post=10259"}],"version-history":[{"count":2,"href":"https:\/\/www.astrategie.com\/it\/wp-json\/wp\/v2\/pages\/10259\/revisions"}],"predecessor-version":[{"id":10261,"href":"https:\/\/www.astrategie.com\/it\/wp-json\/wp\/v2\/pages\/10259\/revisions\/10261"}],"wp:attachment":[{"href":"https:\/\/www.astrategie.com\/it\/wp-json\/wp\/v2\/media?parent=10259"}],"curies":[{"name":"wp","href":"https:\/\/api.w.org\/{rel}","templated":true}]}}