{"id":10309,"date":"2024-05-15T12:54:17","date_gmt":"2024-05-15T10:54:17","guid":{"rendered":"https:\/\/www.astrategie.com\/le-nostre-agenzie\/detective-privato-cannes\/"},"modified":"2024-06-28T13:01:58","modified_gmt":"2024-06-28T11:01:58","slug":"detective-prive-cannes","status":"publish","type":"page","link":"https:\/\/www.astrategie.com\/it\/nos-agences\/detective-prive-cannes\/","title":{"rendered":"Detective privato Cannes"},"content":{"rendered":"<section class=\"l-section wpb_row us_custom_73886dc9 height_medium full_height valign_center color_primary\"><div class=\"l-section-overlay\" style=\"background:rgba(0,0,0,0.60)\"><\/div><div class=\"l-section-h i-cf\"><div class=\"g-cols vc_row via_grid cols_1 laptops-cols_inherit tablets-cols_inherit mobiles-cols_1 valign_top type_default stacking_default\"><div data-us-scroll=\"{&quot;from_initial_position&quot;:&quot;0&quot;,&quot;start_position&quot;:&quot;50%&quot;,&quot;end_position&quot;:&quot;100%&quot;,&quot;delay&quot;:&quot;0.1s&quot;,&quot;translate_y_direction&quot;:&quot;down&quot;,&quot;translate_y_speed&quot;:&quot;0.5x&quot;}\" class=\"wpb_column vc_column_container has_scroll_effects has_translate_y\"><div class=\"vc_column-inner\"><h1 class=\"w-text us_custom_2088eb83\"><span class=\"w-text-h\"><span class=\"w-text-value\">Detective privato Cannes<\/span><\/span><\/h1><\/div><\/div><\/div><\/div><\/section><section class=\"l-section wpb_row height_large\"><div class=\"l-section-overlay\" style=\"background:var(--color-header-transparent-bg)\"><\/div><div class=\"l-section-h i-cf\"><div class=\"g-cols vc_row via_grid cols_1 laptops-cols_inherit tablets-cols_inherit mobiles-cols_1 valign_middle type_default stacking_default\"><div class=\"wpb_column vc_column_container\"><div class=\"vc_column-inner\"><div class=\"wpb_text_column us_custom_df5f4c97 has_text_color\"><div class=\"wpb_wrapper\"><h2><strong>Agenzia investigativa privata a Cannes (06)<\/strong><\/h2>\n<\/div><\/div><div class=\"wpb_text_column us_custom_13a4bf06\"><div class=\"wpb_wrapper\"><p>Benvenuti in Aquila Strat\u00e9gie, il vostro partner di fiducia per soluzioni investigative professionali a Cannes. Siamo un team di esperti qualificati, impegnati a fornire risultati affidabili e prove ammissibili nei tribunali francesi. Il nostro impegno per l&#8217;eccellenza e la discrezione ci rende la prima scelta per le esigenze dei vostri investigatori privati.<\/p>\n<\/div><\/div><div class=\"w-separator size_huge\"><\/div><div class=\"g-cols wpb_row via_grid cols_2 laptops-cols_inherit tablets-cols_inherit mobiles-cols_1 valign_middle type_default reversed stacking_default\" style=\"--columns-gap:4vw;\"><div class=\"wpb_column vc_column_container\"><div class=\"vc_column-inner\"><div class=\"w-image has_ratio align_none\"><div class=\"w-image-h\"><div style=\"padding-bottom:100%\"><\/div><img decoding=\"async\" width=\"1024\" height=\"1024\" src=\"https:\/\/www.astrategie.com\/wp-content\/uploads\/2024\/06\/aquila-strategie-detective-prive-cannes-1024x1024.webp\" class=\"attachment-large size-large\" alt=\"Aquila Strat\u00e9gie - Paysage de Cannes\" loading=\"lazy\" \/><\/div><\/div><\/div><\/div><div class=\"wpb_column vc_column_container\"><div class=\"vc_column-inner\"><div class=\"wpb_text_column us_custom_432d3f53\"><div class=\"wpb_wrapper\"><h2 style=\"text-align: left;\"><span style=\"color: #caa760;\"><strong>Servizi di investigazione privata per privati \u200b\u200ba Cannes<\/strong><\/span><\/h2>\n<p>Noi di Aquila Strat\u00e9gie comprendiamo le sfide affrontate dai nostri singoli clienti. I nostri servizi includono:<\/p>\n<p>&#8211; <strong>Affari coniugali<\/strong> : vi supportiamo nei momenti difficili indagando sull&#8217;infedelt\u00e0 e fornendo prove concrete per procedure di divorzio o trattative amichevoli.<\/p>\n<p>&#8211; <strong>Custodia dei bambini:<\/strong> il nostro team conduce indagini approfondite per garantire la sicurezza e il benessere dei bambini, fornendo informazioni cruciali per le controversie familiari.<\/p>\n<p>&#8211; <strong>Ricerca persone<\/strong> : che si tratti di trovare persone care scomparse o di risolvere complessi conflitti familiari, siamo qui per aiutarti a ottenere le risposte di cui hai bisogno.<\/p>\n<\/div><\/div><\/div><\/div><\/div><\/div><\/div><\/div><\/div><\/section><section class=\"l-section wpb_row height_auto\"><div class=\"l-section-h i-cf\"><div class=\"g-cols vc_row via_grid cols_1 laptops-cols_inherit tablets-cols_inherit mobiles-cols_1 valign_top type_default stacking_default\"><div class=\"wpb_column vc_column_container\"><div class=\"vc_column-inner\"><div class=\"wpb_text_column us_custom_432d3f53\"><div class=\"wpb_wrapper\"><h2 style=\"text-align: left;\"><span style=\"color: #caa760;\">Servizi di investigazione privata per le imprese a Cannes<\/span><\/h2>\n<p style=\"text-align: left;\"><strong>Le aziende a Cannes possono anche beneficiare dei nostri servizi specializzati, tra cui:<\/strong><\/p>\n<p style=\"text-align: left;\">&#8211; <strong>Tutela del marchio<\/strong> : lottiamo contro la contraffazione e la concorrenza sleale, tutelando cos\u00ec gli interessi commerciali dei nostri clienti.<\/p>\n<p style=\"text-align: left;\">&#8211; <strong>Monitoraggio dei dipendenti<\/strong> : aiutiamo le aziende a mantenere un ambiente di lavoro sicuro e produttivo verificando il rispetto delle politiche e delle procedure interne.<\/p>\n<p style=\"text-align: left;\">&#8211; <strong>Investigazioni interne sui furti<\/strong> : identifichiamo e documentiamo le attivit\u00e0 fraudolente all&#8217;interno dell&#8217;azienda, fornendo prove a supporto di procedimenti disciplinari o legali<\/p>\n<\/div><\/div><\/div><\/div><\/div><\/div><\/section><section class=\"l-section wpb_row height_custom\"><div class=\"l-section-h i-cf\"><div class=\"g-cols vc_row via_grid cols_2 laptops-cols_inherit tablets-cols_inherit mobiles-cols_1 valign_middle type_default stacking_default\"><div class=\"wpb_column vc_column_container\"><div class=\"vc_column-inner\"><div class=\"wpb_text_column us_custom_d6b04a95\"><div class=\"wpb_wrapper\"><h2><span style=\"color: #caa760;\">Perch\u00e8 la Strategia dell&#8217;Aquila?<\/span><\/h2>\n<p>Noi di Aquila Strat\u00e9gie ci impegniamo ad offrire soluzioni su misura, adattate alle esigenze specifiche di ogni cliente. Il nostro approccio professionale, la nostra integrit\u00e0 e la nostra dedizione ci distinguono dalle altre agenzie investigative private di Cannes.<\/p>\n<h2><span style=\"color: #caa760;\">Processo di indagine con la strategia dell&#8217;Aquila<\/span><\/h2>\n<p>Il nostro processo di indagine \u00e8 rigoroso e metodico. Iniziamo con un&#8217;analisi approfondita della tua situazione, quindi sviluppiamo una strategia personalizzata per raggiungere i tuoi obiettivi. Durante tutto il processo, ti terremo informato sui nostri progressi e ti forniremo un rapporto dettagliato alla fine dell&#8217;indagine.<\/p>\n<\/div><\/div><\/div><\/div><div class=\"wpb_column vc_column_container\"><div class=\"vc_column-inner\"><div class=\"w-image has_ratio align_none\"><div class=\"w-image-h\"><div style=\"padding-bottom:100%\"><\/div><img decoding=\"async\" width=\"1024\" height=\"473\" src=\"https:\/\/www.astrategie.com\/wp-content\/uploads\/2024\/04\/detective-prive-aquila-strategie-1024x473.jpg\" class=\"attachment-large size-large\" alt=\"D\u00e9tective sur le terrain qui prend une photo\" loading=\"lazy\" \/><\/div><\/div><\/div><\/div><\/div><\/div><\/section><section class=\"l-section wpb_row us_custom_dfeae119 height_large\"><div class=\"l-section-overlay\" style=\"background:var(--color-header-middle-bg)\"><\/div><div class=\"l-section-h i-cf\"><div class=\"g-cols vc_row via_grid cols_1 laptops-cols_inherit tablets-cols_inherit mobiles-cols_1 valign_top type_default stacking_default\"><div class=\"wpb_column vc_column_container\"><div class=\"vc_column-inner\"><div class=\"wpb_text_column us_custom_df5f4c97 has_text_color\"><div class=\"wpb_wrapper\"><h2 class=\"wp-block-heading has-text-align-center text-primary\" style=\"text-align: center;\">Contatta Aquila Strat\u00e9gie oggi per una consulenza riservata<\/h2>\n<p style=\"text-align: center;\">Scegli l&#8217;eccellenza e la discrezione con Aquila Strat\u00e9gie. Contattaci subito per una consulenza riservata e scopri come possiamo aiutarti a ottenere le risposte di cui hai bisogno.<\/p>\n<\/div><\/div><div class=\"w-separator size_medium\"><\/div><div class=\"w-video align_none ratio_16x9 has_iframe\"><div class=\"w-video-h\"><iframe title=\"Youtube video player\" src=\"\/\/www.youtube.com\/embed\/m-Zz0JxMsKQ?autoplay=0&controls=1&origin=https:\/\/www.astrategie.com\/it\/&loop=0&mute=0\" allowfullscreen=\"1\" loading=\"lazy\"><\/iframe><\/div><\/div><\/div><\/div><\/div><\/div><\/section><section class=\"l-section wpb_row us_custom_114a9522 height_custom width_full\"><div class=\"l-section-h i-cf\"><div class=\"g-cols vc_row via_grid cols_1-2-1 laptops-cols_inherit tablets-cols_inherit mobiles-cols_1 valign_top type_default stacking_default\"><div class=\"wpb_column vc_column_container us_custom_6b250f4c us_animate_this\"><div class=\"vc_column-overlay\" style=\"background:#ffffff\"><\/div><div class=\"vc_column-inner\"><\/div><\/div><div class=\"wpb_column vc_column_container\"><div class=\"vc_column-inner\"><h2 class=\"w-text us_custom_4edec70e has_text_color\"><span class=\"w-text-h\"><span class=\"w-text-value\">Contattaci per scoprire la verit\u00e0<\/span><\/span><\/h2><div class=\"w-separator size_small\"><\/div><form class=\"w-form  us-field-style_1 layout_ver show_message_after_sending for_cform us_form_1\" action=\"https:\/\/www.astrategie.com\/it\/wp-json\/wp\/v2\/pages\/10309\" method=\"post\"><div class=\"w-form-h\"><div class=\"w-form-row for_text with_icon\">\r\n\t\t<div class=\"w-form-row-field\">\r\n\t\t\t\t<i class=\"material-icons\">person<\/i>\t\t<input aria-label=\"Nome e cognome\" type=\"text\" name=\"us_form_1_text_1\" value placeholder=\"Nome e cognome\"\/>\r\n\t\t\t<\/div>\r\n\t\t<div class=\"w-form-row-state\">Compila questo campo<\/div>\r\n<\/div>\r\n<div class=\"w-form-row for_email required with_icon\">\r\n\t\t<div class=\"w-form-row-field\">\r\n\t\t\t\t<i class=\"material-icons\">mail<\/i>\t\t<input aria-label=\"Indirizzo di posta\" type=\"email\" name=\"us_form_1_email_1\" value placeholder=\"Indirizzo di posta *\" data-required=\"true\" aria-required=\"true\"\/>\r\n\t\t\t<\/div>\r\n\t\t<div class=\"w-form-row-state\">Inserisci un indirizzo email valido.<\/div>\r\n<\/div>\r\n<div class=\"w-form-row for_text with_icon\">\r\n\t\t<div class=\"w-form-row-field\">\r\n\t\t\t\t<i class=\"material-icons\">phone<\/i>\t\t<input aria-label=\"Telefono\" inputmode=\"tel\" type=\"text\" name=\"us_form_1_text_2\" value placeholder=\"Telefono\"\/>\r\n\t\t\t<\/div>\r\n\t\t<div class=\"w-form-row-state\">Compila questo campo<\/div>\r\n<\/div>\r\n<div class=\"w-form-row for_textarea required with_icon\">\r\n\t\t<div class=\"w-form-row-field\">\r\n\t\t\t\t<i class=\"material-icons\">create<\/i>\t\t<textarea aria-label=\"Messaggio\" name=\"us_form_1_textarea_1\" placeholder=\"Messaggio *\" data-required=\"true\" aria-required=\"true\"><\/textarea>\r\n\t\t\t<\/div>\r\n\t\t<div class=\"w-form-row-state\">Compila questo campo<\/div>\r\n<\/div>\r\n<input type=\"hidden\" name=\"action\" value=\"us_ajax_cform\" \/>\r\n<input type=\"hidden\" name=\"post_id\" value=\"0\" \/>\r\n<input type=\"hidden\" name=\"form_index\" value=\"1\" \/>\r\n<div class=\"w-form-row for_submit align_none\"><button class=\"w-btn us-btn-style_1\" type=\"submit\" aria-label=\"Invia\"><span class=\"g-preloader type_1\"><\/span><span class=\"w-btn-label\">Invia<\/span><\/button><\/div><\/div><div class=\"w-form-message\"><\/div><div class=\"w-form-json hidden\" onclick='return {&quot;ajaxurl&quot;:&quot;https:\\\/\\\/www.astrategie.com\\\/wp-admin\\\/admin-ajax.php&quot;,&quot;messages&quot;:{&quot;err_empty&quot;:&quot;Compila questo campo&quot;,&quot;err_size&quot;:&quot;File size cannot exceed %s MB&quot;,&quot;err_extension&quot;:&quot;%s file type is not allowed&quot;,&quot;err_recaptcha_keys&quot;:&quot;Le chiavi reCAPTCHA sono errate&quot;}}'><\/div><\/form><div class=\"w-separator size_small\"><\/div><\/div><\/div><div class=\"wpb_column vc_column_container\"><div class=\"vc_column-inner\"><\/div><\/div><\/div><\/div><\/section><section class=\"l-section wpb_row height_custom\"><div class=\"l-section-h i-cf\"><div class=\"g-cols vc_row via_grid cols_1 laptops-cols_inherit tablets-cols_inherit mobiles-cols_1 valign_top type_default stacking_default\"><div class=\"wpb_column vc_column_container\"><div class=\"vc_column-inner\"><div class=\"wpb_text_column us_custom_80a192e9\"><div class=\"wpb_wrapper\"><h2 style=\"font-size: 15px;\">Aquila Strat\u00e9gie: Servizi investigativi a Cannes e dintorni<\/h2>\n<\/div><\/div><div class=\"wpb_text_column us_custom_6f9c3709\"><div class=\"wpb_wrapper\"><p>&#8211; Detective privato a Cannes<br \/>\n&#8211; Investigatore privato ad Antibes<br \/>\n&#8211; <a href=\"https:\/\/www.astrategie.com\/it\/nos-agences\/detective-prive-saint-tropez\/\">Investigatore a Saint-Tropez<\/a><br \/>\n&#8211; Agenzia investigativa a Mandelieu-la-Napoule<br \/>\n&#8211; Servizi investigativi a Mougins<br \/>\n&#8211; Detective professionista a Vallauris<br \/>\n&#8211; Investigazioni private a Le Cannet<br \/>\n&#8211; Esperto in indagini a Th\u00e9oule-sur-Mer<br \/>\n&#8211; Detective autorizzato a Grasse<br \/>\n&#8211; <a href=\"https:\/\/www.astrategie.com\/it\/le-nostre-agenzie\/bella-agenzia\/\">Detective privato a Nizza<\/a><br \/>\n&#8211; Risoluzione aziendale a Saint-Rapha\u00ebl<br \/>\n&#8211; Servizi investigativi a Fr\u00e9jus<br \/>\n&#8211; Indagine discreta a Cagnes-sur-Mer<br \/>\n&#8211; Detective professionista a Villeneuve-Loubet<br \/>\n&#8211; Cerca informazioni a Saint-Laurent-du-Var<br \/>\n&#8211; Indagini riservate a Vence<br \/>\n&#8211; Agenzia investigativa a Roquebrune-Cap-Martin<br \/>\n&#8211; Risoluzione delle controversie a Mentone<\/p>\n<\/div><\/div><\/div><\/div><\/div><\/div><\/section><section class=\"l-section wpb_row height_auto width_full\"><div class=\"l-section-overlay\" style=\"background:var(--color-header-middle-bg)\"><\/div><div class=\"l-section-h i-cf\"><div class=\"g-cols vc_row via_grid cols_1 laptops-cols_inherit tablets-cols_inherit mobiles-cols_1 valign_top type_default stacking_default\"><div class=\"wpb_column vc_column_container\"><div class=\"vc_column-inner\"><section class=\"l-section wpb_row us_custom_f6b110f6 height_huge\"><div class=\"l-section-overlay\" style=\"background:var(--color-header-middle-text-hover)\"><\/div><div class=\"l-section-h i-cf\"><div class=\"g-cols vc_row via_grid cols_2 laptops-cols_inherit tablets-cols_inherit mobiles-cols_1 valign_top type_default stacking_default\"><div class=\"wpb_column vc_column_container\"><div class=\"vc_column-inner\"><h2 class=\"w-text us_custom_8b3d6790 has_text_color\"><span class=\"w-text-h\"><span class=\"w-text-value\">Dove interveniamo?<\/span><\/span><\/h2><\/div><\/div><div class=\"wpb_column vc_column_container\"><div class=\"vc_column-inner\"><div class=\"wpb_text_column us_custom_8f7f4901 has_text_color\"><div class=\"wpb_wrapper\"><div class=\"wp-block-columns py-8 full-width is-layout-flex wp-container-core-columns-layout-18 wp-block-columns-is-layout-flex\">\n<div class=\"wp-block-column container mx-auto is-layout-flow wp-block-column-is-layout-flow\">\n<p>Aquila Strat\u00e9gie \u00e8 al tuo servizio <strong>24 ore su 24<\/strong> , 7 giorni su 7. La tua agenzia <strong>investigativa privata<\/strong> ha una vasta area di intervento. Per <strong>Fr\u00e9jus<\/strong>, siamo a vostra disposizione per indagare a Saint Tropez , Puget-sur-Argens, Roquebrune-sur-Argens, Sainte-Maxime, Mandelieu, Vidauban, Draguignan, Cogolin, Cannes, Le Cannet, Mougins, Grasse, Vallauris, Valbonne, Antibes\u2026<\/p>\n<\/div>\n<\/div>\n<\/div><\/div><\/div><\/div><\/div><\/div><\/section>\n<\/div><\/div><\/div><\/div><\/section>\n","protected":false},"excerpt":{"rendered":"Detective privato CannesAgenzia investigativa privata a Cannes (06) Benvenuti in Aquila Strat\u00e9gie, il vostro partner di fiducia per soluzioni investigative professionali a Cannes. Siamo un team di esperti qualificati, impegnati a fornire risultati affidabili e prove ammissibili nei tribunali francesi. Il nostro impegno per l&#8217;eccellenza e la discrezione ci rende la prima scelta per le...","protected":false},"author":2,"featured_media":0,"parent":10262,"menu_order":18,"comment_status":"closed","ping_status":"closed","template":"","meta":{"footnotes":""},"class_list":["post-10309","page","type-page","status-publish","hentry"],"yoast_head":"<!-- This site is optimized with the Yoast SEO plugin v27.5 - https:\/\/yoast.com\/product\/yoast-seo-wordpress\/ -->\n<title>Detective privato Cannes - Aquila Strat\u00e9gie - D\u00e9tective priv\u00e9<\/title>\n<meta name=\"robots\" content=\"index, follow, max-snippet:-1, max-image-preview:large, max-video-preview:-1\" \/>\n<link rel=\"canonical\" href=\"https:\/\/www.astrategie.com\/nos-agences\/detective-prive-cannes\/\" \/>\n<meta property=\"og:locale\" content=\"it_IT\" \/>\n<meta property=\"og:type\" content=\"article\" \/>\n<meta property=\"og:title\" content=\"Detective privato Cannes - Aquila Strat\u00e9gie - D\u00e9tective priv\u00e9\" \/>\n<meta property=\"og:url\" content=\"https:\/\/www.astrategie.com\/nos-agences\/detective-prive-cannes\/\" \/>\n<meta property=\"og:site_name\" content=\"Aquila Strat\u00e9gie - D\u00e9tective priv\u00e9\" \/>\n<meta property=\"article:publisher\" content=\"https:\/\/www.facebook.com\/people\/Aquila-Stratgie-Cabinet-de-dtective-priv\/100078759792102\/?viewas&amp;show_switched_toast=false&amp;show_switched_tooltip=false&amp;is_tour_dismissed=false&amp;is_tour_completed=false&amp;show_podcast_settings=false&amp;show_community_review_changes=false&amp;should_open_composer=false&amp;badge_type=NEW_MEMBER&amp;show_community_rollback_toast=false&amp;show_community_rollback=false&amp;show_follower_visibility_disclosure=false&amp;bypass_exit_warning=true\" \/>\n<meta property=\"article:modified_time\" content=\"2024-06-28T11:01:58+00:00\" \/>\n<meta name=\"twitter:card\" content=\"summary_large_image\" \/>\n<meta name=\"twitter:label1\" content=\"Tempo di lettura stimato\" \/>\n\t<meta name=\"twitter:data1\" content=\"7 minuti\" \/>\n<script type=\"application\/ld+json\" class=\"yoast-schema-graph\">{\"@context\":\"https:\\\/\\\/schema.org\",\"@graph\":[{\"@type\":\"WebPage\",\"@id\":\"https:\\\/\\\/www.astrategie.com\\\/nos-agences\\\/detective-prive-cannes\\\/\",\"url\":\"https:\\\/\\\/www.astrategie.com\\\/nos-agences\\\/detective-prive-cannes\\\/\",\"name\":\"Detective privato Cannes - Aquila Strat\u00e9gie - D\u00e9tective priv\u00e9\",\"isPartOf\":{\"@id\":\"https:\\\/\\\/www.astrategie.com\\\/#website\"},\"datePublished\":\"2024-05-15T10:54:17+00:00\",\"dateModified\":\"2024-06-28T11:01:58+00:00\",\"breadcrumb\":{\"@id\":\"https:\\\/\\\/www.astrategie.com\\\/nos-agences\\\/detective-prive-cannes\\\/#breadcrumb\"},\"inLanguage\":\"it-IT\",\"potentialAction\":[{\"@type\":\"ReadAction\",\"target\":[\"https:\\\/\\\/www.astrategie.com\\\/nos-agences\\\/detective-prive-cannes\\\/\"]}]},{\"@type\":\"BreadcrumbList\",\"@id\":\"https:\\\/\\\/www.astrategie.com\\\/nos-agences\\\/detective-prive-cannes\\\/#breadcrumb\",\"itemListElement\":[{\"@type\":\"ListItem\",\"position\":1,\"name\":\"Accueil\",\"item\":\"https:\\\/\\\/www.astrategie.com\\\/\"},{\"@type\":\"ListItem\",\"position\":2,\"name\":\"Le nostre agenzie\",\"item\":\"https:\\\/\\\/www.astrategie.com\\\/nos-agences\\\/\"},{\"@type\":\"ListItem\",\"position\":3,\"name\":\"Detective privato Cannes\"}]},{\"@type\":\"WebSite\",\"@id\":\"https:\\\/\\\/www.astrategie.com\\\/#website\",\"url\":\"https:\\\/\\\/www.astrategie.com\\\/\",\"name\":\"Aquila Strat\u00e9gie d\u00e9tective\",\"description\":\"Cabinet de d\u00e9tective priv\u00e9\",\"publisher\":{\"@id\":\"https:\\\/\\\/www.astrategie.com\\\/#organization\"},\"alternateName\":\"Aquila Strat\u00e9gie\",\"potentialAction\":[{\"@type\":\"SearchAction\",\"target\":{\"@type\":\"EntryPoint\",\"urlTemplate\":\"https:\\\/\\\/www.astrategie.com\\\/?s={search_term_string}\"},\"query-input\":{\"@type\":\"PropertyValueSpecification\",\"valueRequired\":true,\"valueName\":\"search_term_string\"}}],\"inLanguage\":\"it-IT\"},{\"@type\":\"Organization\",\"@id\":\"https:\\\/\\\/www.astrategie.com\\\/#organization\",\"name\":\"D\u00e9tective Priv\u00e9 Aquila Strat\u00e9gie\",\"alternateName\":\"Aquila Strat\u00e9gie d\u00e9tective\",\"url\":\"https:\\\/\\\/www.astrategie.com\\\/\",\"logo\":{\"@type\":\"ImageObject\",\"inLanguage\":\"it-IT\",\"@id\":\"https:\\\/\\\/www.astrategie.com\\\/#\\\/schema\\\/logo\\\/image\\\/\",\"url\":\"https:\\\/\\\/www.astrategie.com\\\/wp-content\\\/uploads\\\/2017\\\/07\\\/Aquila-strategie-logo-detective-toulon-nice-monaco-blk.png\",\"contentUrl\":\"https:\\\/\\\/www.astrategie.com\\\/wp-content\\\/uploads\\\/2017\\\/07\\\/Aquila-strategie-logo-detective-toulon-nice-monaco-blk.png\",\"width\":529,\"height\":180,\"caption\":\"D\u00e9tective Priv\u00e9 Aquila Strat\u00e9gie\"},\"image\":{\"@id\":\"https:\\\/\\\/www.astrategie.com\\\/#\\\/schema\\\/logo\\\/image\\\/\"},\"sameAs\":[\"https:\\\/\\\/www.facebook.com\\\/people\\\/Aquila-Stratgie-Cabinet-de-dtective-priv\\\/100078759792102\\\/?viewas&show_switched_toast=false&show_switched_tooltip=false&is_tour_dismissed=false&is_tour_completed=false&show_podcast_settings=false&show_community_review_changes=false&should_open_composer=false&badge_type=NEW_MEMBER&show_community_rollback_toast=false&show_community_rollback=false&show_follower_visibility_disclosure=false&bypass_exit_warning=true\",\"https:\\\/\\\/www.instagram.com\\\/aquilastrategiedetective\\\/\",\"https:\\\/\\\/www.linkedin.com\\\/company\\\/aquila-stratgie\\\/\"]}]}<\/script>\n<!-- \/ Yoast SEO plugin. -->","yoast_head_json":{"title":"Detective privato Cannes - Aquila Strat\u00e9gie - D\u00e9tective priv\u00e9","robots":{"index":"index","follow":"follow","max-snippet":"max-snippet:-1","max-image-preview":"max-image-preview:large","max-video-preview":"max-video-preview:-1"},"canonical":"https:\/\/www.astrategie.com\/nos-agences\/detective-prive-cannes\/","og_locale":"it_IT","og_type":"article","og_title":"Detective privato Cannes - Aquila Strat\u00e9gie - D\u00e9tective priv\u00e9","og_url":"https:\/\/www.astrategie.com\/nos-agences\/detective-prive-cannes\/","og_site_name":"Aquila Strat\u00e9gie - D\u00e9tective priv\u00e9","article_publisher":"https:\/\/www.facebook.com\/people\/Aquila-Stratgie-Cabinet-de-dtective-priv\/100078759792102\/?viewas&show_switched_toast=false&show_switched_tooltip=false&is_tour_dismissed=false&is_tour_completed=false&show_podcast_settings=false&show_community_review_changes=false&should_open_composer=false&badge_type=NEW_MEMBER&show_community_rollback_toast=false&show_community_rollback=false&show_follower_visibility_disclosure=false&bypass_exit_warning=true","article_modified_time":"2024-06-28T11:01:58+00:00","twitter_card":"summary_large_image","twitter_misc":{"Tempo di lettura stimato":"7 minuti"},"schema":{"@context":"https:\/\/schema.org","@graph":[{"@type":"WebPage","@id":"https:\/\/www.astrategie.com\/nos-agences\/detective-prive-cannes\/","url":"https:\/\/www.astrategie.com\/nos-agences\/detective-prive-cannes\/","name":"Detective privato Cannes - Aquila Strat\u00e9gie - D\u00e9tective priv\u00e9","isPartOf":{"@id":"https:\/\/www.astrategie.com\/#website"},"datePublished":"2024-05-15T10:54:17+00:00","dateModified":"2024-06-28T11:01:58+00:00","breadcrumb":{"@id":"https:\/\/www.astrategie.com\/nos-agences\/detective-prive-cannes\/#breadcrumb"},"inLanguage":"it-IT","potentialAction":[{"@type":"ReadAction","target":["https:\/\/www.astrategie.com\/nos-agences\/detective-prive-cannes\/"]}]},{"@type":"BreadcrumbList","@id":"https:\/\/www.astrategie.com\/nos-agences\/detective-prive-cannes\/#breadcrumb","itemListElement":[{"@type":"ListItem","position":1,"name":"Accueil","item":"https:\/\/www.astrategie.com\/"},{"@type":"ListItem","position":2,"name":"Le nostre agenzie","item":"https:\/\/www.astrategie.com\/nos-agences\/"},{"@type":"ListItem","position":3,"name":"Detective privato Cannes"}]},{"@type":"WebSite","@id":"https:\/\/www.astrategie.com\/#website","url":"https:\/\/www.astrategie.com\/","name":"Aquila Strat\u00e9gie d\u00e9tective","description":"Cabinet de d\u00e9tective priv\u00e9","publisher":{"@id":"https:\/\/www.astrategie.com\/#organization"},"alternateName":"Aquila Strat\u00e9gie","potentialAction":[{"@type":"SearchAction","target":{"@type":"EntryPoint","urlTemplate":"https:\/\/www.astrategie.com\/?s={search_term_string}"},"query-input":{"@type":"PropertyValueSpecification","valueRequired":true,"valueName":"search_term_string"}}],"inLanguage":"it-IT"},{"@type":"Organization","@id":"https:\/\/www.astrategie.com\/#organization","name":"D\u00e9tective Priv\u00e9 Aquila Strat\u00e9gie","alternateName":"Aquila Strat\u00e9gie d\u00e9tective","url":"https:\/\/www.astrategie.com\/","logo":{"@type":"ImageObject","inLanguage":"it-IT","@id":"https:\/\/www.astrategie.com\/#\/schema\/logo\/image\/","url":"https:\/\/www.astrategie.com\/wp-content\/uploads\/2017\/07\/Aquila-strategie-logo-detective-toulon-nice-monaco-blk.png","contentUrl":"https:\/\/www.astrategie.com\/wp-content\/uploads\/2017\/07\/Aquila-strategie-logo-detective-toulon-nice-monaco-blk.png","width":529,"height":180,"caption":"D\u00e9tective Priv\u00e9 Aquila Strat\u00e9gie"},"image":{"@id":"https:\/\/www.astrategie.com\/#\/schema\/logo\/image\/"},"sameAs":["https:\/\/www.facebook.com\/people\/Aquila-Stratgie-Cabinet-de-dtective-priv\/100078759792102\/?viewas&show_switched_toast=false&show_switched_tooltip=false&is_tour_dismissed=false&is_tour_completed=false&show_podcast_settings=false&show_community_review_changes=false&should_open_composer=false&badge_type=NEW_MEMBER&show_community_rollback_toast=false&show_community_rollback=false&show_follower_visibility_disclosure=false&bypass_exit_warning=true","https:\/\/www.instagram.com\/aquilastrategiedetective\/","https:\/\/www.linkedin.com\/company\/aquila-stratgie\/"]}]}},"_links":{"self":[{"href":"https:\/\/www.astrategie.com\/it\/wp-json\/wp\/v2\/pages\/10309","targetHints":{"allow":["GET"]}}],"collection":[{"href":"https:\/\/www.astrategie.com\/it\/wp-json\/wp\/v2\/pages"}],"about":[{"href":"https:\/\/www.astrategie.com\/it\/wp-json\/wp\/v2\/types\/page"}],"author":[{"embeddable":true,"href":"https:\/\/www.astrategie.com\/it\/wp-json\/wp\/v2\/users\/2"}],"replies":[{"embeddable":true,"href":"https:\/\/www.astrategie.com\/it\/wp-json\/wp\/v2\/comments?post=10309"}],"version-history":[{"count":4,"href":"https:\/\/www.astrategie.com\/it\/wp-json\/wp\/v2\/pages\/10309\/revisions"}],"predecessor-version":[{"id":10711,"href":"https:\/\/www.astrategie.com\/it\/wp-json\/wp\/v2\/pages\/10309\/revisions\/10711"}],"up":[{"embeddable":true,"href":"https:\/\/www.astrategie.com\/it\/wp-json\/wp\/v2\/pages\/10262"}],"wp:attachment":[{"href":"https:\/\/www.astrategie.com\/it\/wp-json\/wp\/v2\/media?parent=10309"}],"curies":[{"name":"wp","href":"https:\/\/api.w.org\/{rel}","templated":true}]}}