{"id":10395,"date":"2024-03-05T09:22:01","date_gmt":"2024-03-05T08:22:01","guid":{"rendered":"https:\/\/www.astrategie.com\/noticias\/"},"modified":"2024-06-20T16:09:11","modified_gmt":"2024-06-20T14:09:11","slug":"noticias","status":"publish","type":"page","link":"https:\/\/www.astrategie.com\/pt-pt\/noticias\/","title":{"rendered":"Not\u00edcias"},"content":{"rendered":"<section class=\"l-section wpb_row us_custom_54e6bcd5 height_medium full_height valign_center color_primary\"><div class=\"l-section-overlay\" style=\"background:rgba(0,0,0,0.60)\"><\/div><div class=\"l-section-h i-cf\"><div class=\"g-cols vc_row via_grid cols_1 laptops-cols_inherit tablets-cols_inherit mobiles-cols_1 valign_top type_default stacking_default\"><div data-us-scroll=\"{&quot;from_initial_position&quot;:&quot;0&quot;,&quot;start_position&quot;:&quot;50%&quot;,&quot;end_position&quot;:&quot;100%&quot;,&quot;delay&quot;:&quot;0.1s&quot;,&quot;translate_y_direction&quot;:&quot;down&quot;,&quot;translate_y_speed&quot;:&quot;0.5x&quot;}\" class=\"wpb_column vc_column_container has_scroll_effects has_translate_y\"><div class=\"vc_column-inner\"><h1 class=\"w-text us_custom_2088eb83\"><span class=\"w-text-h\"><span class=\"w-text-value\">Not\u00edcias<\/span><\/span><\/h1><\/div><\/div><\/div><\/div><\/section><section class=\"l-section wpb_row height_custom\"><div class=\"l-section-h i-cf\"><div class=\"g-cols vc_row via_grid cols_1 laptops-cols_inherit tablets-cols_inherit mobiles-cols_1 valign_top type_default stacking_default\"><div class=\"wpb_column vc_column_container\"><div class=\"vc_column-inner\"><div class=\"w-grid us_grid type_grid layout_blog_11 cols_2 pagination_ajax preload_style_spinner ratio_3x2\" id=\"us_grid_1\" style=\"--columns:2;--gap:3.5vh;--item-ratio:0.66667;\" data-filterable=\"true\"><style>@media (max-width:600px){#us_grid_1{--columns:1!important}}.layout_blog_11 .w-grid-item-h{}.layout_blog_11 .usg_post_title_1{font-size:1.4rem!important;font-weight:700!important;margin-bottom:0.5rem!important}.layout_blog_11 .usg_hwrapper_1{color:var(--color-content-faded)!important;font-size:0.9rem!important}.layout_blog_11 .usg_post_taxonomy_1{font-weight:700!important;text-transform:uppercase!important}.layout_blog_11 .usg_post_image_1{margin-top:0.7rem!important}.layout_blog_11 .usg_post_content_1{max-width:600px!important;margin-top:0.8rem!important}@media (max-width:600px){.layout_blog_11 .usg_post_title_1{font-size:1.2rem!important}}<\/style><div class=\"w-grid-list\">\t<article class=\"w-grid-item size_1x1 post-10572 post type-post status-publish format-standard has-post-thumbnail sticky hentry category-noticias\" data-id=\"10572\">\r\n\t\t<div class=\"w-grid-item-h\">\r\n\t\t\t\t\t\t<h2 class=\"w-post-elm post_title usg_post_title_1 entry-title color_link_inherit\"><a href=\"https:\/\/www.astrategie.com\/pt-pt\/por-que-provar-uma-paralisacao-abusiva-do-trabalho-por-parte-de-um-detetive-particular\/\">Por que provar uma paralisa\u00e7\u00e3o abusiva do trabalho por parte de um detetive particular?<\/a><\/h2><div class=\"w-hwrapper usg_hwrapper_1 has_text_color align_none valign_top wrap\"><div class=\"w-post-elm post_taxonomy usg_post_taxonomy_1 style_simple\"><a class=\"term-66 term-noticias\" href=\"https:\/\/www.astrategie.com\/pt-pt\/category\/noticias\/\">Not\u00edcias<\/a><\/div><time class=\"w-post-elm post_date usg_post_date_1 entry-date published\" datetime=\"2023-03-07T12:29:20+01:00\" title=\"7 Mar\u00e7o 2023 \u00e0s 12:29:20 Europe\/Paris\">H\u00e1 3 anos<\/time><\/div><div class=\"w-post-elm post_image usg_post_image_1 stretched\"><a href=\"https:\/\/www.astrategie.com\/pt-pt\/por-que-provar-uma-paralisacao-abusiva-do-trabalho-por-parte-de-um-detetive-particular\/\" aria-label=\"Por que provar uma paralisa\u00e7\u00e3o abusiva do trabalho por parte de um detetive particular?\"><img loading=\"lazy\" decoding=\"async\" width=\"1024\" height=\"1024\" src=\"https:\/\/www.astrategie.com\/wp-content\/uploads\/2024\/02\/service-client-mystere-pour-controler-et-ameliorer-les-performances-de-votre-entreprise-aquila-1024x1024.jpg\" class=\"attachment-large size-large wp-post-image\" alt=\"Homme dans un tunnel\" srcset=\"https:\/\/www.astrategie.com\/wp-content\/uploads\/2024\/02\/service-client-mystere-pour-controler-et-ameliorer-les-performances-de-votre-entreprise-aquila-1024x1024.jpg 1024w, https:\/\/www.astrategie.com\/wp-content\/uploads\/2024\/02\/service-client-mystere-pour-controler-et-ameliorer-les-performances-de-votre-entreprise-aquila-300x300.jpg 300w, https:\/\/www.astrategie.com\/wp-content\/uploads\/2024\/02\/service-client-mystere-pour-controler-et-ameliorer-les-performances-de-votre-entreprise-aquila-150x150.jpg 150w, https:\/\/www.astrategie.com\/wp-content\/uploads\/2024\/02\/service-client-mystere-pour-controler-et-ameliorer-les-performances-de-votre-entreprise-aquila.jpg 1080w\" sizes=\"auto, (max-width: 1024px) 100vw, 1024px\" \/><\/a><\/div><div class=\"w-post-elm post_content usg_post_content_1\">Por que voc\u00ea deveria provar a paralisa\u00e7\u00e3o abusiva do trabalho por parte de um detetive particular?Voc\u00ea duvida da veracidade do motivo da interrup\u00e7\u00e3o do trabalho do seu funcion\u00e1rio? Comprovar a&hellip;<\/div>\t\t<\/div>\r\n\t\t\t<\/article>\r\n\t<article class=\"w-grid-item size_1x1 post-10561 post type-post status-publish format-standard has-post-thumbnail hentry category-villes\" data-id=\"10561\">\r\n\t\t<div class=\"w-grid-item-h\">\r\n\t\t\t\t\t\t<h2 class=\"w-post-elm post_title usg_post_title_1 entry-title color_link_inherit\"><a href=\"https:\/\/www.astrategie.com\/pt-pt\/divorcios-separacoes-e-infidelidades-em-nice-chame-um-detetive-particular\/\">Div\u00f3rcios, Separa\u00e7\u00f5es e Infidelidades em Nice: chame um detetive particular<\/a><\/h2><div class=\"w-hwrapper usg_hwrapper_1 has_text_color align_none valign_top wrap\"><div class=\"w-post-elm post_taxonomy usg_post_taxonomy_1 style_simple\"><a class=\"term-56 term-villes\" href=\"https:\/\/www.astrategie.com\/category\/villes\/\">Villes<\/a><\/div><time class=\"w-post-elm post_date usg_post_date_1 entry-date published\" datetime=\"2024-04-08T17:10:07+02:00\" title=\"8 Abril 2024 \u00e0s 17:10:07 Europe\/Paris\">H\u00e1 2 anos<\/time><\/div><div class=\"w-post-elm post_image usg_post_image_1 stretched\"><a href=\"https:\/\/www.astrategie.com\/pt-pt\/divorcios-separacoes-e-infidelidades-em-nice-chame-um-detetive-particular\/\" aria-label=\"Div\u00f3rcios, Separa\u00e7\u00f5es e Infidelidades em Nice: chame um detetive particular\"><img loading=\"lazy\" decoding=\"async\" width=\"1024\" height=\"1024\" src=\"https:\/\/www.astrategie.com\/wp-content\/uploads\/2024\/04\/Detective-prive-nice-var-divorce-infidelite-1024x1024.jpg\" class=\"attachment-large size-large wp-post-image\" alt=\"Femme assise qui tient une tasse\" srcset=\"https:\/\/www.astrategie.com\/wp-content\/uploads\/2024\/04\/Detective-prive-nice-var-divorce-infidelite-1024x1024.jpg 1024w, https:\/\/www.astrategie.com\/wp-content\/uploads\/2024\/04\/Detective-prive-nice-var-divorce-infidelite-300x300.jpg 300w, https:\/\/www.astrategie.com\/wp-content\/uploads\/2024\/04\/Detective-prive-nice-var-divorce-infidelite-150x150.jpg 150w, https:\/\/www.astrategie.com\/wp-content\/uploads\/2024\/04\/Detective-prive-nice-var-divorce-infidelite.jpg 1080w\" sizes=\"auto, (max-width: 1024px) 100vw, 1024px\" \/><\/a><\/div><div class=\"w-post-elm post_content usg_post_content_1\">Div\u00f3rcios, Separa\u00e7\u00f5es e Infidelidades, consulte um &lt;span style=&quot;&#8221;color:&quot;&gt;detetive particular qualificado em Nice&lt;\/span&gt; , VarNice, a cidade emblem\u00e1tica da C\u00f4te d&#8217;Azur, n\u00e3o \u00e9 conhecida apenas pelas suas paisagens pitorescas e pelo&hellip;<\/div>\t\t<\/div>\r\n\t\t\t<\/article>\r\n\t<article class=\"w-grid-item size_1x1 post-10568 post type-post status-publish format-standard has-post-thumbnail hentry category-noticias\" data-id=\"10568\">\r\n\t\t<div class=\"w-grid-item-h\">\r\n\t\t\t\t\t\t<h2 class=\"w-post-elm post_title usg_post_title_1 entry-title color_link_inherit\"><a href=\"https:\/\/www.astrategie.com\/pt-pt\/prove-atos-de-concorrencia-desleal-usando-um-detetive-particular\/\">Prove atos de concorr\u00eancia desleal usando um detetive particular<\/a><\/h2><div class=\"w-hwrapper usg_hwrapper_1 has_text_color align_none valign_top wrap\"><div class=\"w-post-elm post_taxonomy usg_post_taxonomy_1 style_simple\"><a class=\"term-66 term-noticias\" href=\"https:\/\/www.astrategie.com\/pt-pt\/category\/noticias\/\">Not\u00edcias<\/a><\/div><time class=\"w-post-elm post_date usg_post_date_1 entry-date published\" datetime=\"2023-03-07T12:32:15+01:00\" title=\"7 Mar\u00e7o 2023 \u00e0s 12:32:15 Europe\/Paris\">H\u00e1 3 anos<\/time><\/div><div class=\"w-post-elm post_image usg_post_image_1 stretched\"><a href=\"https:\/\/www.astrategie.com\/pt-pt\/prove-atos-de-concorrencia-desleal-usando-um-detetive-particular\/\" aria-label=\"Prove atos de concorr\u00eancia desleal usando um detetive particular\"><img loading=\"lazy\" decoding=\"async\" width=\"1024\" height=\"1024\" src=\"https:\/\/www.astrategie.com\/wp-content\/uploads\/2024\/02\/pourquoi-contacter-notre-agence-detective-privee-antibes.jpg\" class=\"attachment-large size-large wp-post-image\" alt=\"D\u00e9tective qui lit un livre\" srcset=\"https:\/\/www.astrategie.com\/wp-content\/uploads\/2024\/02\/pourquoi-contacter-notre-agence-detective-privee-antibes.jpg 1024w, https:\/\/www.astrategie.com\/wp-content\/uploads\/2024\/02\/pourquoi-contacter-notre-agence-detective-privee-antibes-300x300.jpg 300w, https:\/\/www.astrategie.com\/wp-content\/uploads\/2024\/02\/pourquoi-contacter-notre-agence-detective-privee-antibes-150x150.jpg 150w\" sizes=\"auto, (max-width: 1024px) 100vw, 1024px\" \/><\/a><\/div><div class=\"w-post-elm post_content usg_post_content_1\">Prove atos de concorr\u00eancia desleal usando um detetive particularO que \u00e9 concorr\u00eancia desleal? A concorr\u00eancia desleal \u00e9 uma pr\u00e1tica comercial que vai contra a lealdade, os costumes e as regras&hellip;<\/div>\t\t<\/div>\r\n\t\t\t<\/article>\r\n<\/div>\t<div class=\"w-grid-preloader\">\r\n\t\t<div class=\"g-preloader type_1\">\r\n\t\t\t<div><\/div>\r\n\t\t<\/div>\r\n\t<\/div>\r\n\t\t<div class=\"w-grid-json hidden\" onclick='return {&quot;action&quot;:&quot;us_ajax_grid&quot;,&quot;infinite_scroll&quot;:0,&quot;max_num_pages&quot;:1,&quot;pagination&quot;:&quot;ajax&quot;,&quot;template_vars&quot;:{&quot;columns&quot;:&quot;2&quot;,&quot;exclude_items&quot;:&quot;none&quot;,&quot;img_size&quot;:&quot;default&quot;,&quot;ignore_items_size&quot;:0,&quot;items_layout&quot;:&quot;blog_11&quot;,&quot;items_offset&quot;:&quot;1&quot;,&quot;load_animation&quot;:&quot;none&quot;,&quot;overriding_link&quot;:&quot;%7B%22url%22%3A%22%22%7D&quot;,&quot;post_id&quot;:0,&quot;query_args&quot;:{&quot;post_type&quot;:[&quot;post&quot;],&quot;post_status&quot;:[&quot;publish&quot;],&quot;posts_per_page&quot;:&quot;10&quot;},&quot;orderby_query_args&quot;:{&quot;orderby&quot;:{&quot;date&quot;:&quot;DESC&quot;}},&quot;type&quot;:&quot;grid&quot;,&quot;us_grid_post_type&quot;:&quot;post&quot;,&quot;us_grid_ajax_index&quot;:1,&quot;us_grid_filter_query_string&quot;:null,&quot;us_grid_index&quot;:1,&quot;page_args&quot;:[],&quot;lang&quot;:&quot;pt-pt&quot;}}'><\/div>\r\n\t<\/div><\/div><\/div><\/div><\/div><\/section>\n","protected":false},"excerpt":{"rendered":"Prove atos de concorr\u00eancia desleal usando um detetive particularO que \u00e9 concorr\u00eancia desleal? A concorr\u00eancia desleal \u00e9 uma pr\u00e1tica comercial que vai contra a lealdade, os costumes e as regras que regem os princ\u00edpios da concorr\u00eancia. Consiste na ado\u00e7\u00e3o de comportamentos contr\u00e1rios \u00e0 \u00e9tica e \u00e0 lei com o objetivo de obter uma vantagem competitiva...","protected":false},"author":2,"featured_media":0,"parent":0,"menu_order":16,"comment_status":"closed","ping_status":"closed","template":"","meta":{"footnotes":""},"class_list":["post-10395","page","type-page","status-publish","hentry"],"yoast_head":"<!-- This site is optimized with the Yoast SEO plugin v27.4 - https:\/\/yoast.com\/product\/yoast-seo-wordpress\/ -->\n<title>Not\u00edcias - Aquila Strat\u00e9gie - D\u00e9tective priv\u00e9<\/title>\n<meta name=\"robots\" content=\"index, follow, max-snippet:-1, max-image-preview:large, max-video-preview:-1\" \/>\n<link rel=\"canonical\" href=\"https:\/\/www.astrategie.com\/actualites\/\" \/>\n<meta property=\"og:locale\" content=\"pt_PT\" \/>\n<meta property=\"og:type\" content=\"article\" \/>\n<meta property=\"og:title\" content=\"Not\u00edcias - Aquila Strat\u00e9gie - D\u00e9tective priv\u00e9\" \/>\n<meta property=\"og:url\" content=\"https:\/\/www.astrategie.com\/actualites\/\" \/>\n<meta property=\"og:site_name\" content=\"Aquila Strat\u00e9gie - D\u00e9tective priv\u00e9\" \/>\n<meta property=\"article:publisher\" content=\"https:\/\/www.facebook.com\/people\/Aquila-Stratgie-Cabinet-de-dtective-priv\/100078759792102\/?viewas&amp;show_switched_toast=false&amp;show_switched_tooltip=false&amp;is_tour_dismissed=false&amp;is_tour_completed=false&amp;show_podcast_settings=false&amp;show_community_review_changes=false&amp;should_open_composer=false&amp;badge_type=NEW_MEMBER&amp;show_community_rollback_toast=false&amp;show_community_rollback=false&amp;show_follower_visibility_disclosure=false&amp;bypass_exit_warning=true\" \/>\n<meta property=\"article:modified_time\" content=\"2024-06-20T14:09:11+00:00\" \/>\n<meta name=\"twitter:card\" content=\"summary_large_image\" \/>\n<meta name=\"twitter:label1\" content=\"Tempo estimado de leitura\" \/>\n\t<meta name=\"twitter:data1\" content=\"1 minuto\" \/>\n<script type=\"application\/ld+json\" class=\"yoast-schema-graph\">{\"@context\":\"https:\\\/\\\/schema.org\",\"@graph\":[{\"@type\":\"WebPage\",\"@id\":\"https:\\\/\\\/www.astrategie.com\\\/actualites\\\/\",\"url\":\"https:\\\/\\\/www.astrategie.com\\\/actualites\\\/\",\"name\":\"Not\u00edcias - Aquila Strat\u00e9gie - D\u00e9tective priv\u00e9\",\"isPartOf\":{\"@id\":\"https:\\\/\\\/www.astrategie.com\\\/#website\"},\"datePublished\":\"2024-03-05T08:22:01+00:00\",\"dateModified\":\"2024-06-20T14:09:11+00:00\",\"breadcrumb\":{\"@id\":\"https:\\\/\\\/www.astrategie.com\\\/actualites\\\/#breadcrumb\"},\"inLanguage\":\"pt-PT\",\"potentialAction\":[{\"@type\":\"ReadAction\",\"target\":[\"https:\\\/\\\/www.astrategie.com\\\/actualites\\\/\"]}]},{\"@type\":\"BreadcrumbList\",\"@id\":\"https:\\\/\\\/www.astrategie.com\\\/actualites\\\/#breadcrumb\",\"itemListElement\":[{\"@type\":\"ListItem\",\"position\":1,\"name\":\"Accueil\",\"item\":\"https:\\\/\\\/www.astrategie.com\\\/\"},{\"@type\":\"ListItem\",\"position\":2,\"name\":\"Not\u00edcias\"}]},{\"@type\":\"WebSite\",\"@id\":\"https:\\\/\\\/www.astrategie.com\\\/#website\",\"url\":\"https:\\\/\\\/www.astrategie.com\\\/\",\"name\":\"Aquila Strat\u00e9gie d\u00e9tective\",\"description\":\"Cabinet de d\u00e9tective priv\u00e9\",\"publisher\":{\"@id\":\"https:\\\/\\\/www.astrategie.com\\\/#organization\"},\"alternateName\":\"Aquila Strat\u00e9gie\",\"potentialAction\":[{\"@type\":\"SearchAction\",\"target\":{\"@type\":\"EntryPoint\",\"urlTemplate\":\"https:\\\/\\\/www.astrategie.com\\\/?s={search_term_string}\"},\"query-input\":{\"@type\":\"PropertyValueSpecification\",\"valueRequired\":true,\"valueName\":\"search_term_string\"}}],\"inLanguage\":\"pt-PT\"},{\"@type\":\"Organization\",\"@id\":\"https:\\\/\\\/www.astrategie.com\\\/#organization\",\"name\":\"D\u00e9tective Priv\u00e9 Aquila Strat\u00e9gie\",\"alternateName\":\"Aquila Strat\u00e9gie d\u00e9tective\",\"url\":\"https:\\\/\\\/www.astrategie.com\\\/\",\"logo\":{\"@type\":\"ImageObject\",\"inLanguage\":\"pt-PT\",\"@id\":\"https:\\\/\\\/www.astrategie.com\\\/#\\\/schema\\\/logo\\\/image\\\/\",\"url\":\"https:\\\/\\\/www.astrategie.com\\\/wp-content\\\/uploads\\\/2017\\\/07\\\/Aquila-strategie-logo-detective-toulon-nice-monaco-blk.png\",\"contentUrl\":\"https:\\\/\\\/www.astrategie.com\\\/wp-content\\\/uploads\\\/2017\\\/07\\\/Aquila-strategie-logo-detective-toulon-nice-monaco-blk.png\",\"width\":529,\"height\":180,\"caption\":\"D\u00e9tective Priv\u00e9 Aquila Strat\u00e9gie\"},\"image\":{\"@id\":\"https:\\\/\\\/www.astrategie.com\\\/#\\\/schema\\\/logo\\\/image\\\/\"},\"sameAs\":[\"https:\\\/\\\/www.facebook.com\\\/people\\\/Aquila-Stratgie-Cabinet-de-dtective-priv\\\/100078759792102\\\/?viewas&show_switched_toast=false&show_switched_tooltip=false&is_tour_dismissed=false&is_tour_completed=false&show_podcast_settings=false&show_community_review_changes=false&should_open_composer=false&badge_type=NEW_MEMBER&show_community_rollback_toast=false&show_community_rollback=false&show_follower_visibility_disclosure=false&bypass_exit_warning=true\",\"https:\\\/\\\/www.instagram.com\\\/aquilastrategiedetective\\\/\",\"https:\\\/\\\/www.linkedin.com\\\/company\\\/aquila-stratgie\\\/\"]}]}<\/script>\n<!-- \/ Yoast SEO plugin. -->","yoast_head_json":{"title":"Not\u00edcias - Aquila Strat\u00e9gie - D\u00e9tective priv\u00e9","robots":{"index":"index","follow":"follow","max-snippet":"max-snippet:-1","max-image-preview":"max-image-preview:large","max-video-preview":"max-video-preview:-1"},"canonical":"https:\/\/www.astrategie.com\/actualites\/","og_locale":"pt_PT","og_type":"article","og_title":"Not\u00edcias - Aquila Strat\u00e9gie - D\u00e9tective priv\u00e9","og_url":"https:\/\/www.astrategie.com\/actualites\/","og_site_name":"Aquila Strat\u00e9gie - D\u00e9tective priv\u00e9","article_publisher":"https:\/\/www.facebook.com\/people\/Aquila-Stratgie-Cabinet-de-dtective-priv\/100078759792102\/?viewas&show_switched_toast=false&show_switched_tooltip=false&is_tour_dismissed=false&is_tour_completed=false&show_podcast_settings=false&show_community_review_changes=false&should_open_composer=false&badge_type=NEW_MEMBER&show_community_rollback_toast=false&show_community_rollback=false&show_follower_visibility_disclosure=false&bypass_exit_warning=true","article_modified_time":"2024-06-20T14:09:11+00:00","twitter_card":"summary_large_image","twitter_misc":{"Tempo estimado de leitura":"1 minuto"},"schema":{"@context":"https:\/\/schema.org","@graph":[{"@type":"WebPage","@id":"https:\/\/www.astrategie.com\/actualites\/","url":"https:\/\/www.astrategie.com\/actualites\/","name":"Not\u00edcias - Aquila Strat\u00e9gie - D\u00e9tective priv\u00e9","isPartOf":{"@id":"https:\/\/www.astrategie.com\/#website"},"datePublished":"2024-03-05T08:22:01+00:00","dateModified":"2024-06-20T14:09:11+00:00","breadcrumb":{"@id":"https:\/\/www.astrategie.com\/actualites\/#breadcrumb"},"inLanguage":"pt-PT","potentialAction":[{"@type":"ReadAction","target":["https:\/\/www.astrategie.com\/actualites\/"]}]},{"@type":"BreadcrumbList","@id":"https:\/\/www.astrategie.com\/actualites\/#breadcrumb","itemListElement":[{"@type":"ListItem","position":1,"name":"Accueil","item":"https:\/\/www.astrategie.com\/"},{"@type":"ListItem","position":2,"name":"Not\u00edcias"}]},{"@type":"WebSite","@id":"https:\/\/www.astrategie.com\/#website","url":"https:\/\/www.astrategie.com\/","name":"Aquila Strat\u00e9gie d\u00e9tective","description":"Cabinet de d\u00e9tective priv\u00e9","publisher":{"@id":"https:\/\/www.astrategie.com\/#organization"},"alternateName":"Aquila Strat\u00e9gie","potentialAction":[{"@type":"SearchAction","target":{"@type":"EntryPoint","urlTemplate":"https:\/\/www.astrategie.com\/?s={search_term_string}"},"query-input":{"@type":"PropertyValueSpecification","valueRequired":true,"valueName":"search_term_string"}}],"inLanguage":"pt-PT"},{"@type":"Organization","@id":"https:\/\/www.astrategie.com\/#organization","name":"D\u00e9tective Priv\u00e9 Aquila Strat\u00e9gie","alternateName":"Aquila Strat\u00e9gie d\u00e9tective","url":"https:\/\/www.astrategie.com\/","logo":{"@type":"ImageObject","inLanguage":"pt-PT","@id":"https:\/\/www.astrategie.com\/#\/schema\/logo\/image\/","url":"https:\/\/www.astrategie.com\/wp-content\/uploads\/2017\/07\/Aquila-strategie-logo-detective-toulon-nice-monaco-blk.png","contentUrl":"https:\/\/www.astrategie.com\/wp-content\/uploads\/2017\/07\/Aquila-strategie-logo-detective-toulon-nice-monaco-blk.png","width":529,"height":180,"caption":"D\u00e9tective Priv\u00e9 Aquila Strat\u00e9gie"},"image":{"@id":"https:\/\/www.astrategie.com\/#\/schema\/logo\/image\/"},"sameAs":["https:\/\/www.facebook.com\/people\/Aquila-Stratgie-Cabinet-de-dtective-priv\/100078759792102\/?viewas&show_switched_toast=false&show_switched_tooltip=false&is_tour_dismissed=false&is_tour_completed=false&show_podcast_settings=false&show_community_review_changes=false&should_open_composer=false&badge_type=NEW_MEMBER&show_community_rollback_toast=false&show_community_rollback=false&show_follower_visibility_disclosure=false&bypass_exit_warning=true","https:\/\/www.instagram.com\/aquilastrategiedetective\/","https:\/\/www.linkedin.com\/company\/aquila-stratgie\/"]}]}},"_links":{"self":[{"href":"https:\/\/www.astrategie.com\/pt-pt\/wp-json\/wp\/v2\/pages\/10395","targetHints":{"allow":["GET"]}}],"collection":[{"href":"https:\/\/www.astrategie.com\/pt-pt\/wp-json\/wp\/v2\/pages"}],"about":[{"href":"https:\/\/www.astrategie.com\/pt-pt\/wp-json\/wp\/v2\/types\/page"}],"author":[{"embeddable":true,"href":"https:\/\/www.astrategie.com\/pt-pt\/wp-json\/wp\/v2\/users\/2"}],"replies":[{"embeddable":true,"href":"https:\/\/www.astrategie.com\/pt-pt\/wp-json\/wp\/v2\/comments?post=10395"}],"version-history":[{"count":4,"href":"https:\/\/www.astrategie.com\/pt-pt\/wp-json\/wp\/v2\/pages\/10395\/revisions"}],"predecessor-version":[{"id":10403,"href":"https:\/\/www.astrategie.com\/pt-pt\/wp-json\/wp\/v2\/pages\/10395\/revisions\/10403"}],"wp:attachment":[{"href":"https:\/\/www.astrategie.com\/pt-pt\/wp-json\/wp\/v2\/media?parent=10395"}],"curies":[{"name":"wp","href":"https:\/\/api.w.org\/{rel}","templated":true}]}}