{"id":9628,"date":"2024-03-05T09:22:01","date_gmt":"2024-03-05T08:22:01","guid":{"rendered":"https:\/\/www.astrategie.fr\/%d0%bd%d0%be%d0%b2%d0%be%d1%81%d1%82%d0%b8\/"},"modified":"2024-08-05T10:21:39","modified_gmt":"2024-08-05T08:21:39","slug":"%d0%bd%d0%be%d0%b2%d0%be%d1%81%d1%82%d0%b8","status":"publish","type":"page","link":"https:\/\/www.astrategie.com\/ru\/%d0%bd%d0%be%d0%b2%d0%be%d1%81%d1%82%d0%b8\/","title":{"rendered":"\u041d\u043e\u0432\u043e\u0441\u0442\u0438"},"content":{"rendered":"<section class=\"l-section wpb_row us_custom_54e6bcd5 height_medium full_height valign_center color_primary\"><div class=\"l-section-overlay\" style=\"background:rgba(0,0,0,0.60)\"><\/div><div class=\"l-section-h i-cf\"><div class=\"g-cols vc_row via_grid cols_1 laptops-cols_inherit tablets-cols_inherit mobiles-cols_1 valign_top type_default stacking_default\"><div data-us-scroll=\"{&quot;from_initial_position&quot;:&quot;0&quot;,&quot;start_position&quot;:&quot;50%&quot;,&quot;end_position&quot;:&quot;100%&quot;,&quot;delay&quot;:&quot;0.1s&quot;,&quot;translate_y_direction&quot;:&quot;down&quot;,&quot;translate_y_speed&quot;:&quot;0.5x&quot;}\" class=\"wpb_column vc_column_container has_scroll_effects has_translate_y\"><div class=\"vc_column-inner\"><h1 class=\"w-text us_custom_2088eb83\"><span class=\"w-text-h\"><span class=\"w-text-value\">\u041d\u043e\u0432\u043e\u0441\u0442\u0438<\/span><\/span><\/h1><\/div><\/div><\/div><\/div><\/section><section class=\"l-section wpb_row height_custom\"><div class=\"l-section-h i-cf\"><div class=\"g-cols vc_row via_grid cols_1 laptops-cols_inherit tablets-cols_inherit mobiles-cols_1 valign_top type_default stacking_default\"><div class=\"wpb_column vc_column_container\"><div class=\"vc_column-inner\"><div class=\"w-grid us_grid type_grid layout_blog_11 cols_2 pagination_ajax preload_style_spinner ratio_3x2\" id=\"us_grid_1\" style=\"--columns:2;--gap:3.5vh;--item-ratio:0.66667;\" data-filterable=\"true\"><style>@media (max-width:600px){#us_grid_1{--columns:1!important}}.layout_blog_11 .w-grid-item-h{}.layout_blog_11 .usg_post_title_1{font-size:1.4rem!important;font-weight:700!important;margin-bottom:0.5rem!important}.layout_blog_11 .usg_hwrapper_1{color:var(--color-content-faded)!important;font-size:0.9rem!important}.layout_blog_11 .usg_post_taxonomy_1{font-weight:700!important;text-transform:uppercase!important}.layout_blog_11 .usg_post_image_1{margin-top:0.7rem!important}.layout_blog_11 .usg_post_content_1{max-width:600px!important;margin-top:0.8rem!important}@media (max-width:600px){.layout_blog_11 .usg_post_title_1{font-size:1.2rem!important}}<\/style><div class=\"w-grid-list\">\t<article class=\"w-grid-item size_1x1 post-9715 post type-post status-publish format-standard has-post-thumbnail sticky hentry category-55\" data-id=\"9715\">\r\n\t\t<div class=\"w-grid-item-h\">\r\n\t\t\t\t\t\t<h2 class=\"w-post-elm post_title usg_post_title_1 entry-title color_link_inherit\"><a href=\"https:\/\/www.astrategie.com\/ru\/\u0437\u0430\u0447\u0435\u043c-\u0434\u043e\u043a\u0430\u0437\u044b\u0432\u0430\u0442\u044c-\u0444\u0430\u043a\u0442-\u0437\u043b\u043e\u0443\u043f\u043e\u0442\u0440\u0435\u0431\u043b\u0435\u043d\/\">\u0417\u0430\u0447\u0435\u043c \u0434\u043e\u043a\u0430\u0437\u044b\u0432\u0430\u0442\u044c \u0444\u0430\u043a\u0442 \u0437\u043b\u043e\u0443\u043f\u043e\u0442\u0440\u0435\u0431\u043b\u0435\u043d\u0438\u044f \u0447\u0430\u0441\u0442\u043d\u044b\u043c \u0434\u0435\u0442\u0435\u043a\u0442\u0438\u0432\u043e\u043c \u043f\u0440\u0438\u043e\u0441\u0442\u0430\u043d\u043e\u0432\u043a\u043e\u0439 \u0440\u0430\u0431\u043e\u0442\u044b?<\/a><\/h2><div class=\"w-hwrapper usg_hwrapper_1 has_text_color align_none valign_top wrap\"><div class=\"w-post-elm post_taxonomy usg_post_taxonomy_1 style_simple\"><a class=\"term-55 term-%d0%bd%d0%be%d0%b2%d0%be%d1%81%d1%82%d0%b8\" href=\"https:\/\/www.astrategie.com\/ru\/category\/\u043d\u043e\u0432\u043e\u0441\u0442\u0438\/\">\u041d\u043e\u0432\u043e\u0441\u0442\u0438<\/a><\/div><time class=\"w-post-elm post_date usg_post_date_1 entry-date published\" datetime=\"2023-03-07T12:29:20+01:00\" title=\"7 \u043c\u0430\u0440\u0442\u0430 2023 \u0432 12:29:20 Europe\/Paris\">3 \u0433\u043e\u0434\u0430 \u043d\u0430\u0437\u0430\u0434<\/time><\/div><div class=\"w-post-elm post_image usg_post_image_1 stretched\"><a href=\"https:\/\/www.astrategie.com\/ru\/\u0437\u0430\u0447\u0435\u043c-\u0434\u043e\u043a\u0430\u0437\u044b\u0432\u0430\u0442\u044c-\u0444\u0430\u043a\u0442-\u0437\u043b\u043e\u0443\u043f\u043e\u0442\u0440\u0435\u0431\u043b\u0435\u043d\/\" aria-label=\"\u0417\u0430\u0447\u0435\u043c \u0434\u043e\u043a\u0430\u0437\u044b\u0432\u0430\u0442\u044c \u0444\u0430\u043a\u0442 \u0437\u043b\u043e\u0443\u043f\u043e\u0442\u0440\u0435\u0431\u043b\u0435\u043d\u0438\u044f \u0447\u0430\u0441\u0442\u043d\u044b\u043c \u0434\u0435\u0442\u0435\u043a\u0442\u0438\u0432\u043e\u043c \u043f\u0440\u0438\u043e\u0441\u0442\u0430\u043d\u043e\u0432\u043a\u043e\u0439 \u0440\u0430\u0431\u043e\u0442\u044b?\"><img loading=\"lazy\" decoding=\"async\" width=\"1024\" height=\"1024\" src=\"https:\/\/www.astrategie.com\/wp-content\/uploads\/2024\/02\/service-client-mystere-pour-controler-et-ameliorer-les-performances-de-votre-entreprise-aquila-1024x1024.jpg\" class=\"attachment-large size-large wp-post-image\" alt=\"Homme dans un tunnel\" srcset=\"https:\/\/www.astrategie.com\/wp-content\/uploads\/2024\/02\/service-client-mystere-pour-controler-et-ameliorer-les-performances-de-votre-entreprise-aquila-1024x1024.jpg 1024w, https:\/\/www.astrategie.com\/wp-content\/uploads\/2024\/02\/service-client-mystere-pour-controler-et-ameliorer-les-performances-de-votre-entreprise-aquila-300x300.jpg 300w, https:\/\/www.astrategie.com\/wp-content\/uploads\/2024\/02\/service-client-mystere-pour-controler-et-ameliorer-les-performances-de-votre-entreprise-aquila-150x150.jpg 150w, https:\/\/www.astrategie.com\/wp-content\/uploads\/2024\/02\/service-client-mystere-pour-controler-et-ameliorer-les-performances-de-votre-entreprise-aquila.jpg 1080w\" sizes=\"auto, (max-width: 1024px) 100vw, 1024px\" \/><\/a><\/div><div class=\"w-post-elm post_content usg_post_content_1\">\u0417\u0430\u0447\u0435\u043c \u0434\u043e\u043a\u0430\u0437\u044b\u0432\u0430\u0442\u044c \u0444\u0430\u043a\u0442 \u0437\u043b\u043e\u0443\u043f\u043e\u0442\u0440\u0435\u0431\u043b\u0435\u043d\u0438\u044f \u0447\u0430\u0441\u0442\u043d\u044b\u043c \u0434\u0435\u0442\u0435\u043a\u0442\u0438\u0432\u043e\u043c \u043f\u0440\u0438\u043e\u0441\u0442\u0430\u043d\u043e\u0432\u043a\u043e\u0439 \u0440\u0430\u0431\u043e\u0442\u044b?\u0412\u044b \u0441\u043e\u043c\u043d\u0435\u0432\u0430\u0435\u0442\u0435\u0441\u044c \u0432 \u043f\u0440\u0430\u0432\u0434\u0438\u0432\u043e\u0441\u0442\u0438 \u043f\u0440\u0438\u0447\u0438\u043d\u044b \u043f\u0440\u0435\u043a\u0440\u0430\u0449\u0435\u043d\u0438\u044f \u0440\u0430\u0431\u043e\u0442\u044b \u0432\u0430\u0448\u0435\u0433\u043e \u0441\u043e\u0442\u0440\u0443\u0434\u043d\u0438\u043a\u0430? \u0414\u043e\u043a\u0430\u0437\u044b\u0432\u0430\u043d\u0438\u0435 \u0444\u0430\u043a\u0442\u0430 \u043d\u0435\u0434\u043e\u0431\u0440\u043e\u0441\u043e\u0432\u0435\u0441\u0442\u043d\u043e\u0433\u043e \u043f\u0440\u0435\u043a\u0440\u0430\u0449\u0435\u043d\u0438\u044f \u0440\u0430\u0431\u043e\u0442\u044b \u0447\u0430\u0441\u0442\u043d\u044b\u043c \u0434\u0435\u0442\u0435\u043a\u0442\u0438\u0432\u043e\u043c \u0441\u0442\u0430\u043b\u043e \u043e\u0431\u044b\u0447\u043d\u043e\u0439 \u043f\u0440\u0430\u043a\u0442\u0438\u043a\u043e\u0439 \u0434\u043b\u044f \u043c\u043d\u043e\u0433\u0438\u0445 \u043a\u043e\u043c\u043f\u0430\u043d\u0438\u0439. \u0412\u043e-\u043f\u0435\u0440\u0432\u044b\u0445,&hellip;<\/div>\t\t<\/div>\r\n\t\t\t<\/article>\r\n\t<article class=\"w-grid-item size_1x1 post-9711 post type-post status-publish format-standard has-post-thumbnail hentry category-55\" data-id=\"9711\">\r\n\t\t<div class=\"w-grid-item-h\">\r\n\t\t\t\t\t\t<h2 class=\"w-post-elm post_title usg_post_title_1 entry-title color_link_inherit\"><a href=\"https:\/\/www.astrategie.com\/ru\/\u0434\u043e\u043a\u0430\u0436\u0438\u0442\u0435-\u0430\u043a\u0442\u044b-\u043d\u0435\u0434\u043e\u0431\u0440\u043e\u0441\u043e\u0432\u0435\u0441\u0442\u043d\u043e\u0439-\u043a\u043e\u043d\u043a\/\">\u0414\u043e\u043a\u0430\u0436\u0438\u0442\u0435 \u0430\u043a\u0442\u044b \u043d\u0435\u0434\u043e\u0431\u0440\u043e\u0441\u043e\u0432\u0435\u0441\u0442\u043d\u043e\u0439 \u043a\u043e\u043d\u043a\u0443\u0440\u0435\u043d\u0446\u0438\u0438 \u0441 \u043f\u043e\u043c\u043e\u0449\u044c\u044e \u0447\u0430\u0441\u0442\u043d\u043e\u0433\u043e \u0434\u0435\u0442\u0435\u043a\u0442\u0438\u0432\u0430<\/a><\/h2><div class=\"w-hwrapper usg_hwrapper_1 has_text_color align_none valign_top wrap\"><div class=\"w-post-elm post_taxonomy usg_post_taxonomy_1 style_simple\"><a class=\"term-55 term-%d0%bd%d0%be%d0%b2%d0%be%d1%81%d1%82%d0%b8\" href=\"https:\/\/www.astrategie.com\/ru\/category\/\u043d\u043e\u0432\u043e\u0441\u0442\u0438\/\">\u041d\u043e\u0432\u043e\u0441\u0442\u0438<\/a><\/div><time class=\"w-post-elm post_date usg_post_date_1 entry-date published\" datetime=\"2023-03-07T12:32:15+01:00\" title=\"7 \u043c\u0430\u0440\u0442\u0430 2023 \u0432 12:32:15 Europe\/Paris\">3 \u0433\u043e\u0434\u0430 \u043d\u0430\u0437\u0430\u0434<\/time><\/div><div class=\"w-post-elm post_image usg_post_image_1 stretched\"><a href=\"https:\/\/www.astrategie.com\/ru\/\u0434\u043e\u043a\u0430\u0436\u0438\u0442\u0435-\u0430\u043a\u0442\u044b-\u043d\u0435\u0434\u043e\u0431\u0440\u043e\u0441\u043e\u0432\u0435\u0441\u0442\u043d\u043e\u0439-\u043a\u043e\u043d\u043a\/\" aria-label=\"\u0414\u043e\u043a\u0430\u0436\u0438\u0442\u0435 \u0430\u043a\u0442\u044b \u043d\u0435\u0434\u043e\u0431\u0440\u043e\u0441\u043e\u0432\u0435\u0441\u0442\u043d\u043e\u0439 \u043a\u043e\u043d\u043a\u0443\u0440\u0435\u043d\u0446\u0438\u0438 \u0441 \u043f\u043e\u043c\u043e\u0449\u044c\u044e \u0447\u0430\u0441\u0442\u043d\u043e\u0433\u043e \u0434\u0435\u0442\u0435\u043a\u0442\u0438\u0432\u0430\"><img loading=\"lazy\" decoding=\"async\" width=\"1024\" height=\"1024\" src=\"https:\/\/www.astrategie.com\/wp-content\/uploads\/2024\/02\/pourquoi-contacter-notre-agence-detective-privee-antibes.jpg\" class=\"attachment-large size-large wp-post-image\" alt=\"D\u00e9tective qui lit un livre\" srcset=\"https:\/\/www.astrategie.com\/wp-content\/uploads\/2024\/02\/pourquoi-contacter-notre-agence-detective-privee-antibes.jpg 1024w, https:\/\/www.astrategie.com\/wp-content\/uploads\/2024\/02\/pourquoi-contacter-notre-agence-detective-privee-antibes-300x300.jpg 300w, https:\/\/www.astrategie.com\/wp-content\/uploads\/2024\/02\/pourquoi-contacter-notre-agence-detective-privee-antibes-150x150.jpg 150w\" sizes=\"auto, (max-width: 1024px) 100vw, 1024px\" \/><\/a><\/div><div class=\"w-post-elm post_content usg_post_content_1\">\u0414\u043e\u043a\u0430\u0436\u0438\u0442\u0435 \u0430\u043a\u0442\u044b \u043d\u0435\u0434\u043e\u0431\u0440\u043e\u0441\u043e\u0432\u0435\u0441\u0442\u043d\u043e\u0439 \u043a\u043e\u043d\u043a\u0443\u0440\u0435\u043d\u0446\u0438\u0438 \u0441 \u043f\u043e\u043c\u043e\u0449\u044c\u044e \u0447\u0430\u0441\u0442\u043d\u043e\u0433\u043e \u0434\u0435\u0442\u0435\u043a\u0442\u0438\u0432\u0430\u0427\u0442\u043e \u0442\u0430\u043a\u043e\u0435 \u043d\u0435\u0434\u043e\u0431\u0440\u043e\u0441\u043e\u0432\u0435\u0441\u0442\u043d\u0430\u044f \u043a\u043e\u043d\u043a\u0443\u0440\u0435\u043d\u0446\u0438\u044f? \u041d\u0435\u0434\u043e\u0431\u0440\u043e\u0441\u043e\u0432\u0435\u0441\u0442\u043d\u0430\u044f \u043a\u043e\u043d\u043a\u0443\u0440\u0435\u043d\u0446\u0438\u044f \u2013 \u044d\u0442\u043e \u043a\u043e\u043c\u043c\u0435\u0440\u0447\u0435\u0441\u043a\u0430\u044f \u043f\u0440\u0430\u043a\u0442\u0438\u043a\u0430 , \u043a\u043e\u0442\u043e\u0440\u0430\u044f \u043f\u0440\u043e\u0442\u0438\u0432\u043e\u0440\u0435\u0447\u0438\u0442 \u0441\u043f\u0440\u0430\u0432\u0435\u0434\u043b\u0438\u0432\u043e\u0441\u0442\u0438, \u043e\u0431\u044b\u0447\u0430\u044f\u043c \u0438 \u043f\u0440\u0430\u0432\u0438\u043b\u0430\u043c , \u0440\u0435\u0433\u0443\u043b\u0438\u0440\u0443\u044e\u0449\u0438\u043c \u043f\u0440\u0438\u043d\u0446\u0438\u043f\u044b \u043a\u043e\u043d\u043a\u0443\u0440\u0435\u043d\u0446\u0438\u0438. \u041e\u043d\u043e \u0437\u0430\u043a\u043b\u044e\u0447\u0430\u0435\u0442\u0441\u044f&hellip;<\/div>\t\t<\/div>\r\n\t\t\t<\/article>\r\n<\/div>\t<div class=\"w-grid-preloader\">\r\n\t\t<div class=\"g-preloader type_1\">\r\n\t\t\t<div><\/div>\r\n\t\t<\/div>\r\n\t<\/div>\r\n\t\t<div class=\"w-grid-json hidden\" onclick='return {&quot;action&quot;:&quot;us_ajax_grid&quot;,&quot;infinite_scroll&quot;:0,&quot;max_num_pages&quot;:1,&quot;pagination&quot;:&quot;ajax&quot;,&quot;template_vars&quot;:{&quot;columns&quot;:&quot;2&quot;,&quot;exclude_items&quot;:&quot;none&quot;,&quot;img_size&quot;:&quot;default&quot;,&quot;ignore_items_size&quot;:0,&quot;items_layout&quot;:&quot;blog_11&quot;,&quot;items_offset&quot;:&quot;1&quot;,&quot;load_animation&quot;:&quot;none&quot;,&quot;overriding_link&quot;:&quot;%7B%22url%22%3A%22%22%7D&quot;,&quot;post_id&quot;:0,&quot;query_args&quot;:{&quot;post_type&quot;:[&quot;post&quot;],&quot;post_status&quot;:[&quot;publish&quot;],&quot;posts_per_page&quot;:&quot;10&quot;},&quot;orderby_query_args&quot;:{&quot;orderby&quot;:{&quot;date&quot;:&quot;DESC&quot;}},&quot;type&quot;:&quot;grid&quot;,&quot;us_grid_post_type&quot;:&quot;post&quot;,&quot;us_grid_ajax_index&quot;:1,&quot;us_grid_filter_query_string&quot;:null,&quot;us_grid_index&quot;:1,&quot;page_args&quot;:[],&quot;lang&quot;:&quot;ru&quot;}}'><\/div>\r\n\t<\/div><\/div><\/div><\/div><\/div><\/section>\n","protected":false},"excerpt":{"rendered":"\u0414\u043e\u043a\u0430\u0436\u0438\u0442\u0435 \u0430\u043a\u0442\u044b \u043d\u0435\u0434\u043e\u0431\u0440\u043e\u0441\u043e\u0432\u0435\u0441\u0442\u043d\u043e\u0439 \u043a\u043e\u043d\u043a\u0443\u0440\u0435\u043d\u0446\u0438\u0438 \u0441 \u043f\u043e\u043c\u043e\u0449\u044c\u044e \u0447\u0430\u0441\u0442\u043d\u043e\u0433\u043e \u0434\u0435\u0442\u0435\u043a\u0442\u0438\u0432\u0430\u0427\u0442\u043e \u0442\u0430\u043a\u043e\u0435 \u043d\u0435\u0434\u043e\u0431\u0440\u043e\u0441\u043e\u0432\u0435\u0441\u0442\u043d\u0430\u044f \u043a\u043e\u043d\u043a\u0443\u0440\u0435\u043d\u0446\u0438\u044f? \u041d\u0435\u0434\u043e\u0431\u0440\u043e\u0441\u043e\u0432\u0435\u0441\u0442\u043d\u0430\u044f \u043a\u043e\u043d\u043a\u0443\u0440\u0435\u043d\u0446\u0438\u044f \u2013 \u044d\u0442\u043e \u043a\u043e\u043c\u043c\u0435\u0440\u0447\u0435\u0441\u043a\u0430\u044f \u043f\u0440\u0430\u043a\u0442\u0438\u043a\u0430 , \u043a\u043e\u0442\u043e\u0440\u0430\u044f \u043f\u0440\u043e\u0442\u0438\u0432\u043e\u0440\u0435\u0447\u0438\u0442 \u0441\u043f\u0440\u0430\u0432\u0435\u0434\u043b\u0438\u0432\u043e\u0441\u0442\u0438, \u043e\u0431\u044b\u0447\u0430\u044f\u043c \u0438 \u043f\u0440\u0430\u0432\u0438\u043b\u0430\u043c , \u0440\u0435\u0433\u0443\u043b\u0438\u0440\u0443\u044e\u0449\u0438\u043c \u043f\u0440\u0438\u043d\u0446\u0438\u043f\u044b \u043a\u043e\u043d\u043a\u0443\u0440\u0435\u043d\u0446\u0438\u0438. \u041e\u043d\u043e \u0437\u0430\u043a\u043b\u044e\u0447\u0430\u0435\u0442\u0441\u044f \u0432 \u043f\u043e\u0432\u0435\u0434\u0435\u043d\u0438\u0438, \u043f\u0440\u043e\u0442\u0438\u0432\u043e\u0440\u0435\u0447\u0430\u0449\u0435\u043c \u044d\u0442\u0438\u043a\u0435 \u0438 \u0437\u0430\u043a\u043e\u043d\u0443 , \u0441 \u0446\u0435\u043b\u044c\u044e \u043f\u043e\u043b\u0443\u0447\u0435\u043d\u0438\u044f \u043d\u0435\u0441\u043f\u0440\u0430\u0432\u0435\u0434\u043b\u0438\u0432\u043e\u0433\u043e \u043a\u043e\u043d\u043a\u0443\u0440\u0435\u043d\u0442\u043d\u043e\u0433\u043e \u043f\u0440\u0435\u0438\u043c\u0443\u0449\u0435\u0441\u0442\u0432\u0430 \u043f\u0435\u0440\u0435\u0434 \u0434\u0440\u0443\u0433\u0438\u043c\u0438 \u043a\u043e\u043c\u043f\u0430\u043d\u0438\u044f\u043c\u0438 \u0432 \u0442\u043e\u043c \u0436\u0435 \u0441\u0435\u043a\u0442\u043e\u0440\u0435 \u0434\u0435\u044f\u0442\u0435\u043b\u044c\u043d\u043e\u0441\u0442\u0438 . \u042d\u0442\u0430 \u043f\u0440\u0430\u043a\u0442\u0438\u043a\u0430 \u043c\u043e\u0436\u0435\u0442...","protected":false},"author":2,"featured_media":0,"parent":0,"menu_order":16,"comment_status":"closed","ping_status":"closed","template":"","meta":{"footnotes":""},"class_list":["post-9628","page","type-page","status-publish","hentry"],"yoast_head":"<!-- This site is optimized with the Yoast SEO plugin v27.4 - https:\/\/yoast.com\/product\/yoast-seo-wordpress\/ -->\n<title>\u041d\u043e\u0432\u043e\u0441\u0442\u0438 - Aquila Strat\u00e9gie - D\u00e9tective priv\u00e9<\/title>\n<meta name=\"robots\" content=\"index, follow, max-snippet:-1, max-image-preview:large, max-video-preview:-1\" \/>\n<link rel=\"canonical\" href=\"https:\/\/www.astrategie.com\/actualites\/\" \/>\n<meta property=\"og:locale\" content=\"ru_RU\" \/>\n<meta property=\"og:type\" content=\"article\" \/>\n<meta property=\"og:title\" content=\"\u041d\u043e\u0432\u043e\u0441\u0442\u0438 - Aquila Strat\u00e9gie - D\u00e9tective priv\u00e9\" \/>\n<meta property=\"og:url\" content=\"https:\/\/www.astrategie.com\/actualites\/\" \/>\n<meta property=\"og:site_name\" content=\"Aquila Strat\u00e9gie - D\u00e9tective priv\u00e9\" \/>\n<meta property=\"article:publisher\" content=\"https:\/\/www.facebook.com\/people\/Aquila-Stratgie-Cabinet-de-dtective-priv\/100078759792102\/?viewas&amp;show_switched_toast=false&amp;show_switched_tooltip=false&amp;is_tour_dismissed=false&amp;is_tour_completed=false&amp;show_podcast_settings=false&amp;show_community_review_changes=false&amp;should_open_composer=false&amp;badge_type=NEW_MEMBER&amp;show_community_rollback_toast=false&amp;show_community_rollback=false&amp;show_follower_visibility_disclosure=false&amp;bypass_exit_warning=true\" \/>\n<meta property=\"article:modified_time\" content=\"2024-08-05T08:21:39+00:00\" \/>\n<meta name=\"twitter:card\" content=\"summary_large_image\" \/>\n<meta name=\"twitter:label1\" content=\"\u041f\u0440\u0438\u043c\u0435\u0440\u043d\u043e\u0435 \u0432\u0440\u0435\u043c\u044f \u0434\u043b\u044f \u0447\u0442\u0435\u043d\u0438\u044f\" \/>\n\t<meta name=\"twitter:data1\" content=\"1 \u043c\u0438\u043d\u0443\u0442\u0430\" \/>\n<script type=\"application\/ld+json\" class=\"yoast-schema-graph\">{\"@context\":\"https:\\\/\\\/schema.org\",\"@graph\":[{\"@type\":\"WebPage\",\"@id\":\"https:\\\/\\\/www.astrategie.com\\\/actualites\\\/\",\"url\":\"https:\\\/\\\/www.astrategie.com\\\/actualites\\\/\",\"name\":\"\u041d\u043e\u0432\u043e\u0441\u0442\u0438 - Aquila Strat\u00e9gie - D\u00e9tective priv\u00e9\",\"isPartOf\":{\"@id\":\"https:\\\/\\\/www.astrategie.com\\\/#website\"},\"datePublished\":\"2024-03-05T08:22:01+00:00\",\"dateModified\":\"2024-08-05T08:21:39+00:00\",\"breadcrumb\":{\"@id\":\"https:\\\/\\\/www.astrategie.com\\\/actualites\\\/#breadcrumb\"},\"inLanguage\":\"ru-RU\",\"potentialAction\":[{\"@type\":\"ReadAction\",\"target\":[\"https:\\\/\\\/www.astrategie.com\\\/actualites\\\/\"]}]},{\"@type\":\"BreadcrumbList\",\"@id\":\"https:\\\/\\\/www.astrategie.com\\\/actualites\\\/#breadcrumb\",\"itemListElement\":[{\"@type\":\"ListItem\",\"position\":1,\"name\":\"Accueil\",\"item\":\"https:\\\/\\\/www.astrategie.com\\\/\"},{\"@type\":\"ListItem\",\"position\":2,\"name\":\"\u041d\u043e\u0432\u043e\u0441\u0442\u0438\"}]},{\"@type\":\"WebSite\",\"@id\":\"https:\\\/\\\/www.astrategie.com\\\/#website\",\"url\":\"https:\\\/\\\/www.astrategie.com\\\/\",\"name\":\"Aquila Strat\u00e9gie d\u00e9tective\",\"description\":\"Cabinet de d\u00e9tective priv\u00e9\",\"publisher\":{\"@id\":\"https:\\\/\\\/www.astrategie.com\\\/#organization\"},\"alternateName\":\"Aquila Strat\u00e9gie\",\"potentialAction\":[{\"@type\":\"SearchAction\",\"target\":{\"@type\":\"EntryPoint\",\"urlTemplate\":\"https:\\\/\\\/www.astrategie.com\\\/?s={search_term_string}\"},\"query-input\":{\"@type\":\"PropertyValueSpecification\",\"valueRequired\":true,\"valueName\":\"search_term_string\"}}],\"inLanguage\":\"ru-RU\"},{\"@type\":\"Organization\",\"@id\":\"https:\\\/\\\/www.astrategie.com\\\/#organization\",\"name\":\"D\u00e9tective Priv\u00e9 Aquila Strat\u00e9gie\",\"alternateName\":\"Aquila Strat\u00e9gie d\u00e9tective\",\"url\":\"https:\\\/\\\/www.astrategie.com\\\/\",\"logo\":{\"@type\":\"ImageObject\",\"inLanguage\":\"ru-RU\",\"@id\":\"https:\\\/\\\/www.astrategie.com\\\/#\\\/schema\\\/logo\\\/image\\\/\",\"url\":\"https:\\\/\\\/www.astrategie.com\\\/wp-content\\\/uploads\\\/2017\\\/07\\\/Aquila-strategie-logo-detective-toulon-nice-monaco-blk.png\",\"contentUrl\":\"https:\\\/\\\/www.astrategie.com\\\/wp-content\\\/uploads\\\/2017\\\/07\\\/Aquila-strategie-logo-detective-toulon-nice-monaco-blk.png\",\"width\":529,\"height\":180,\"caption\":\"D\u00e9tective Priv\u00e9 Aquila Strat\u00e9gie\"},\"image\":{\"@id\":\"https:\\\/\\\/www.astrategie.com\\\/#\\\/schema\\\/logo\\\/image\\\/\"},\"sameAs\":[\"https:\\\/\\\/www.facebook.com\\\/people\\\/Aquila-Stratgie-Cabinet-de-dtective-priv\\\/100078759792102\\\/?viewas&show_switched_toast=false&show_switched_tooltip=false&is_tour_dismissed=false&is_tour_completed=false&show_podcast_settings=false&show_community_review_changes=false&should_open_composer=false&badge_type=NEW_MEMBER&show_community_rollback_toast=false&show_community_rollback=false&show_follower_visibility_disclosure=false&bypass_exit_warning=true\",\"https:\\\/\\\/www.instagram.com\\\/aquilastrategiedetective\\\/\",\"https:\\\/\\\/www.linkedin.com\\\/company\\\/aquila-stratgie\\\/\"]}]}<\/script>\n<!-- \/ Yoast SEO plugin. -->","yoast_head_json":{"title":"\u041d\u043e\u0432\u043e\u0441\u0442\u0438 - Aquila Strat\u00e9gie - D\u00e9tective priv\u00e9","robots":{"index":"index","follow":"follow","max-snippet":"max-snippet:-1","max-image-preview":"max-image-preview:large","max-video-preview":"max-video-preview:-1"},"canonical":"https:\/\/www.astrategie.com\/actualites\/","og_locale":"ru_RU","og_type":"article","og_title":"\u041d\u043e\u0432\u043e\u0441\u0442\u0438 - Aquila Strat\u00e9gie - D\u00e9tective priv\u00e9","og_url":"https:\/\/www.astrategie.com\/actualites\/","og_site_name":"Aquila Strat\u00e9gie - D\u00e9tective priv\u00e9","article_publisher":"https:\/\/www.facebook.com\/people\/Aquila-Stratgie-Cabinet-de-dtective-priv\/100078759792102\/?viewas&show_switched_toast=false&show_switched_tooltip=false&is_tour_dismissed=false&is_tour_completed=false&show_podcast_settings=false&show_community_review_changes=false&should_open_composer=false&badge_type=NEW_MEMBER&show_community_rollback_toast=false&show_community_rollback=false&show_follower_visibility_disclosure=false&bypass_exit_warning=true","article_modified_time":"2024-08-05T08:21:39+00:00","twitter_card":"summary_large_image","twitter_misc":{"\u041f\u0440\u0438\u043c\u0435\u0440\u043d\u043e\u0435 \u0432\u0440\u0435\u043c\u044f \u0434\u043b\u044f \u0447\u0442\u0435\u043d\u0438\u044f":"1 \u043c\u0438\u043d\u0443\u0442\u0430"},"schema":{"@context":"https:\/\/schema.org","@graph":[{"@type":"WebPage","@id":"https:\/\/www.astrategie.com\/actualites\/","url":"https:\/\/www.astrategie.com\/actualites\/","name":"\u041d\u043e\u0432\u043e\u0441\u0442\u0438 - Aquila Strat\u00e9gie - D\u00e9tective priv\u00e9","isPartOf":{"@id":"https:\/\/www.astrategie.com\/#website"},"datePublished":"2024-03-05T08:22:01+00:00","dateModified":"2024-08-05T08:21:39+00:00","breadcrumb":{"@id":"https:\/\/www.astrategie.com\/actualites\/#breadcrumb"},"inLanguage":"ru-RU","potentialAction":[{"@type":"ReadAction","target":["https:\/\/www.astrategie.com\/actualites\/"]}]},{"@type":"BreadcrumbList","@id":"https:\/\/www.astrategie.com\/actualites\/#breadcrumb","itemListElement":[{"@type":"ListItem","position":1,"name":"Accueil","item":"https:\/\/www.astrategie.com\/"},{"@type":"ListItem","position":2,"name":"\u041d\u043e\u0432\u043e\u0441\u0442\u0438"}]},{"@type":"WebSite","@id":"https:\/\/www.astrategie.com\/#website","url":"https:\/\/www.astrategie.com\/","name":"Aquila Strat\u00e9gie d\u00e9tective","description":"Cabinet de d\u00e9tective priv\u00e9","publisher":{"@id":"https:\/\/www.astrategie.com\/#organization"},"alternateName":"Aquila Strat\u00e9gie","potentialAction":[{"@type":"SearchAction","target":{"@type":"EntryPoint","urlTemplate":"https:\/\/www.astrategie.com\/?s={search_term_string}"},"query-input":{"@type":"PropertyValueSpecification","valueRequired":true,"valueName":"search_term_string"}}],"inLanguage":"ru-RU"},{"@type":"Organization","@id":"https:\/\/www.astrategie.com\/#organization","name":"D\u00e9tective Priv\u00e9 Aquila Strat\u00e9gie","alternateName":"Aquila Strat\u00e9gie d\u00e9tective","url":"https:\/\/www.astrategie.com\/","logo":{"@type":"ImageObject","inLanguage":"ru-RU","@id":"https:\/\/www.astrategie.com\/#\/schema\/logo\/image\/","url":"https:\/\/www.astrategie.com\/wp-content\/uploads\/2017\/07\/Aquila-strategie-logo-detective-toulon-nice-monaco-blk.png","contentUrl":"https:\/\/www.astrategie.com\/wp-content\/uploads\/2017\/07\/Aquila-strategie-logo-detective-toulon-nice-monaco-blk.png","width":529,"height":180,"caption":"D\u00e9tective Priv\u00e9 Aquila Strat\u00e9gie"},"image":{"@id":"https:\/\/www.astrategie.com\/#\/schema\/logo\/image\/"},"sameAs":["https:\/\/www.facebook.com\/people\/Aquila-Stratgie-Cabinet-de-dtective-priv\/100078759792102\/?viewas&show_switched_toast=false&show_switched_tooltip=false&is_tour_dismissed=false&is_tour_completed=false&show_podcast_settings=false&show_community_review_changes=false&should_open_composer=false&badge_type=NEW_MEMBER&show_community_rollback_toast=false&show_community_rollback=false&show_follower_visibility_disclosure=false&bypass_exit_warning=true","https:\/\/www.instagram.com\/aquilastrategiedetective\/","https:\/\/www.linkedin.com\/company\/aquila-stratgie\/"]}]}},"_links":{"self":[{"href":"https:\/\/www.astrategie.com\/ru\/wp-json\/wp\/v2\/pages\/9628","targetHints":{"allow":["GET"]}}],"collection":[{"href":"https:\/\/www.astrategie.com\/ru\/wp-json\/wp\/v2\/pages"}],"about":[{"href":"https:\/\/www.astrategie.com\/ru\/wp-json\/wp\/v2\/types\/page"}],"author":[{"embeddable":true,"href":"https:\/\/www.astrategie.com\/ru\/wp-json\/wp\/v2\/users\/2"}],"replies":[{"embeddable":true,"href":"https:\/\/www.astrategie.com\/ru\/wp-json\/wp\/v2\/comments?post=9628"}],"version-history":[{"count":15,"href":"https:\/\/www.astrategie.com\/ru\/wp-json\/wp\/v2\/pages\/9628\/revisions"}],"predecessor-version":[{"id":11235,"href":"https:\/\/www.astrategie.com\/ru\/wp-json\/wp\/v2\/pages\/9628\/revisions\/11235"}],"wp:attachment":[{"href":"https:\/\/www.astrategie.com\/ru\/wp-json\/wp\/v2\/media?parent=9628"}],"curies":[{"name":"wp","href":"https:\/\/api.w.org\/{rel}","templated":true}]}}